{"id":4340,"date":"2024-04-18T10:17:39","date_gmt":"2024-04-18T07:17:39","guid":{"rendered":"https:\/\/alirarealestate.com\/catalog\/buy\/dubai\/palm-jumeirah\/"},"modified":"2025-04-23T23:11:32","modified_gmt":"2025-04-23T20:11:32","slug":"palm-jumeirah","status":"publish","type":"page","link":"https:\/\/alirarealestate.com\/de\/catalog\/buy\/dubai\/palm-jumeirah\/","title":{"rendered":"Immobilien zum Verkauf in Palm Jumeirah"},"content":{"rendered":"<section class=\"wpb-content-wrapper\"><div class=\"vc_row wpb_row vc_row-fluid vc_row\"><div class=\"wpb_column vc_column_container vc_col-sm-12 vc_column\"><div class=\"vc_column-inner\"><div class=\"wpb_wrapper\">\n\t<div class=\"wpb_text_column wpb_content_element  vc_column_text\" >\n\t\t<div class=\"wpb_wrapper\">\n\t\t\t<p><span style=\"font-weight: 400;\">Palm Jumeirah ist eine exotische k\u00fcnstliche Insel in Form einer Palme, die im Persischen Golf vor der K\u00fcste Dubais angelegt wurde. Das Ausma\u00df dieses Projekts ist weltweit einzigartig, weshalb der Archipel auch als achtes Weltwunder bezeichnet wird. Immobilien in Palm Jumeirah sind bei K\u00e4ufern sehr beliebt. Zum Verkauf werden respektable Villen und Apartments der Premiumklasse angeboten, die sich ideal zum Wohnen und Vermieten eignen. Die Atmosph\u00e4re des Luxus in Kombination mit der entwickelten Infrastruktur und dem Resortleben sind die Vorteile der Insel, die das Wohnen hier zu einer hervorragenden Investition machen.<\/span><\/p>\n<p>&nbsp;<\/p>\n<h2><b>Vorteile des Kaufs<\/b><b> Immobilien in Palm Jumeirah<\/b><\/h2>\n<p>&nbsp;<\/p>\n<p><span style=\"font-weight: 400;\">Der Archipel zieht Touristen und potenzielle Investoren an. Viele ausl\u00e4ndische B\u00fcrger streben danach, in Quadratmeter in Palm Jumeirah zu investieren, da sie sich durch eine hohe Kapitalrendite auszeichnen. Der Kauf von Immobilien in Palm Jumeirah, VAE, hat viele Vorteile:<\/span><\/p>\n<p>&nbsp;<\/p>\n<ul>\n<li><span style=\"font-weight: 400;\">N\u00e4he zu Str\u00e4nden. Alle Villen und mehrst\u00f6ckigen Geb\u00e4ude liegen direkt an der K\u00fcste, neben gepflegten Sandstr\u00e4nden. Jedes Fenster bietet einen atemberaubenden Blick auf den Persischen Golf.<\/span><\/li>\n<li><span style=\"font-weight: 400;\">G\u00fcnstige Lage. Mit dem eigenen Transportmittel oder der Einschienenbahn erreichen Sie den zentralen Teil Dubais in nur 30 Minuten.<\/span><\/li>\n<li><span style=\"font-weight: 400;\">Komfortables Wohnen. Die Infrastruktur auf der Insel ist gut ausgebaut \u2013 es gibt Gesch\u00e4fte, Restaurants, Kinos, medizinische Einrichtungen.<\/span><\/li>\n<li><span style=\"font-weight: 400;\">Zahlreiche Attraktionen. Die Bewohner von Palm Jumeirah k\u00f6nnen den Wild Wadi Waterpark, Aquarien und Unterhaltungszentren genie\u00dfen. In der N\u00e4he erhebt sich der Burj Khalifa-Turm und der Flughafen Dubai ist in 20 Minuten zu erreichen.<\/span><\/li>\n<li><span style=\"font-weight: 400;\">M\u00f6glichkeit, eine Aufenthaltserlaubnis zu erhalten. Nach dem Kauf einer Immobilie erhalten Ausl\u00e4nder automatisch ein Dreijahresvisum. Der Mindestkaufbetrag muss 1,3 Millionen AED (204.000 $) betragen.<\/span><\/li>\n<\/ul>\n<p>&nbsp;<\/p>\n<h2><b>Infrastruktur des Palm Jumeirah-Gebiets<\/b><\/h2>\n<p>&nbsp;<\/p>\n<p><span style=\"font-weight: 400;\">Der Archipel wurde von der Entwicklungsfirma Nakheel gebaut. Bei der Entwicklung des Projekts verwendeten die Spezialisten ein einzigartiges Baukonzept, das eine klare Anordnung von Wohnraum und Infrastruktur entsprechend ihrem Zweck vorsieht:<\/span><\/p>\n<p>&nbsp;<\/p>\n<ul>\n<li><span style=\"font-weight: 400;\">Gesch\u00e4fte und Freizeiteinrichtungen befinden sich im axialen Teil der Insel.<\/span><\/li>\n<li><span style=\"font-weight: 400;\">Modische Villen befinden sich auf den \u201eBl\u00e4ttern\u201c der Palme und sind 2-3 Stockwerke hoch. Alle Objekte sind in einem einheitlichen architektonischen Stil gestaltet, fast jede Villa hat einen eigenen Strand.<\/span><\/li>\n<li><span style=\"font-weight: 400;\">Der \u00e4u\u00dfere Teil in Form eines Halbmonds wird von Hotels und touristischen Unterhaltungszentren eingenommen. Gleichzeitig dienen diese Gebiete als Wellenbrecher und verhindern gro\u00dfe Wellen an den Str\u00e4nden.<\/span><\/li>\n<li><span style=\"font-weight: 400;\">Die Basis des Archipels ist f\u00fcr Bildungseinrichtungen und private Kliniken reserviert, die nicht nur von den Bewohnern der Insel, sondern auch von Festlandbewohnern aus Dubai besucht werden k\u00f6nnen.<br \/>\n<\/span><\/li>\n<\/ul>\n<p><span style=\"font-weight: 400;\">Das einzige Hochhaus auf der Insel ist das 22-st\u00f6ckige Hotel Atlantis The Palm. Auf seinem Territorium gibt es mehr als ein Dutzend Restaurants, ein Delphinarium und ein Aquarium \u201eLost World\u201c. Die Insel ist durch eine Br\u00fccke, die zur Autobahn f\u00fchrt, mit dem Festland verbunden.<\/span><\/p>\n\n\t\t<\/div>\n\t<\/div>\n<\/div><\/div><\/div><\/div><div class=\"vc_row wpb_row vc_row-fluid vc_row\"><div class=\"wpb_column vc_column_container vc_col-sm-12 vc_column\"><div class=\"vc_column-inner\"><div class=\"wpb_wrapper\">\n\t<div class=\"wpb_text_column wpb_content_element  vc_column_text\" >\n\t\t<div class=\"wpb_wrapper\">\n\t\t\t<h2><b>Haupttypen von <\/b><b>Immobilien auf der Palm Jumeirah<\/b><\/h2>\n<p>&nbsp;<\/p>\n<p><span style=\"font-weight: 400;\">Auf dem Territorium des Archipels wurden viele Wohnkomplexe errichtet, die aus privaten Residenzen und mehrst\u00f6ckigen Geb\u00e4uden bestehen. Immobilien in Palm Jumeirah werden in Wohnkomplexen wie Soho Palm, SLS Residences, Palm Views und vielen anderen verkauft. K\u00e4ufern wird Folgendes angeboten:<\/span><\/p>\n<p>&nbsp;<\/p>\n<ul>\n<li><span style=\"font-weight: 400;\"><a href=\"https:\/\/alirarealestate.com\/de\/catalog\/buy\/dubai\/palm-jumeirah\/apartments\/\">Wohnungen<\/a> \u2013 befinden sich in Wohnkomplexen, die \u00fcberwiegend auf dem Festland am Fu\u00dfe der Palme gebaut sind. Investoren k\u00f6nnen zwischen Ein- bis F\u00fcnfzimmerwohnungen, kompakten Studios, Elite- oder preiswerten Wohnungen und Wohnungen am Meer w\u00e4hlen.<\/span><\/li>\n<li><span style=\"font-weight: 400;\"><a href=\"https:\/\/alirarealestate.com\/de\/catalog\/buy\/dubai\/palm-jumeirah\/villas\/\">Villen<\/a> \u2013 Luxusvillen mit allen Annehmlichkeiten, einschlie\u00dflich offener Terrassen, Pools und privater Strandbereiche. Sie befinden sich in zwei Reihen auf den \u201eBl\u00e4ttern\u201c der Palme, auf beiden Seiten der Asphaltstra\u00dfe.<\/span><\/li>\n<li><span style=\"font-weight: 400;\">Penthouses \u2013 befinden sich unter den D\u00e4chern von Wohnkomplexen und nehmen normalerweise ganze Stockwerke ein. Geh\u00f6ren zu Elite-Immobilien, haben eigene Terrassen oder offene Plattformen auf dem Dach mit atemberaubendem Panoramablick auf die Weiten des Meeres.<\/span><\/li>\n<li><span style=\"font-weight: 400;\">Reihenh\u00e4user \u2013 zwei- oder dreist\u00f6ckige Wohnungen mit eigenem Ausgang zur Stra\u00dfe, manchmal mit eigenem Grundst\u00fcck oder Privatstrand.<\/span><\/li>\n<li><span style=\"font-weight: 400;\">Gewerbeimmobilien \u2013 haupts\u00e4chlich Hotels und B\u00fcror\u00e4ume. Solche Optionen werden von Unternehmern h\u00e4ufig als Gesch\u00e4ftsimmobilien gew\u00e4hlt.<\/span><\/li>\n<\/ul>\n<p>&nbsp;<\/p>\n<h2><b>Preise f\u00fcr Wohnungen in Palm Jumeirah<\/b><\/h2>\n<p>&nbsp;<\/p>\n<p><span style=\"font-weight: 400;\">Die Insel ist einer der teuersten Standorte in Dubai. Die Kosten f\u00fcr Immobilien in Palm Jumeirah h\u00e4ngen von der Art der Unterkunft, der Anzahl der Zimmer und der Gesamtfl\u00e4che ab. Ab 2023 beginnen die Preise bei durchschnittlich 900.000 AED. F\u00fcr diesen Betrag k\u00f6nnen Sie ein Studio mit einer Fl\u00e4che von etwa 38 Quadratmetern kaufen. Eine Wohnung mit einer Fl\u00e4che von 52 Quadratmetern und einem Schlafzimmer kostet etwa 1.050.000 AED.<\/span><\/p>\n<p>&nbsp;<\/p>\n<p><span style=\"font-weight: 400;\">Finden <\/span><span style=\"font-weight: 400;\">Anwesen auf der Palm Jumeirah<\/span><span style=\"font-weight: 400;\">s f\u00fcr diesen Preis kann schwierig sein, da die meisten Angebote auf der Insel h\u00f6here Preise haben. Beispielsweise kostet ein Penthouse mit vier Schlafzimmern und sechs Badezimmern 450 Millionen AED und eine Villa mit sechs Schlafzimmern und sieben Badezimmern 225 Millionen AED.<\/span><\/p>\n<p>&nbsp;<\/p>\n<p><span style=\"font-weight: 400;\">Die Insel ist eine Freehold-Zone, sodass ein ausl\u00e4ndischer B\u00fcrger beim Kauf einer Immobilie diese als Privateigentum registrieren kann. Trotz der hohen Immobilienpreise auf Palm Jumeirah sind Wohnungen und Villen auf der Insel bei K\u00e4ufern weiterhin gefragt.<\/span><\/p>\n<p>&nbsp;<\/p>\n<p><span style=\"font-weight: 400;\">Die Atmosph\u00e4re von Komfort und Luxus auf dem Archipel zieht viele wohlhabende Menschen an. Familien mit Kindern, \u00e4ltere Paare sowie Strandliebhaber und Unterhaltungsbegeisterte lassen sich hier gerne nieder. Der Gro\u00dfteil der Gemeinde in Palm Jumeirah liegt an der K\u00fcste. Einige Wohnkomplexe haben Zugang zu privaten Str\u00e4nden, die mit Umkleidekabinen, Duschen, Sonnenschirmen und Sonnenliegen ausgestattet sind.<\/span><\/p>\n<p>&nbsp;<\/p>\n<p><span style=\"font-weight: 400;\">Alle Wohnkomplexe auf der Insel verf\u00fcgen \u00fcber eine gute Infrastruktur. Den Bewohnern stehen Restaurants, Saunen, Gesch\u00e4fte, Schwimmb\u00e4der und Fitnessstudios zur Verf\u00fcgung. Gro\u00dfe Einkaufszentren sowie medizinische und Bildungseinrichtungen befinden sich in der N\u00e4he der Wohnviertel. Eine Zweigstelle der Heriot Watt University liegt beispielsweise 15 Autominuten entfernt, und die Kindertagesst\u00e4tte Unicorn Universe befindet sich in Dubai Marina (etwa 10 Autominuten entfernt).<\/span><\/p>\n\n\t\t<\/div>\n\t<\/div>\n<\/div><\/div><\/div><\/div><div class=\"vc_row wpb_row vc_row-fluid vc_row\"><div class=\"wpb_column vc_column_container vc_col-sm-12 vc_column\"><div class=\"vc_column-inner\"><div class=\"wpb_wrapper\">\n\t<div class=\"wpb_text_column wpb_content_element  vc_column_text\" >\n\t\t<div class=\"wpb_wrapper\">\n\t\t\t<h2><b>In Immobilien auf Palm Jumeirah investieren<\/b><\/h2>\n<p>&nbsp;<\/p>\n<p><span style=\"font-weight: 400;\">Immobilien zum Verkauf in Palm Jumeirah, Dubai <\/span><span style=\"font-weight: 400;\">wird oft als erfolgreiche Investition angesehen. Die Kosten f\u00fcr Wohnungen in dieser Gegend steigen t\u00e4glich, was Wohnungen und Villen zu einer hervorragenden M\u00f6glichkeit macht, Kapital anzulegen. Im Vergleich zum Beginn der Pandemie sind die Preise um mehr als 1001 TP3T gestiegen, was die h\u00f6chste Wachstumsrate in Dubai darstellt.<\/span><\/p>\n<p>&nbsp;<\/p>\n<p><span style=\"font-weight: 400;\">Die Investitionsattraktivit\u00e4t der Insel erkl\u00e4rt sich nicht nur durch steigende Preise, sondern auch durch einen hohen Return on Investment (ROI). Wenn Sie eine Villa oder ein Apartment vermieten, k\u00f6nnen Sie Ihr Kapital vervielfachen. Apartments mit einem Schlafzimmer gelten als die beliebteste Wohnform auf Palm Jumeirah. Der ROI f\u00fcr sie betr\u00e4gt bis zu 5,51 TP3T pro Jahr. Apartments mit zwei Schlafzimmern und Studio-Apartments bringen bis zu 5,11 TP3T bzw. 5,21 TP3T Einkommen pro Jahr. Die Rentabilit\u00e4t von Villen mit unterschiedlicher Anzahl von Schlafzimmern erreicht 3-41 TP3T.<\/span><\/p>\n<p>&nbsp;<\/p>\n<p><span style=\"font-weight: 400;\">Die Vermietung von Wohnraum ist sowohl f\u00fcr kurzfristige als auch f\u00fcr langfristige Mieten rentabel. Immobilien werden nicht besteuert, sodass Eigent\u00fcmer reines Einkommen erhalten. Bei Bedarf kann die Immobilie verkauft, verschenkt oder anderweitig genutzt werden, da Ausl\u00e4nder das Recht haben, sie als Privateigentum zu registrieren.<\/span><\/p>\n<p>&nbsp;<\/p>\n<h2><b>Vorteile des Immobilienkaufs mit der Agentur ALIRA<\/b><\/h2>\n<p>&nbsp;<\/p>\n<p><span style=\"font-weight: 400;\">Die Immobilienagentur ALIRA hilft Ihnen bei der Auswahl und dem Kauf geeigneter Wohnungen auf der Insel Palm Jumeirah. Wenn Sie mit uns zusammenarbeiten, erhalten Sie qualifizierte technische Unterst\u00fctzung und viele Vorteile:<\/span><\/p>\n<p>&nbsp;<\/p>\n<ul>\n<li><span style=\"font-weight: 400;\">Umfangreiche Serviceleistungen \u2013 von der Unterst\u00fctzung beim Kauf oder Verkauf \u00fcber die Mietersuche bis hin zur Hausverwaltung.<\/span><\/li>\n<li><span style=\"font-weight: 400;\">Vollst\u00e4ndige Vertraulichkeit der pers\u00f6nlichen Daten des Kunden.<\/span><\/li>\n<li><span style=\"font-weight: 400;\">Dienstleistungen von erfahrenen Spezialisten, die eine sichere Transaktion gew\u00e4hrleisten k\u00f6nnen.<\/span><\/li>\n<li><span style=\"font-weight: 400;\">Individuelle Betreuung, Wohnraumauswahl unter Ber\u00fccksichtigung der W\u00fcnsche und Anforderungen des Kunden.<\/span><\/li>\n<li><span style=\"font-weight: 400;\">Eine gro\u00dfe und st\u00e4ndig aktualisierte Datenbank mit Immobilien in den Vereinigten Arabischen Emiraten.<\/span><\/li>\n<li><span style=\"font-weight: 400;\">Bequem finden <\/span><span style=\"font-weight: 400;\">Palm Jumeirah Immobilie zu verkaufen <\/span><span style=\"font-weight: 400;\">auf der Website ein durchdachtes Filtersystem.<\/span><\/li>\n<\/ul>\n<p>&nbsp;<\/p>\n<p><span style=\"font-weight: 400;\">Nutzen Sie die Dienste der Agentur, um Immobilien in Palm Jumeirah, Dubai gewinnbringend und sicher zu kaufen. Wir bieten umfassende rechtliche Unterst\u00fctzung und k\u00fcmmern uns um den gesamten Papierkram. Sie k\u00f6nnen sich per E-Mail f\u00fcr eine Beratung anmelden <\/span><a class=\"mail\" href=\"mailto:info@alirarealestate.com\">info@alirarealestate.com<\/a><span style=\"font-weight: 400;\">, \u00fcber das Online-Formular auf der Website oder telefonisch<\/span><span style=\"font-weight: 400;\"> <a href=\"tel: 971588337903\">+971 (588) 337 903<\/a><\/span><span style=\"font-weight: 400;\">, <\/span><span style=\"font-weight: 400;\"><a href=\"tel: 79869277377\">+7 (986) 927-73-77<\/a><\/span><span style=\"font-weight: 400;\">.<\/span><\/p>\n\n\t\t<\/div>\n\t<\/div>\n<\/div><\/div><\/div><\/div><div class=\"vc_row wpb_row vc_row-fluid vc_row\"><div class=\"wpb_column vc_column_container vc_col-sm-12 vc_column\"><div class=\"vc_column-inner\"><div class=\"wpb_wrapper\"><div class=\"vc_tta-container\" data-vc-action=\"collapseAll\"><h2>FAQ<\/h2><div class=\"vc_general vc_tta vc_tta-accordion vc_tta-color-grey vc_tta-style-classic vc_tta-shape-rounded vc_tta-o-shape-group vc_tta-controls-align-left vc_tta-o-all-clickable wpestate_accordion vc_tta_accordion\"><div class=\"vc_tta-panels-container\"><div class=\"vc_tta-panels\"><div class=\"vc_tta-panel vc_active\" id=\"1714043534921-b230d4ac-bd8c\" data-vc-content=\".vc_tta-panel-body\"><div class=\"vc_tta-panel-heading\"><h4 class=\"vc_tta-panel-title vc_tta-controls-icon-position-left\"><a href=\"#1714043534921-b230d4ac-bd8c\" data-vc-accordion data-vc-container=\".vc_tta-container\"><span class=\"vc_tta-title-text\">Welche Gemeinden und Wohnanlagen gibt es auf der Insel?<\/span><i class=\"vc_tta-controls-icon vc_tta-controls-icon-plus\"><\/i><\/a><\/h4><\/div><div class=\"vc_tta-panel-body\">\n\t<div class=\"wpb_text_column wpb_content_element  vc_column_text\" >\n\t\t<div class=\"wpb_wrapper\">\n\t\t\t<p><span style=\"font-weight: 400;\">Palm Jumeirah bietet sowohl fertiggestellte als auch im Bau befindliche Geb\u00e4ude. Am gefragtesten sind Komplexe, die bereits in Betrieb sind, wie Shoreline und One Palm.<\/span><\/p>\n\n\t\t<\/div>\n\t<\/div>\n<\/div><\/div><div class=\"vc_tta-panel\" id=\"1714043534938-dfd2aead-3b56\" data-vc-content=\".vc_tta-panel-body\"><div class=\"vc_tta-panel-heading\"><h4 class=\"vc_tta-panel-title vc_tta-controls-icon-position-left\"><a href=\"#1714043534938-dfd2aead-3b56\" data-vc-accordion data-vc-container=\".vc_tta-container\"><span class=\"vc_tta-title-text\">Wie viel kostet es, Wohnimmobilien auf der Palm Jumeirah zu mieten?<\/span><i class=\"vc_tta-controls-icon vc_tta-controls-icon-plus\"><\/i><\/a><\/h4><\/div><div class=\"vc_tta-panel-body\">\n\t<div class=\"wpb_text_column wpb_content_element  vc_column_text\" >\n\t\t<div class=\"wpb_wrapper\">\n\t\t\t<p><span style=\"font-weight: 400;\">Die Kosten f\u00fcr die Miete einer Wohnung werden auf Grundlage der j\u00e4hrlichen Wohndauer angegeben. Die Preise werden durch Lage, Art der Immobilie und Ausstattung beeinflusst. Beispielsweise kann ein kompaktes Studio f\u00fcr 58.000 AED gemietet werden, w\u00e4hrend eine Ein-Zimmer-Wohnung ab 100.000 AED zu haben ist.<\/span><\/p>\n\n\t\t<\/div>\n\t<\/div>\n<\/div><\/div><div class=\"vc_tta-panel\" id=\"1714043703211-473f70b0-6205\" data-vc-content=\".vc_tta-panel-body\"><div class=\"vc_tta-panel-heading\"><h4 class=\"vc_tta-panel-title vc_tta-controls-icon-position-left\"><a href=\"#1714043703211-473f70b0-6205\" data-vc-accordion data-vc-container=\".vc_tta-container\"><span class=\"vc_tta-title-text\">Welche Verkehrsmittel werden auf der Insel genutzt?<\/span><i class=\"vc_tta-controls-icon vc_tta-controls-icon-plus\"><\/i><\/a><\/h4><\/div><div class=\"vc_tta-panel-body\">\n\t<div class=\"wpb_text_column wpb_content_element  vc_column_text\" >\n\t\t<div class=\"wpb_wrapper\">\n\t\t\t<p><span style=\"font-weight: 400;\">Durch das gesamte Gebiet der Insel verl\u00e4uft eine 5,4 km lange Einschienenbahn, die das Atlantis-Hotel mit der Basis des Archipels verbindet. Es ist geplant, sie in Zukunft bis zur roten Linie der Dubai Metro zu verl\u00e4ngern. Viele Bewohner von Palm Jumeirah bevorzugen die Nutzung privater Verkehrsmittel. Villen sind mit Garagen oder privaten Parkpl\u00e4tzen ausgestattet, und Wohnkomplexe verf\u00fcgen \u00fcber Parkpl\u00e4tze, die jeder Wohnung zugewiesen sind.<\/span><\/p>\n\n\t\t<\/div>\n\t<\/div>\n<\/div><\/div><div class=\"vc_tta-panel\" id=\"1714043740158-4092d801-f9f6\" data-vc-content=\".vc_tta-panel-body\"><div class=\"vc_tta-panel-heading\"><h4 class=\"vc_tta-panel-title vc_tta-controls-icon-position-left\"><a href=\"#1714043740158-4092d801-f9f6\" data-vc-accordion data-vc-container=\".vc_tta-container\"><span class=\"vc_tta-title-text\">Welche Infrastruktur gibt es auf der Palm Jumeirah?<\/span><i class=\"vc_tta-controls-icon vc_tta-controls-icon-plus\"><\/i><\/a><\/h4><\/div><div class=\"vc_tta-panel-body\">\n\t<div class=\"wpb_text_column wpb_content_element  vc_column_text\" >\n\t\t<div class=\"wpb_wrapper\">\n\t\t\t<p><span style=\"font-weight: 400;\">Der Archipel bietet alles, was Sie f\u00fcr ein komfortables Leben ben\u00f6tigen. Die Bewohner haben Zugang zur Emirates Hospitals Clinic, zur Dr. Joy Dental Clinic, zu Kinderg\u00e4rten, zum Einkaufszentrum Nakheel Mall mit Kino und zu vielen Superm\u00e4rkten.<\/span><\/p>\n\n\t\t<\/div>\n\t<\/div>\n<\/div><\/div><\/div><\/div><\/div><\/div><\/div><\/div><\/div><\/div>\n<\/section>","protected":false},"excerpt":{"rendered":"Palm Jumeirah ist eine exotische k\u00fcnstliche Insel in Palmenform im Persischen Golf vor der K\u00fcste Dubais. Das Ausma\u00df dieses Projekts ist weltweit einzigartig, weshalb der Archipel auch als achtes Weltwunder bezeichnet wird. Immobilien in Palm Jumeirah erfreuen sich bei K\u00e4ufern gro\u00dfer Beliebtheit. Repr\u00e4sentative Villen und Premium-Apartments sind ...","protected":false},"author":1,"featured_media":0,"parent":4295,"menu_order":0,"comment_status":"closed","ping_status":"closed","template":"advanced_search_results.php","meta":{"inline_featured_image":false,"_glsr_average":0,"_glsr_ranking":0,"_glsr_reviews":0,"footnotes":""},"class_list":["post-4340","page","type-page","status-publish","hentry"],"yoast_head":"<!-- This site is optimized with the Yoast SEO Premium plugin v25.1 (Yoast SEO v25.6) - https:\/\/yoast.com\/wordpress\/plugins\/seo\/ -->\n<title>Buy real estate in Palm Jumeirah, Dubai, UAE. Properties for Sale - Alira<\/title>\n<meta name=\"description\" content=\"Properties for sale in Palm Jumeirah, Dubai, UAE. \u2b50 Buy real estate in Palm Jumeirah: apartments, villas. \u2b50 Prices, descriptions, and photos. \u27a4 Request a consultation on the website!\" \/>\n<meta name=\"robots\" content=\"index, follow, max-snippet:-1, max-image-preview:large, max-video-preview:-1\" \/>\n<link rel=\"canonical\" href=\"https:\/\/alirarealestate.com\/de\/catalog\/buy\/dubai\/palm-jumeirah\/\" \/>\n<meta property=\"og:locale\" content=\"de_DE\" \/>\n<meta property=\"og:type\" content=\"article\" \/>\n<meta property=\"og:title\" content=\"Properties for Sale in Palm Jumeirah\" \/>\n<meta property=\"og:description\" content=\"Properties for sale in Palm Jumeirah, Dubai, UAE. \u2b50 Buy real estate in Palm Jumeirah: apartments, villas. \u2b50 Prices, descriptions, and photos. \u27a4 Request a consultation on the website!\" \/>\n<meta property=\"og:url\" content=\"https:\/\/alirarealestate.com\/de\/catalog\/buy\/dubai\/palm-jumeirah\/\" \/>\n<meta property=\"og:site_name\" content=\"Alira Real Estate - Real estate in the UAE\" \/>\n<meta property=\"article:modified_time\" content=\"2025-04-23T20:11:32+00:00\" \/>\n<meta name=\"twitter:card\" content=\"summary_large_image\" \/>\n<meta name=\"twitter:label1\" content=\"Gesch\u00e4tzte Lesezeit\" \/>\n\t<meta name=\"twitter:data1\" content=\"7\u00a0Minuten\" \/>\n<script type=\"application\/ld+json\" class=\"yoast-schema-graph\">{\"@context\":\"https:\/\/schema.org\",\"@graph\":[{\"@type\":\"WebPage\",\"@id\":\"https:\/\/alirarealestate.com\/de\/catalog\/buy\/dubai\/palm-jumeirah\/\",\"url\":\"https:\/\/alirarealestate.com\/de\/catalog\/buy\/dubai\/palm-jumeirah\/\",\"name\":\"Buy real estate in Palm Jumeirah, Dubai, UAE. Properties for Sale - Alira\",\"isPartOf\":{\"@id\":\"https:\/\/alirarealestate.com\/de\/#website\"},\"datePublished\":\"2024-04-18T07:17:39+00:00\",\"dateModified\":\"2025-04-23T20:11:32+00:00\",\"description\":\"Properties for sale in Palm Jumeirah, Dubai, UAE. \u2b50 Buy real estate in Palm Jumeirah: apartments, villas. \u2b50 Prices, descriptions, and photos. \u27a4 Request a consultation on the website!\",\"breadcrumb\":{\"@id\":\"https:\/\/alirarealestate.com\/de\/catalog\/buy\/dubai\/palm-jumeirah\/#breadcrumb\"},\"inLanguage\":\"de\",\"potentialAction\":[{\"@type\":\"ReadAction\",\"target\":[\"https:\/\/alirarealestate.com\/de\/catalog\/buy\/dubai\/palm-jumeirah\/\"]}]},{\"@type\":\"BreadcrumbList\",\"@id\":\"https:\/\/alirarealestate.com\/de\/catalog\/buy\/dubai\/palm-jumeirah\/#breadcrumb\",\"itemListElement\":[{\"@type\":\"ListItem\",\"position\":1,\"name\":\"Home\",\"item\":\"https:\/\/alirarealestate.com\/\"},{\"@type\":\"ListItem\",\"position\":2,\"name\":\"Real Estate Catalog\",\"item\":\"https:\/\/alirarealestate.com\/catalog\/\"},{\"@type\":\"ListItem\",\"position\":3,\"name\":\"Real Estate Catalog\",\"item\":\"https:\/\/alirarealestate.com\/catalog\/buy\/\"},{\"@type\":\"ListItem\",\"position\":4,\"name\":\"Properties for Sale in Dubai\",\"item\":\"https:\/\/alirarealestate.com\/catalog\/buy\/dubai\/\"},{\"@type\":\"ListItem\",\"position\":5,\"name\":\"Properties for Sale in Palm Jumeirah\"}]},{\"@type\":\"WebSite\",\"@id\":\"https:\/\/alirarealestate.com\/de\/#website\",\"url\":\"https:\/\/alirarealestate.com\/de\/\",\"name\":\"Alira Real Estate - Real estate in the UAE\",\"description\":\"\",\"potentialAction\":[{\"@type\":\"SearchAction\",\"target\":{\"@type\":\"EntryPoint\",\"urlTemplate\":\"https:\/\/alirarealestate.com\/de\/?s={search_term_string}\"},\"query-input\":{\"@type\":\"PropertyValueSpecification\",\"valueRequired\":true,\"valueName\":\"search_term_string\"}}],\"inLanguage\":\"de\"}]}<\/script>\n<!-- \/ Yoast SEO Premium plugin. -->","yoast_head_json":{"title":"Buy real estate in Palm Jumeirah, Dubai, UAE. Properties for Sale - Alira","description":"Properties for sale in Palm Jumeirah, Dubai, UAE. \u2b50 Buy real estate in Palm Jumeirah: apartments, villas. \u2b50 Prices, descriptions, and photos. \u27a4 Request a consultation on the website!","robots":{"index":"index","follow":"follow","max-snippet":"max-snippet:-1","max-image-preview":"max-image-preview:large","max-video-preview":"max-video-preview:-1"},"canonical":"https:\/\/alirarealestate.com\/de\/catalog\/buy\/dubai\/palm-jumeirah\/","og_locale":"de_DE","og_type":"article","og_title":"Properties for Sale in Palm Jumeirah","og_description":"Properties for sale in Palm Jumeirah, Dubai, UAE. \u2b50 Buy real estate in Palm Jumeirah: apartments, villas. \u2b50 Prices, descriptions, and photos. \u27a4 Request a consultation on the website!","og_url":"https:\/\/alirarealestate.com\/de\/catalog\/buy\/dubai\/palm-jumeirah\/","og_site_name":"Alira Real Estate - Real estate in the UAE","article_modified_time":"2025-04-23T20:11:32+00:00","twitter_card":"summary_large_image","twitter_misc":{"Gesch\u00e4tzte Lesezeit":"7\u00a0Minuten"},"schema":{"@context":"https:\/\/schema.org","@graph":[{"@type":"WebPage","@id":"https:\/\/alirarealestate.com\/de\/catalog\/buy\/dubai\/palm-jumeirah\/","url":"https:\/\/alirarealestate.com\/de\/catalog\/buy\/dubai\/palm-jumeirah\/","name":"Buy real estate in Palm Jumeirah, Dubai, UAE. Properties for Sale - Alira","isPartOf":{"@id":"https:\/\/alirarealestate.com\/de\/#website"},"datePublished":"2024-04-18T07:17:39+00:00","dateModified":"2025-04-23T20:11:32+00:00","description":"Properties for sale in Palm Jumeirah, Dubai, UAE. \u2b50 Buy real estate in Palm Jumeirah: apartments, villas. \u2b50 Prices, descriptions, and photos. \u27a4 Request a consultation on the website!","breadcrumb":{"@id":"https:\/\/alirarealestate.com\/de\/catalog\/buy\/dubai\/palm-jumeirah\/#breadcrumb"},"inLanguage":"de","potentialAction":[{"@type":"ReadAction","target":["https:\/\/alirarealestate.com\/de\/catalog\/buy\/dubai\/palm-jumeirah\/"]}]},{"@type":"BreadcrumbList","@id":"https:\/\/alirarealestate.com\/de\/catalog\/buy\/dubai\/palm-jumeirah\/#breadcrumb","itemListElement":[{"@type":"ListItem","position":1,"name":"Home","item":"https:\/\/alirarealestate.com\/"},{"@type":"ListItem","position":2,"name":"Real Estate Catalog","item":"https:\/\/alirarealestate.com\/catalog\/"},{"@type":"ListItem","position":3,"name":"Real Estate Catalog","item":"https:\/\/alirarealestate.com\/catalog\/buy\/"},{"@type":"ListItem","position":4,"name":"Properties for Sale in Dubai","item":"https:\/\/alirarealestate.com\/catalog\/buy\/dubai\/"},{"@type":"ListItem","position":5,"name":"Properties for Sale in Palm Jumeirah"}]},{"@type":"WebSite","@id":"https:\/\/alirarealestate.com\/de\/#website","url":"https:\/\/alirarealestate.com\/de\/","name":"Alira Real Estate - Real estate in the UAE","description":"","potentialAction":[{"@type":"SearchAction","target":{"@type":"EntryPoint","urlTemplate":"https:\/\/alirarealestate.com\/de\/?s={search_term_string}"},"query-input":{"@type":"PropertyValueSpecification","valueRequired":true,"valueName":"search_term_string"}}],"inLanguage":"de"}]}},"_links":{"self":[{"href":"https:\/\/alirarealestate.com\/de\/wp-json\/wp\/v2\/pages\/4340"}],"collection":[{"href":"https:\/\/alirarealestate.com\/de\/wp-json\/wp\/v2\/pages"}],"about":[{"href":"https:\/\/alirarealestate.com\/de\/wp-json\/wp\/v2\/types\/page"}],"author":[{"embeddable":true,"href":"https:\/\/alirarealestate.com\/de\/wp-json\/wp\/v2\/users\/1"}],"replies":[{"embeddable":true,"href":"https:\/\/alirarealestate.com\/de\/wp-json\/wp\/v2\/comments?post=4340"}],"version-history":[{"count":2,"href":"https:\/\/alirarealestate.com\/de\/wp-json\/wp\/v2\/pages\/4340\/revisions"}],"predecessor-version":[{"id":5924,"href":"https:\/\/alirarealestate.com\/de\/wp-json\/wp\/v2\/pages\/4340\/revisions\/5924"}],"up":[{"embeddable":true,"href":"https:\/\/alirarealestate.com\/de\/wp-json\/wp\/v2\/pages\/4295"}],"wp:attachment":[{"href":"https:\/\/alirarealestate.com\/de\/wp-json\/wp\/v2\/media?parent=4340"}],"curies":[{"name":"wp","href":"https:\/\/api.w.org\/{rel}","templated":true}]}}