{"id":4337,"date":"2024-04-18T10:17:39","date_gmt":"2024-04-18T07:17:39","guid":{"rendered":"https:\/\/alirarealestate.com\/catalog\/buy\/dubai\/dubai-marina\/"},"modified":"2025-04-23T23:28:25","modified_gmt":"2025-04-23T20:28:25","slug":"dubai-marina","status":"publish","type":"page","link":"https:\/\/alirarealestate.com\/de\/catalog\/buy\/dubai\/dubai-marina\/","title":{"rendered":"Immobilien zum Verkauf in Dubai Marina"},"content":{"rendered":"<section class=\"wpb-content-wrapper\"><div class=\"vc_row wpb_row vc_row-fluid vc_row\"><div class=\"wpb_column vc_column_container vc_col-sm-12 vc_column\"><div class=\"vc_column-inner\"><div class=\"wpb_wrapper\">\n\t<div class=\"wpb_text_column wpb_content_element  vc_column_text\" >\n\t\t<div class=\"wpb_wrapper\">\n\t\t\t<p><span style=\"font-weight: 400;\">Dubai Marina ist ein modischer Stadtteil von Dubai, der bei Touristen sehr beliebt ist. Er liegt im westlichen Teil der Stadt und stellt eine Elite-Gemeinde mit Wolkenkratzern, weitl\u00e4ufigen Promenaden und komfortablen Wohnkomplexen dar. Viele tr\u00e4umen davon, Immobilien in Dubai Marina zu kaufen. Der Kauf einer Immobilie hier ist sowohl zum Wohnen als auch als Investition eine hervorragende L\u00f6sung. Die Gegend bietet eine gro\u00dfe Auswahl an Wohnungen, Apartments, Studios und luxuri\u00f6sen Villen, die gute Mieteinnahmen bringen k\u00f6nnen.<\/span><\/p>\n<p>&nbsp;<\/p>\n<h2><b>Vorteile des Immobilienkaufs in Dubai Marina<\/b><\/h2>\n<p>&nbsp;<\/p>\n<p><span style=\"font-weight: 400;\">Dubai Marina ist die Verk\u00f6rperung des Luxus und der Weltoffenheit Dubais. Nach seiner Entstehung verwandelte sich das Gebiet schnell in ein gesch\u00e4ftiges Stadtzentrum, in dem wundersch\u00f6ne Sandstr\u00e4nde neben luxuri\u00f6sen Yachtclubs und innovative Architektur friedlich neben gro\u00dfen Gr\u00fcnfl\u00e4chen koexistieren. Der Kauf einer Immobilie in Dubai Marina lohnt sich aus vielen Gr\u00fcnden:<\/span><\/p>\n<p>&nbsp;<\/p>\n<ul>\n<li><span style=\"font-weight: 400;\">Zahlreiche Sehensw\u00fcrdigkeiten \u2013 in der N\u00e4he befinden sich die Dubai Mall, der ber\u00fchmte Turm Burj Khalifa, das Riesenrad Dubai Eye und vieles mehr.<\/span><\/li>\n<li><span style=\"font-weight: 400;\">Ausgebaute Infrastruktur \u2013 in der Gegend gibt es viele Gesch\u00e4fte, Restaurants, Kliniken und Schulen.<\/span><\/li>\n<li><span style=\"font-weight: 400;\">Ganzj\u00e4hriger Zustrom von Touristen \u2013 die Gegend empf\u00e4ngt das ganze Jahr \u00fcber G\u00e4ste, daher ist die Vermietung von Immobilien nicht schwierig.<\/span><\/li>\n<li><span style=\"font-weight: 400;\">Die g\u00fcnstige Lage im Herzen des neuen Dubai bietet bequemen Zugang zu Str\u00e4nden, Gesch\u00e4ftszentren und den wichtigsten Sehensw\u00fcrdigkeiten der Stadt.<\/span><\/li>\n<li><span style=\"font-weight: 400;\">Eine gro\u00dfe Vielfalt an Immobilien \u2013 von erschwinglichen Optionen bis hin zu luxuri\u00f6sen Unterk\u00fcnften mit erstklassiger Ausstattung und herrlichem Panoramablick auf den Persischen Golf.<\/span><\/li>\n<li><span style=\"font-weight: 400;\">Hohe Investitionsrendite \u2013 die Immobilienpreise in Dubai Marina steigen st\u00e4ndig und Wohnungen erfreuen sich bei Mietern zunehmender Beliebtheit.<\/span><\/li>\n<\/ul>\n<p>&nbsp;<\/p>\n<h2><b>Infrastruktur der Dubai Marina<\/b><\/h2>\n<p>&nbsp;<\/p>\n<p><span style=\"font-weight: 400;\">Dubai Marina erstreckt sich \u00fcber eine Fl\u00e4che von nur 4,9 Quadratkilometern, bietet seinen Bewohnern jedoch eine umfassende und gut ausgebaute Infrastruktur. In der Gegend finden Sie renommierte internationale Schulen, erstklassige medizinische Einrichtungen, Kinos, Restaurants und Caf\u00e9s, die Gerichte der internationalen K\u00fcche anbieten.<\/span><\/p>\n<p>&nbsp;<\/p>\n<p><span style=\"font-weight: 400;\">Sie k\u00f6nnen in Boutiquen, Einkaufszentren oder auf farbenfrohen lokalen M\u00e4rkten einkaufen. Viele Touristen besuchen gerne den Freitagsmarkt, den die Russen oft Dubai Arbat nennen. Hier k\u00f6nnen Sie Gem\u00e4lde lokaler K\u00fcnstler sowie verschiedene Handarbeiten kaufen.<\/span><\/p>\n<p>&nbsp;<\/p>\n<p><span style=\"font-weight: 400;\">Der gesamte Bereich der Dubai Marina ist in 10 Mikrobezirke unterteilt. Jeder von ihnen bietet alles, was man f\u00fcr einen komfortablen Aufenthalt braucht. Wohnkomplexe in Mikrobezirken verf\u00fcgen \u00fcber eigene Infrastruktureinrichtungen. Fast jeder Wohnkomplex verf\u00fcgt \u00fcber eigene Fitnessstudios, Schwimmb\u00e4der, Gesch\u00e4fte und Dienstleistungsunternehmen. Jeder Wohnung sind ein oder mehrere Parkpl\u00e4tze auf geschlossenen, bewachten Parkpl\u00e4tzen zugewiesen.<\/span><\/p>\n\n\t\t<\/div>\n\t<\/div>\n<\/div><\/div><\/div><\/div><div class=\"vc_row wpb_row vc_row-fluid vc_row\"><div class=\"wpb_column vc_column_container vc_col-sm-12 vc_column\"><div class=\"vc_column-inner\"><div class=\"wpb_wrapper\">\n\t<div class=\"wpb_text_column wpb_content_element  vc_column_text\" >\n\t\t<div class=\"wpb_wrapper\">\n\t\t\t<h2><b>Arten von <\/b><b>Immobilie in Dubai Marina zu verkaufen<\/b><\/h2>\n<p>&nbsp;<\/p>\n<p><span style=\"font-weight: 400;\">Die Auswahl an Immobilien in Dubai Marina ist sehr gro\u00df. Der Wohnbestand der Gegend umfasst \u00fcber 200 H\u00e4user, in denen Sie innerhalb Ihres Budgets gute Optionen finden k\u00f6nnen. Zum Verkauf stehen:<\/span><\/p>\n<p>&nbsp;<\/p>\n<ul>\n<li><span style=\"font-weight: 400;\"><a href=\"https:\/\/alirarealestate.com\/de\/catalog\/buy\/dubai\/dubai-marina\/apartments\/\">Wohnungen<\/a> \u2013 geh\u00f6ren zur umfangreichsten Kategorie des Wohnungsbaus in Dubai Marina. Den K\u00e4ufern werden Ein- bis F\u00fcnfzimmerwohnungen, kompakte Studios und ger\u00e4umige Wohnungen angeboten. Die Wohnkomplexe in der Gegend umfassen sowohl Elite- als auch preiswerte Wohnungstypen. Besonders beliebt sind Wohnungen am Meer.<\/span><\/li>\n<li><span style=\"font-weight: 400;\">Villen \u2013 befinden sich auf dem Gel\u00e4nde von Wohnkomplexen und k\u00f6nnen 2-6 Schlafzimmer und Badezimmer haben. Die meisten Angebote im privaten Sektor sind Podiumvillen, die sich am Fu\u00dfe von Hochh\u00e4usern befinden.<\/span><\/li>\n<li><span style=\"font-weight: 400;\">Penthouses \u2013 befinden sich in den obersten Etagen der Wolkenkratzer und bieten einen herrlichen Blick auf den Hafen und die Stadtentwicklung. Viele Zimmer sind mit Terrassen ausgestattet, auf denen Sie sich entspannen und abends Teepartys veranstalten k\u00f6nnen.<\/span><\/li>\n<li><span style=\"font-weight: 400;\">Reihenh\u00e4user \u2013 werden in kleinen Mengen angeboten und sind mehrst\u00f6ckige Wohnungen, die die H\u00e4lfte eines Privathauses einnehmen. Reihenh\u00e4user haben separate Eing\u00e4nge, Parkpl\u00e4tze und manchmal kleine Grundst\u00fccke.<\/span><\/li>\n<li><span style=\"font-weight: 400;\">Gewerbeimmobilien \u2013 vertreten durch B\u00fcror\u00e4ume, Hotels, Hotelzimmer. Solche Angebote sind bei Unternehmern gefragt, die Immobilien f\u00fcr gesch\u00e4ftliche Zwecke kaufen.<\/span><\/li>\n<\/ul>\n<p>&nbsp;<\/p>\n<h2><b>Preise f\u00fcr Immobilien in Dubai Marina<\/b><\/h2>\n<p>&nbsp;<\/p>\n<p><span style=\"font-weight: 400;\">Die Immobilienpreise in Dubai Marina sind f\u00fcr viele K\u00e4ufer erschwinglich. Die Preise sind niedriger als in vielen europ\u00e4ischen Gro\u00dfst\u00e4dten, aber die stetig wachsende Nachfrage nach Wohnraum tr\u00e4gt zu ihrem stabilen Wachstum bei. Am g\u00fcnstigsten sind Studio-Apartments. Ab 2023 k\u00f6nnen solche Immobilien durchschnittlich f\u00fcr 500.000 AED erworben werden. Eine Ein-Zimmer-Wohnung kostet etwas mehr \u2013 ab 600.000 AED, und die Kosten f\u00fcr Villen k\u00f6nnen Hunderte Millionen Dirham betragen. Beispielsweise kostet eine Villa mit sechs Schlafzimmern und sieben Badezimmern etwa 225 Millionen AED.<\/span><\/p>\n<p>&nbsp;<\/p>\n<p><span style=\"font-weight: 400;\">Die Preise f\u00fcr Wohnungen und Apartments k\u00f6nnen von vielen Faktoren beeinflusst werden, darunter die Gegend, die N\u00e4he zu Str\u00e4nden, der Komfort und die technische Ausstattung. Der stetige Wertanstieg der Objekte erkl\u00e4rt sich sowohl durch die attraktive Lage der Gegend als auch durch die hohe Lebensqualit\u00e4t, die entwickelte Infrastruktur und die N\u00e4he zu vielen Sehensw\u00fcrdigkeiten Dubais.<\/span><\/p>\n\n\t\t<\/div>\n\t<\/div>\n<\/div><\/div><\/div><\/div><div class=\"vc_row wpb_row vc_row-fluid vc_row\"><div class=\"wpb_column vc_column_container vc_col-sm-12 vc_column\"><div class=\"vc_column-inner\"><div class=\"wpb_wrapper\">\n\t<div class=\"wpb_text_column wpb_content_element  vc_column_text\" >\n\t\t<div class=\"wpb_wrapper\">\n\t\t\t<h2><b>Lebensstil in Dubai Marina<\/b><\/h2>\n<p>&nbsp;<\/p>\n<p><span style=\"font-weight: 400;\">Dubai Marina wird aktiv von Expatriates bev\u00f6lkert, die diesen Ort wegen seiner guten Verkehrsinfrastruktur und der N\u00e4he zum Meer bevorzugen. Das Gebiet wird auch von vielen Unternehmern gew\u00e4hlt, weil sich in der N\u00e4he wichtige Gesch\u00e4ftszentren befinden \u2013 <a href=\"https:\/\/alirarealestate.com\/ru\/catalog\/buy\/dubai\/downtown\/\">Innenstadt von Dubai<\/a> Und <a href=\"https:\/\/alirarealestate.com\/ru\/catalog\/buy\/dubai\/business-bay\/\">Business Bay<\/a>.<\/span><\/p>\n<p>&nbsp;<\/p>\n<p><span style=\"font-weight: 400;\">Viele Menschen w\u00e4hlen <\/span><span style=\"font-weight: 400;\">Immobilien in der Dubai Marina<\/span><span style=\"font-weight: 400;\"> wegen seiner N\u00e4he zu den ber\u00fchmten Sehensw\u00fcrdigkeiten Dubais. \u00dcber 10 km Promenaden, gro\u00dfe Unterhaltungszentren, malerische Parks, saubere Str\u00e4nde mit allen Annehmlichkeiten \u2013 das verleiht der Gegend eine hohe Investitionsattraktivit\u00e4t.<\/span><\/p>\n<p>&nbsp;<\/p>\n<p><span style=\"font-weight: 400;\">Das Gebiet zeichnet sich durch eine entwickelte Verkehrsinfrastruktur aus. Die Bewohner haben Zugang zur Dubai Metro, mit der sie fast jeden Teil der Stadt schnell erreichen k\u00f6nnen. Autofahrer k\u00f6nnen zahlreiche Autobahnen und Schnellstra\u00dfen nutzen, und f\u00fcr Liebhaber von Meeresspazierg\u00e4ngen stehen Wassertaxis zur Verf\u00fcgung.<\/span><\/p>\n<p>&nbsp;<\/p>\n<p><span style=\"font-weight: 400;\">Eine Besonderheit der Planung des Gebiets ist das Vorhandensein zahlreicher Fu\u00dfg\u00e4ngerzonen. Breite Wege entlang der K\u00fcste erm\u00f6glichen den Bewohnern, viel Zeit mit gem\u00fctlichen Spazierg\u00e4ngen zu verbringen. Unterwegs finden Sie leicht B\u00e4nke, auf denen Sie sich im Schatten \u00fcppiger B\u00e4ume ausruhen k\u00f6nnen.<\/span><\/p>\n<p>&nbsp;<\/p>\n<p><span style=\"font-weight: 400;\">Der traditionelle Lebensstil in Dubai Marina besteht aus lebendiger Unterhaltung und spannenden Events. Durch das Viertel verl\u00e4uft die Promenade Dubai Marina Walk, an der sich \u00fcber 300 Restaurants, Caf\u00e9s und andere Orte f\u00fcr einen interessanten Zeitvertreib befinden. Das ganze Jahr \u00fcber finden in den \u00f6rtlichen Kultur- und Unterhaltungszentren verschiedene Veranstaltungen f\u00fcr Erwachsene und Kinder statt.<\/span><\/p>\n<p>&nbsp;<\/p>\n<h2><b>In Immobilien in Dubai Marina investieren<\/b><\/h2>\n<p>&nbsp;<\/p>\n<p><span style=\"font-weight: 400;\">Wenn du kaufst <\/span><span style=\"font-weight: 400;\">Immobilien in Dubai Marin<\/span><span style=\"font-weight: 400;\">a, Sie k\u00f6nnen es an Touristen vermieten. Alle Wohnungen hier liegen in der N\u00e4he der Str\u00e4nde, sodass sie immer gefragt sind. Die Kapitalrendite in diesem Bereich ist eine der h\u00f6chsten in der Stadt. Im Durchschnitt betr\u00e4gt der ROI f\u00fcr Elite-Wohnungen 6,51 TP3T pro Jahr, und einige Optionen bieten eine Rendite von bis zu 8-9,51 TP3T pro Jahr. Kompakte Studios eignen sich am besten f\u00fcr Kapitalinvestitionen, da sie bei Mietern am gefragtesten sind. Die durchschnittliche Kapitalrendite beim Kauf betr\u00e4gt bis zu 71 TP3T.<\/span><\/p>\n<p>&nbsp;<\/p>\n<h2><b>Vorteile der Zusammenarbeit mit der Firma Alira Real Estate<\/b><\/h2>\n<p>&nbsp;<\/p>\n<p><span style=\"font-weight: 400;\">Das Unternehmen Alira ist bereit, Ihnen beim Kauf rentabler Immobilien in Dubai Marina zu helfen. Wir w\u00e4hlen hochwertige Immobilien aus und bieten sichere Kooperationsbedingungen in einem f\u00fcr Sie bequemen Format \u2013 mit einem pers\u00f6nlichen Treffen oder per Ferngespr\u00e4ch. Wenn Sie unsere Agentur kontaktieren, erhalten Sie:<\/span><\/p>\n<p>&nbsp;<\/p>\n<ul>\n<li><span style=\"font-weight: 400;\">Dienstleistungen von Fachleuten mit umfassender Erfahrung im Immobiliensektor der Arabischen Emirate.<\/span><\/li>\n<li><span style=\"font-weight: 400;\">Flexible Interaktion, Auswahl der Unterkunft entsprechend Ihren Vorlieben und Ihrem Budget.<\/span><\/li>\n<li><span style=\"font-weight: 400;\">Umfangreiches Leistungsspektrum, unter anderem Unterst\u00fctzung beim Kauf, der Vermietung, dem Verkauf oder der Verwaltung von Immobilien.<\/span><\/li>\n<li><span style=\"font-weight: 400;\">Garantie der Vertraulichkeit Ihrer pers\u00f6nlichen Daten.<\/span><\/li>\n<li><span style=\"font-weight: 400;\">Bequeme Immobiliensuche auf der Website dank ausf\u00fchrlicher Beschreibungen und durchdachtem Filtersystem.<\/span><\/li>\n<li><span style=\"font-weight: 400;\">Bereitstellung n\u00fctzlicher Informationen \u2013 aktuelle Nachrichten, Gesetzes\u00e4nderungen, Statistiken.<\/span><\/li>\n<\/ul>\n<p>&nbsp;<\/p>\n<p><span style=\"font-weight: 400;\">Kontaktieren Sie unser Unternehmen, wenn Sie am Kauf oder Verkauf von Immobilien in Dubai Marina interessiert sind. Wir k\u00fcmmern uns um alle Fragen im Zusammenhang mit der Transaktion und bieten in jeder Phase umfassende rechtliche Unterst\u00fctzung. Sie k\u00f6nnen sich \u00fcber das Formular auf der Website oder telefonisch f\u00fcr eine Beratung anmelden <\/span><span style=\"font-weight: 400;\"><a href=\"tel: 971588337903\">+971 (588) 337 903<\/a><\/span><span style=\"font-weight: 400;\">\u00a0Und <\/span><span style=\"font-weight: 400;\"><a href=\"tel: 79869277377\">+7 (986) 927-73-77<\/a>, <\/span><span style=\"font-weight: 400;\">oder per E-Mail <\/span><a class=\"mail\" href=\"mailto:info@alirarealestate.com\">info@alirarealestate.com<\/a><span style=\"font-weight: 400;\">.<\/span><\/p>\n\n\t\t<\/div>\n\t<\/div>\n<\/div><\/div><\/div><\/div><div class=\"vc_row wpb_row vc_row-fluid vc_row\"><div class=\"wpb_column vc_column_container vc_col-sm-12 vc_column\"><div class=\"vc_column-inner\"><div class=\"wpb_wrapper\"><div class=\"vc_tta-container\" data-vc-action=\"collapseAll\"><h2>FAQ<\/h2><div class=\"vc_general vc_tta vc_tta-accordion vc_tta-color-grey vc_tta-style-classic vc_tta-shape-rounded vc_tta-o-shape-group vc_tta-controls-align-left vc_tta-o-all-clickable wpestate_accordion vc_tta_accordion\"><div class=\"vc_tta-panels-container\"><div class=\"vc_tta-panels\"><div class=\"vc_tta-panel vc_active\" id=\"1714047978264-be49e7e2-f6e2\" data-vc-content=\".vc_tta-panel-body\"><div class=\"vc_tta-panel-heading\"><h4 class=\"vc_tta-panel-title vc_tta-controls-icon-position-left\"><a href=\"#1714047978264-be49e7e2-f6e2\" data-vc-accordion data-vc-container=\".vc_tta-container\"><span class=\"vc_tta-title-text\">Welche Wohnanlagen gibt es in Dubai Marina?<\/span><i class=\"vc_tta-controls-icon vc_tta-controls-icon-plus\"><\/i><\/a><\/h4><\/div><div class=\"vc_tta-panel-body\">\n\t<div class=\"wpb_text_column wpb_content_element  vc_column_text\" >\n\t\t<div class=\"wpb_wrapper\">\n\t\t\t<p><span style=\"font-weight: 400;\">In Dubai Marina gibt es viele im Bau befindliche und in Betrieb befindliche Wohnkomplexe. Die meisten davon sind architektonische Hochhausensembles, die aus Wolkenkratzern mit 30 bis 70 Stockwerken bestehen. Die bekanntesten sind Cavalli Tower, LIV Marina, Stella Maris und Address Jbr.<\/span><\/p>\n\n\t\t<\/div>\n\t<\/div>\n<\/div><\/div><div class=\"vc_tta-panel\" id=\"1714047978281-54d23170-2a7b\" data-vc-content=\".vc_tta-panel-body\"><div class=\"vc_tta-panel-heading\"><h4 class=\"vc_tta-panel-title vc_tta-controls-icon-position-left\"><a href=\"#1714047978281-54d23170-2a7b\" data-vc-accordion data-vc-container=\".vc_tta-container\"><span class=\"vc_tta-title-text\">Wo k\u00f6nnen Sie in Dubai Marina Sport treiben?<\/span><i class=\"vc_tta-controls-icon vc_tta-controls-icon-plus\"><\/i><\/a><\/h4><\/div><div class=\"vc_tta-panel-body\">\n\t<div class=\"wpb_text_column wpb_content_element  vc_column_text\" >\n\t\t<div class=\"wpb_wrapper\">\n\t\t\t<p><span style=\"font-weight: 400;\">Die Gegend ist reich an Fitnessstudios und Fitnesszentren mit modernen Ger\u00e4ten. Wassersportfans erwartet der Dubai Marina Yacht Club und Fallschirmspringer k\u00f6nnen den Hubschrauberlandeplatz Skydive Dubai besuchen.<\/span><\/p>\n\n\t\t<\/div>\n\t<\/div>\n<\/div><\/div><div class=\"vc_tta-panel\" id=\"1714048330616-cdf0402c-5a4d\" data-vc-content=\".vc_tta-panel-body\"><div class=\"vc_tta-panel-heading\"><h4 class=\"vc_tta-panel-title vc_tta-controls-icon-position-left\"><a href=\"#1714048330616-cdf0402c-5a4d\" data-vc-accordion data-vc-container=\".vc_tta-container\"><span class=\"vc_tta-title-text\">Wo kann man in Dubai Marina einkaufen?<\/span><i class=\"vc_tta-controls-icon vc_tta-controls-icon-plus\"><\/i><\/a><\/h4><\/div><div class=\"vc_tta-panel-body\">\n\t<div class=\"wpb_text_column wpb_content_element  vc_column_text\" >\n\t\t<div class=\"wpb_wrapper\">\n\t\t\t<p><span style=\"font-weight: 400;\">Das gr\u00f6\u00dfte Einkaufszentrum der Gegend ist die Dubai Marina Mall. In seinen W\u00e4nden befinden sich Boutiquen beliebter Marken, Sch\u00f6nheitssalons und \u00fcber 20 Restaurants.<\/span><\/p>\n\n\t\t<\/div>\n\t<\/div>\n<\/div><\/div><\/div><\/div><\/div><\/div><\/div><\/div><\/div><\/div>\n<\/section>","protected":false},"excerpt":{"rendered":"Dubai Marina ist ein angesagtes Viertel von Dubai, das bei Touristen sehr beliebt ist. Es liegt im Westen der Stadt und ist eine elit\u00e4re Wohngegend mit Wolkenkratzern, gro\u00dfz\u00fcgigen Promenaden und komfortablen Wohnanlagen. Viele tr\u00e4umen vom Immobilienkauf in Dubai Marina. Der Kauf einer Immobilie hier ist eine hervorragende L\u00f6sung sowohl zum Wohnen als auch als Investition. Die Gegend bietet eine gro\u00dfe Auswahl \u2026","protected":false},"author":1,"featured_media":0,"parent":4295,"menu_order":0,"comment_status":"closed","ping_status":"closed","template":"advanced_search_results.php","meta":{"inline_featured_image":false,"_glsr_average":0,"_glsr_ranking":0,"_glsr_reviews":0,"footnotes":""},"class_list":["post-4337","page","type-page","status-publish","hentry"],"yoast_head":"<!-- This site is optimized with the Yoast SEO Premium plugin v25.1 (Yoast SEO v25.6) - https:\/\/yoast.com\/wordpress\/plugins\/seo\/ -->\n<title>Property for Sale in Dubai Marina, UAE. Buy Real Estate - Alira Dubai<\/title>\n<meta name=\"description\" content=\"Explore properties for sale in Dubai Marina, UAE with Alira. \u2b50 Buy real estate in Dubai Marina: apartments, villas. \u2b50 Prices, descriptions, and photos. \u27a4 Discover your perfect on our website!\" \/>\n<meta name=\"robots\" content=\"index, follow, max-snippet:-1, max-image-preview:large, max-video-preview:-1\" \/>\n<link rel=\"canonical\" href=\"https:\/\/alirarealestate.com\/de\/catalog\/buy\/dubai\/dubai-marina\/\" \/>\n<meta property=\"og:locale\" content=\"de_DE\" \/>\n<meta property=\"og:type\" content=\"article\" \/>\n<meta property=\"og:title\" content=\"Property for Sale in Dubai Marina\" \/>\n<meta property=\"og:description\" content=\"Explore properties for sale in Dubai Marina, UAE with Alira. \u2b50 Buy real estate in Dubai Marina: apartments, villas. \u2b50 Prices, descriptions, and photos. \u27a4 Discover your perfect on our website!\" \/>\n<meta property=\"og:url\" content=\"https:\/\/alirarealestate.com\/de\/catalog\/buy\/dubai\/dubai-marina\/\" \/>\n<meta property=\"og:site_name\" content=\"Alira Real Estate - Real estate in the UAE\" \/>\n<meta property=\"article:modified_time\" content=\"2025-04-23T20:28:25+00:00\" \/>\n<meta name=\"twitter:card\" content=\"summary_large_image\" \/>\n<meta name=\"twitter:label1\" content=\"Gesch\u00e4tzte Lesezeit\" \/>\n\t<meta name=\"twitter:data1\" content=\"7\u00a0Minuten\" \/>\n<script type=\"application\/ld+json\" class=\"yoast-schema-graph\">{\"@context\":\"https:\/\/schema.org\",\"@graph\":[{\"@type\":\"WebPage\",\"@id\":\"https:\/\/alirarealestate.com\/de\/catalog\/buy\/dubai\/dubai-marina\/\",\"url\":\"https:\/\/alirarealestate.com\/de\/catalog\/buy\/dubai\/dubai-marina\/\",\"name\":\"Property for Sale in Dubai Marina, UAE. Buy Real Estate - Alira Dubai\",\"isPartOf\":{\"@id\":\"https:\/\/alirarealestate.com\/de\/#website\"},\"datePublished\":\"2024-04-18T07:17:39+00:00\",\"dateModified\":\"2025-04-23T20:28:25+00:00\",\"description\":\"Explore properties for sale in Dubai Marina, UAE with Alira. \u2b50 Buy real estate in Dubai Marina: apartments, villas. \u2b50 Prices, descriptions, and photos. \u27a4 Discover your perfect on our website!\",\"breadcrumb\":{\"@id\":\"https:\/\/alirarealestate.com\/de\/catalog\/buy\/dubai\/dubai-marina\/#breadcrumb\"},\"inLanguage\":\"de\",\"potentialAction\":[{\"@type\":\"ReadAction\",\"target\":[\"https:\/\/alirarealestate.com\/de\/catalog\/buy\/dubai\/dubai-marina\/\"]}]},{\"@type\":\"BreadcrumbList\",\"@id\":\"https:\/\/alirarealestate.com\/de\/catalog\/buy\/dubai\/dubai-marina\/#breadcrumb\",\"itemListElement\":[{\"@type\":\"ListItem\",\"position\":1,\"name\":\"Home\",\"item\":\"https:\/\/alirarealestate.com\/\"},{\"@type\":\"ListItem\",\"position\":2,\"name\":\"Real Estate Catalog\",\"item\":\"https:\/\/alirarealestate.com\/catalog\/\"},{\"@type\":\"ListItem\",\"position\":3,\"name\":\"Real Estate Catalog\",\"item\":\"https:\/\/alirarealestate.com\/catalog\/buy\/\"},{\"@type\":\"ListItem\",\"position\":4,\"name\":\"Properties for Sale in Dubai\",\"item\":\"https:\/\/alirarealestate.com\/catalog\/buy\/dubai\/\"},{\"@type\":\"ListItem\",\"position\":5,\"name\":\"Property for Sale in Dubai Marina\"}]},{\"@type\":\"WebSite\",\"@id\":\"https:\/\/alirarealestate.com\/de\/#website\",\"url\":\"https:\/\/alirarealestate.com\/de\/\",\"name\":\"Alira Real Estate - Real estate in the UAE\",\"description\":\"\",\"potentialAction\":[{\"@type\":\"SearchAction\",\"target\":{\"@type\":\"EntryPoint\",\"urlTemplate\":\"https:\/\/alirarealestate.com\/de\/?s={search_term_string}\"},\"query-input\":{\"@type\":\"PropertyValueSpecification\",\"valueRequired\":true,\"valueName\":\"search_term_string\"}}],\"inLanguage\":\"de\"}]}<\/script>\n<!-- \/ Yoast SEO Premium plugin. -->","yoast_head_json":{"title":"Property for Sale in Dubai Marina, UAE. Buy Real Estate - Alira Dubai","description":"Explore properties for sale in Dubai Marina, UAE with Alira. \u2b50 Buy real estate in Dubai Marina: apartments, villas. \u2b50 Prices, descriptions, and photos. \u27a4 Discover your perfect on our website!","robots":{"index":"index","follow":"follow","max-snippet":"max-snippet:-1","max-image-preview":"max-image-preview:large","max-video-preview":"max-video-preview:-1"},"canonical":"https:\/\/alirarealestate.com\/de\/catalog\/buy\/dubai\/dubai-marina\/","og_locale":"de_DE","og_type":"article","og_title":"Property for Sale in Dubai Marina","og_description":"Explore properties for sale in Dubai Marina, UAE with Alira. \u2b50 Buy real estate in Dubai Marina: apartments, villas. \u2b50 Prices, descriptions, and photos. \u27a4 Discover your perfect on our website!","og_url":"https:\/\/alirarealestate.com\/de\/catalog\/buy\/dubai\/dubai-marina\/","og_site_name":"Alira Real Estate - Real estate in the UAE","article_modified_time":"2025-04-23T20:28:25+00:00","twitter_card":"summary_large_image","twitter_misc":{"Gesch\u00e4tzte Lesezeit":"7\u00a0Minuten"},"schema":{"@context":"https:\/\/schema.org","@graph":[{"@type":"WebPage","@id":"https:\/\/alirarealestate.com\/de\/catalog\/buy\/dubai\/dubai-marina\/","url":"https:\/\/alirarealestate.com\/de\/catalog\/buy\/dubai\/dubai-marina\/","name":"Property for Sale in Dubai Marina, UAE. Buy Real Estate - Alira Dubai","isPartOf":{"@id":"https:\/\/alirarealestate.com\/de\/#website"},"datePublished":"2024-04-18T07:17:39+00:00","dateModified":"2025-04-23T20:28:25+00:00","description":"Explore properties for sale in Dubai Marina, UAE with Alira. \u2b50 Buy real estate in Dubai Marina: apartments, villas. \u2b50 Prices, descriptions, and photos. \u27a4 Discover your perfect on our website!","breadcrumb":{"@id":"https:\/\/alirarealestate.com\/de\/catalog\/buy\/dubai\/dubai-marina\/#breadcrumb"},"inLanguage":"de","potentialAction":[{"@type":"ReadAction","target":["https:\/\/alirarealestate.com\/de\/catalog\/buy\/dubai\/dubai-marina\/"]}]},{"@type":"BreadcrumbList","@id":"https:\/\/alirarealestate.com\/de\/catalog\/buy\/dubai\/dubai-marina\/#breadcrumb","itemListElement":[{"@type":"ListItem","position":1,"name":"Home","item":"https:\/\/alirarealestate.com\/"},{"@type":"ListItem","position":2,"name":"Real Estate Catalog","item":"https:\/\/alirarealestate.com\/catalog\/"},{"@type":"ListItem","position":3,"name":"Real Estate Catalog","item":"https:\/\/alirarealestate.com\/catalog\/buy\/"},{"@type":"ListItem","position":4,"name":"Properties for Sale in Dubai","item":"https:\/\/alirarealestate.com\/catalog\/buy\/dubai\/"},{"@type":"ListItem","position":5,"name":"Property for Sale in Dubai Marina"}]},{"@type":"WebSite","@id":"https:\/\/alirarealestate.com\/de\/#website","url":"https:\/\/alirarealestate.com\/de\/","name":"Alira Real Estate - Real estate in the UAE","description":"","potentialAction":[{"@type":"SearchAction","target":{"@type":"EntryPoint","urlTemplate":"https:\/\/alirarealestate.com\/de\/?s={search_term_string}"},"query-input":{"@type":"PropertyValueSpecification","valueRequired":true,"valueName":"search_term_string"}}],"inLanguage":"de"}]}},"_links":{"self":[{"href":"https:\/\/alirarealestate.com\/de\/wp-json\/wp\/v2\/pages\/4337"}],"collection":[{"href":"https:\/\/alirarealestate.com\/de\/wp-json\/wp\/v2\/pages"}],"about":[{"href":"https:\/\/alirarealestate.com\/de\/wp-json\/wp\/v2\/types\/page"}],"author":[{"embeddable":true,"href":"https:\/\/alirarealestate.com\/de\/wp-json\/wp\/v2\/users\/1"}],"replies":[{"embeddable":true,"href":"https:\/\/alirarealestate.com\/de\/wp-json\/wp\/v2\/comments?post=4337"}],"version-history":[{"count":2,"href":"https:\/\/alirarealestate.com\/de\/wp-json\/wp\/v2\/pages\/4337\/revisions"}],"predecessor-version":[{"id":5922,"href":"https:\/\/alirarealestate.com\/de\/wp-json\/wp\/v2\/pages\/4337\/revisions\/5922"}],"up":[{"embeddable":true,"href":"https:\/\/alirarealestate.com\/de\/wp-json\/wp\/v2\/pages\/4295"}],"wp:attachment":[{"href":"https:\/\/alirarealestate.com\/de\/wp-json\/wp\/v2\/media?parent=4337"}],"curies":[{"name":"wp","href":"https:\/\/api.w.org\/{rel}","templated":true}]}}