{"id":4328,"date":"2024-04-18T10:17:39","date_gmt":"2024-04-18T07:17:39","guid":{"rendered":"https:\/\/alirarealestate.com\/catalog\/buy\/dubai\/damac-lagoons\/"},"modified":"2024-10-27T18:04:03","modified_gmt":"2024-10-27T15:04:03","slug":"damac-lagoons","status":"publish","type":"page","link":"https:\/\/alirarealestate.com\/de\/catalog\/buy\/dubai\/damac-lagoons\/","title":{"rendered":"Immobilien zum Verkauf in Damac Lagunen"},"content":{"rendered":"<section class=\"wpb-content-wrapper\"><div class=\"vc_row wpb_row vc_row-fluid vc_row\"><div class=\"wpb_column vc_column_container vc_col-sm-12 vc_column\"><div class=\"vc_column-inner\"><div class=\"wpb_wrapper\">\n\t<div class=\"wpb_text_column wpb_content_element  vc_column_text\" >\n\t\t<div class=\"wpb_wrapper\">\n\t\t\t<p><span style=\"font-weight: 400;\">Damac Lagoons ist ein ehrgeiziges Projekt, das einen Komplex von Bezirken darstellt, die auf komfortable Freizeitgestaltung ausgerichtet sind und eher an ein Resort als an das Leben in einer Metropole erinnern. Wenn Sie sich f\u00fcr diese Gemeinde entscheiden, sind Sie von komfortablen Stadth\u00e4usern und Villen im mediterranen Stil umgeben.<\/span><\/p>\n<p>&nbsp;<\/p>\n<p><span style=\"font-weight: 400;\">Bewohner und G\u00e4ste von Damac Lagoons k\u00f6nnen eine gro\u00dfe Vielfalt an Unterhaltungs- und Freizeitm\u00f6glichkeiten genie\u00dfen, wie beeindruckende Rutschen und Wasserattraktionen f\u00fcr Kinder und Erwachsene. Es gibt auch ein Wasserkino und ein schwimmendes Amphitheater. Der D-f\u00f6rmige Fluss ist ein weiteres einzigartiges Wahrzeichen der Gemeinde. Dieses Merkmal zeichnet sich durch seine unglaublich gro\u00dfe Ausdehnung mit Str\u00e4nden, Wellensimulatoren und Wasserparks aus.<\/span><\/p>\n<p>&nbsp;<\/p>\n<p><span style=\"font-weight: 400;\">Derzeit befindet sich die Gemeinde noch in der Entwicklung. Es werden viele verschiedene Einrichtungen gebaut, darunter ein gro\u00dfes Einkaufszentrum mit Unterhaltungsm\u00f6glichkeiten, zahlreichen Gesch\u00e4ften, Caf\u00e9s und Restaurants.<\/span><\/p>\n<p>&nbsp;<\/p>\n<h2><b>Vorteile des Kaufs <\/b><b>Immobilien in Damac Lagoons<\/b><\/h2>\n<p>&nbsp;<\/p>\n<p><span style=\"font-weight: 400;\">Die Bewohner von Damac Lagoons k\u00f6nnen wei\u00dfe Sandstr\u00e4nde und kristallklare blaue Lagunen genie\u00dfen. Die komfortablen Villen und Stadth\u00e4user verf\u00fcgen \u00fcber alles, was zum Leben notwendig ist: Pools, Entspannungsbereiche, Restaurants und Sportanlagen. Besonderes Augenmerk wird auf das hohe Sicherheitsniveau gelegt: Zugangskontrolle zu den Villen, Sicherheit und Video\u00fcberwachung. Je nach finanziellen M\u00f6glichkeiten und Vorlieben k\u00f6nnen Sie <\/span><span style=\"font-weight: 400;\">Immobilien in Damac Lagoons kaufen<\/span><span style=\"font-weight: 400;\"> in verschiedenen Gr\u00f6\u00dfen und Grundrissen. Da das Megaprojekt als familienorientiertes Projekt konzipiert wurde, finden hier regelm\u00e4\u00dfig viele Veranstaltungen statt, um das Gemeinschaftsgef\u00fchl und die soziale Interaktion mit den Nachbarn zu f\u00f6rdern.<\/span><\/p>\n<p>&nbsp;<\/p>\n<p><span style=\"font-weight: 400;\">Die besondere Atmosph\u00e4re, die die Bewohner hierher zieht, entsteht durch die nat\u00fcrliche Sch\u00f6nheit der Gegend: Gr\u00fcnfl\u00e4chen, Parks und Pl\u00e4tze.<\/span><\/p>\n<p>&nbsp;<\/p>\n<p><span style=\"font-weight: 400;\">Die Gemeinde entwickelt sich, mit Pl\u00e4nen zum Bau von Villen mit einer Fl\u00e4che von \u00fcber 1000 m2 sowie 6-7 Schlafzimmern. Solche <\/span><span style=\"font-weight: 400;\">Immobilien in Damac Lagoons<\/span><span style=\"font-weight: 400;\"> wird einen Whirlpool, einen Kinderspielplatz, ein eigenes Fitnessstudio, eine B\u00e4ckerei und ein Arbeitszimmer haben. Jede Villa wird einen gro\u00dfen Pool und einen Aufzug haben.<\/span><\/p>\n<p>&nbsp;<\/p>\n<p><span style=\"font-weight: 400;\">Es werden neue Stadth\u00e4user mit einer Fl\u00e4che ab 212 m2 und 4-5 Schlafzimmern gebaut. Die Grundrisse umfassen einen Balkon, eine Veranda, eine Waschk\u00fcche und eine Terrasse.<\/span><\/p>\n<p>&nbsp;<\/p>\n<h2><b>Gemeinschaftsinfrastruktur<\/b><\/h2>\n<p>&nbsp;<\/p>\n<p><span style=\"font-weight: 400;\">Derzeit befindet sich die Gemeinde Damac Lagoons in einer aktiven Phase des Baus und der Entwicklung von Infrastruktureinrichtungen. Nach Abschluss aller Projekte wird hier Folgendes angesiedelt sein:<\/span><\/p>\n<p>&nbsp;<\/p>\n<ul>\n<li><span style=\"font-weight: 400;\">Fitnesscenter;<\/span><\/li>\n<li><span style=\"font-weight: 400;\">Gesch\u00e4fte;<\/span><\/li>\n<li><span style=\"font-weight: 400;\">Apotheken;<\/span><\/li>\n<li><span style=\"font-weight: 400;\">Schulen;<\/span><\/li>\n<li><span style=\"font-weight: 400;\">Wasseramphitheater;<\/span><\/li>\n<li><span style=\"font-weight: 400;\">schwimmendes Amphitheater.<\/span><\/li>\n<\/ul>\n<p>&nbsp;<\/p>\n<p><span style=\"font-weight: 400;\">Die Bewohner haben Zugang zu einem regionalen Einkaufszentrum, einem Wasserpark und einem Wellenbad. Wenn Sie in Damac Lagoons wohnen, erreichen Sie Krankenh\u00e4user, Universit\u00e4ten, Schulen und Kinderg\u00e4rten innerhalb von 10 Minuten sowie beliebte Sehensw\u00fcrdigkeiten wie:<\/span><\/p>\n<p>&nbsp;<\/p>\n<ul>\n<li><span style=\"font-weight: 400;\">Sufouh-Strand;<\/span><\/li>\n<li><span style=\"font-weight: 400;\">Globales Dorf;<\/span><\/li>\n<li><span style=\"font-weight: 400;\">Jebel Ali Rennbahn;<\/span><\/li>\n<li><span style=\"font-weight: 400;\">Dubai Wundergarten;<\/span><\/li>\n<li><span style=\"font-weight: 400;\">Stadtzentrum Me&#039;aisem und Cityland Mall;<\/span><\/li>\n<li><span style=\"font-weight: 400;\">Mediclinic Parkview Hospital und NMC Royal Hospital;<\/span><\/li>\n<li><span style=\"font-weight: 400;\">Dubai Polo- und Reitclub;<\/span><\/li>\n<li><span style=\"font-weight: 400;\">Fitnesscenter FitRepublik;<\/span><\/li>\n<li><span style=\"font-weight: 400;\">Waitrose und Motor City Shopping Mall;<\/span><\/li>\n<li><span style=\"font-weight: 400;\">Der arabische Markt des Ranches Souk.<\/span><\/li>\n<\/ul>\n<p>&nbsp;<\/p>\n<p><span style=\"font-weight: 400;\">Die Reise von <\/span><span style=\"font-weight: 400;\">Immobilien zum Verkauf in Damac Lagoons <\/span><span style=\"font-weight: 400;\">zu den beeindruckendsten Attraktionen des Landes wie Dubai Knowledge Village, Dubai International Airport, Dubai Mall und Burj Khalifa dauert etwa 30 Minuten.<\/span><\/p>\n<p>&nbsp;<\/p>\n<p><span style=\"font-weight: 400;\">An die Damac Lagoons grenzen zwei prestigetr\u00e4chtige Bezirke:<\/span><\/p>\n<p>&nbsp;<\/p>\n<ul>\n<li><span style=\"font-weight: 400;\">Mudon. Hier k\u00f6nnen Sie das Mudon Community Centre und das Entwicklungszentrum Blossom Mudon Nursery besuchen.<\/span><\/li>\n<li><span style=\"font-weight: 400;\"><a href=\"https:\/\/alirarealestate.com\/ru\/catalog\/buy\/dubai\/damac-hills\/\">DAMAC-H\u00fcgel<\/a>In dieser Gegend befinden sich der Trump International Golf Club, die Jebel Ali School, der Viva Supermarket und Carrefour.<\/span><\/li>\n<\/ul>\n<p>&nbsp;<\/p>\n<p><span style=\"font-weight: 400;\">Bewohner, die in dieser Gegend Immobilien erworben haben, reisen meist mit dem Privatauto an, da sich das \u00f6ffentliche Verkehrssystem noch im Aufbau befindet.<\/span><\/p>\n\n\t\t<\/div>\n\t<\/div>\n<\/div><\/div><\/div><\/div><div class=\"vc_row wpb_row vc_row-fluid vc_row\"><div class=\"wpb_column vc_column_container vc_col-sm-12 vc_column\"><div class=\"vc_column-inner\"><div class=\"wpb_wrapper\">\n\t<div class=\"wpb_text_column wpb_content_element  vc_column_text\" >\n\t\t<div class=\"wpb_wrapper\">\n\t\t\t<h2><b>Haupttypen von <\/b><b>Immobilien zum Verkauf in Damac Lagoons<\/b><\/h2>\n<p>&nbsp;<\/p>\n<p><span style=\"font-weight: 400;\">Die moderne Gemeinde Damac Lagoons in Dubai bietet eine Vielzahl luxuri\u00f6ser Villen und Stadth\u00e4user mit herrlicher Aussicht, stilvoller Innenausstattung und hohem Wohnkomfort.<\/span><\/p>\n<p>&nbsp;<\/p>\n<p><span style=\"font-weight: 400;\">Wenn Sie sich an die Immobilienagentur Alira wenden, k\u00f6nnen Sie den passenden Immobilientyp erwerben:<\/span><\/p>\n<p>&nbsp;<\/p>\n<p><span style=\"font-weight: 400;\">Villen. Dies sind ger\u00e4umige und komfortable Anwesen, die sowohl f\u00fcr gro\u00dfe Familien als auch f\u00fcr G\u00e4ste geeignet sind. Jede Villa verf\u00fcgt \u00fcber ein einzigartiges Design, einen privaten Garten und ein gro\u00dfes Grundst\u00fcck. Die Privatsph\u00e4re solcher Wohnimmobilien ist ein wichtiger Vorteil. Angesichts der Investitionsstabilit\u00e4t sind Villen eine attraktive Immobilienoption.<\/span><\/p>\n<p>&nbsp;<\/p>\n<p><span style=\"font-weight: 400;\">Reihenh\u00e4user. Dies ist eine attraktive Wohnform, die f\u00fcr eine kleine Familie geeignet ist. Sie befinden sich in der N\u00e4he wichtiger Infrastruktureinrichtungen wie Schulen, Kinderg\u00e4rten, Superm\u00e4rkten, Parks und Restaurants.<\/span><\/p>\n<p>&nbsp;<\/p>\n<p><span style=\"font-weight: 400;\">Die auf den Fotos von Damac Lagoons dargestellten Immobilien sind im mediterranen Architekturstil gestaltet. Durch die Wahl dieses Gebiets k\u00f6nnen die Bewohner die Atmosph\u00e4re des Meeres, die herrliche Aussicht auf die Lagune und das kristallklare Wasser genie\u00dfen.<\/span><\/p>\n<p>&nbsp;<\/p>\n<h2><b>Aktuelle Immobilienpreise<\/b><\/h2>\n<p>&nbsp;<\/p>\n<p><span style=\"font-weight: 400;\">Die Immobilien in der Gemeinde Damac Lagoons bestehen aus erstklassigen Objekten. Sie eignen sich perfekt f\u00fcr den Eigenbedarf sowie als Investition. Dieses Megaprojekt ist besonders f\u00fcr Familien interessant, da es verschiedene Freizeitm\u00f6glichkeiten bietet, darunter Wasserattraktionen und direkten Zugang zum Strand.<\/span><\/p>\n<p>&nbsp;<\/p>\n<p><span style=\"font-weight: 400;\">Laut Daten vom Februar 2024, die auf Property Finder pr\u00e4sentiert wurden, kosten Villen in Damac Lagoons zwischen 3 und 10 Millionen AED. Der Preis f\u00fcr Stadth\u00e4user liegt zwischen 2 und 4 Millionen AED.<\/span><\/p>\n<p>&nbsp;<\/p>\n<p><span style=\"font-weight: 400;\">Beim Kauf einer Immobilie w\u00e4hrend der Bauphase bieten sich den Eigent\u00fcmern hervorragende M\u00f6glichkeiten, beispielsweise die Erlangung eines Goldenen Visums mit einer Laufzeit von 10 Jahren, das ihnen den Umzug mit der gesamten Familie nach Dubai erm\u00f6glicht.<\/span><\/p>\n<p>&nbsp;<\/p>\n<h2><b>Lebensstil in Damac Lagoons<\/b><\/h2>\n<p>&nbsp;<\/p>\n<p><span style=\"font-weight: 400;\">Das Leben in der Gemeinde Damac Lagoons wird von denen bevorzugt, die Komfort, sch\u00f6ne Aussichten, einen gesunden Lebensstil und aktive Erholung lieben. Hier werden alle notwendigen Bedingungen f\u00fcr Unterwasserschwimmen, Surfen, Kajakfahren, Paddeln und andere aufregende Aktivit\u00e4ten geschaffen.<\/span><\/p>\n<p>&nbsp;<\/p>\n<p><span style=\"font-weight: 400;\">Um einen gesunden Lebensstil zu pflegen, wurden hier viele Sportanlagen, Radwege und Fitnesszentren geschaffen.<\/span><\/p>\n<p>&nbsp;<\/p>\n<p><span style=\"font-weight: 400;\">Wer sch\u00f6ne Stunden mit der Familie verbringen m\u00f6chte, kann das Wasserkino besuchen, seine Lieblingsfilme genie\u00dfen und im seichten Wasser schwimmen.<\/span><\/p>\n<p>&nbsp;<\/p>\n<p><span style=\"font-weight: 400;\">Da die Gegend familienfreundlich ist, besteht die M\u00f6glichkeit, Kinderg\u00e4rten und Schulen zu besuchen, die innerhalb von 10 bis 15 Autominuten erreichbar sind, wie etwa die South View School, die Jebel Ali School und die GEMS Metropole School. Die n\u00e4chstgelegenen medizinischen Einrichtungen wie die Aster Clinic, das Mediclinic Parkview Hospital und das NMC Royal Hospital befinden sich in benachbarten Gebieten.<\/span><\/p>\n<p>&nbsp;<\/p>\n<p><span style=\"font-weight: 400;\">Shoppingbegeisterte kommen bei Spinneys, Geant Express Remraam, Carrefour und Viva Supermarket auf ihre Kosten.<\/span><\/p>\n\n\t\t<\/div>\n\t<\/div>\n<\/div><\/div><\/div><\/div><div class=\"vc_row wpb_row vc_row-fluid vc_row\"><div class=\"wpb_column vc_column_container vc_col-sm-12 vc_column\"><div class=\"vc_column-inner\"><div class=\"wpb_wrapper\">\n\t<div class=\"wpb_text_column wpb_content_element  vc_column_text\" >\n\t\t<div class=\"wpb_wrapper\">\n\t\t\t<h2><b>Profitable Immobilieninvestitionen<\/b><\/h2>\n<p>&nbsp;<\/p>\n<p><span style=\"font-weight: 400;\">Investitionen in Immobilien in Dubai sind eine kluge Entscheidung, insbesondere nach der Verabschiedung des neuen Masterplans f\u00fcr die Metropole. \u00dcberall werden neue Viertel gebaut, die touristische Attraktivit\u00e4t w\u00e4chst und damit auch die Nachfrage nach Wohnraum. Innerhalb eines Jahres stieg der Quadratmeterpreis in Damac Lagoons um 11 TP3T.<\/span><\/p>\n<p>&nbsp;<\/p>\n<p><span style=\"font-weight: 400;\">Es ist vorteilhaft, Finanzen zu investieren in <\/span><span style=\"font-weight: 400;\">Eigenschaften von Damac Lagoons <\/span><span style=\"font-weight: 400;\">im Bau, insbesondere wenn die Immobilie in Zukunft vermietet werden soll. Der Eigent\u00fcmer muss nicht im Land sein, um von der Investition zu profitieren, da alle Angelegenheiten einer Verwaltungsgesellschaft anvertraut werden k\u00f6nnen. Die Immobilie amortisiert sich innerhalb weniger Jahre.<\/span><\/p>\n<p>&nbsp;<\/p>\n<h2><b>Vorteile der Zusammenarbeit mit der Immobilienagentur Alira<\/b><\/h2>\n<p>&nbsp;<\/p>\n<p><span style=\"font-weight: 400;\">Die Immobilienagentur Alira ist ein zuverl\u00e4ssiger Partner, der Sie beim Kauf jeglicher Immobilien in den VAE umfassend unterst\u00fctzt.<\/span><\/p>\n<p>&nbsp;<\/p>\n<p><span style=\"font-weight: 400;\">Unsere Vorteile:<\/span><\/p>\n<p>&nbsp;<\/p>\n<ul>\n<li><span style=\"font-weight: 400;\">Umfassende Dienstleistungen. Unsere Spezialisten unterst\u00fctzen Sie beim Kauf, Verkauf, der Vermietung und anderen Verwaltungsfragen.<\/span><\/li>\n<li><span style=\"font-weight: 400;\">Professionelles Personal. Jeder Kunde wird mit einem hohen Serviceniveau bedient und kann sich auf die Sicherheit jeder Transaktion verlassen.<\/span><\/li>\n<li><span style=\"font-weight: 400;\">Individueller Ansatz. Die Anforderungen und W\u00fcnsche der Kunden sind individuell, daher werden bei der Zusammenarbeit mit ihnen alle Faktoren und Nuancen ber\u00fccksichtigt.<\/span><\/li>\n<li><span style=\"font-weight: 400;\">Vertraulichkeit. Alle Details der Transaktion und der Zusammenarbeit werden nicht an Dritte weitergegeben.<\/span><\/li>\n<li><span style=\"font-weight: 400;\">Aktuelle Datenbanken. Unsere Spezialisten k\u00f6nnen dank aktueller Informationen die optimale Option finden.<\/span><\/li>\n<\/ul>\n<p>&nbsp;<\/p>\n<p><span style=\"font-weight: 400;\">Wir sind bereit, Sie ausf\u00fchrlich zu den f\u00fcr Sie interessanten Themen zu beraten. Sie k\u00f6nnen eine Anfrage auf der Website hinterlassen, uns schreiben an <\/span><a class=\"mail\" href=\"mailto:info@alirarealestate.com\">info@alirarealestate.com<\/a><span style=\"font-weight: 400;\">, oder kontaktieren Sie uns telefonisch <a href=\"tel: 79869277377\">+7 (986) 927-73-77<\/a> Und <a href=\"tel: 971588337903\">+971 (588) 337 903<\/a>.<\/span><\/p>\n<p>&nbsp;<\/p>\n<p><span style=\"font-weight: 400;\">Mit der Immobilienagentur Alira finden Sie die rentabelste Anlageimmobilie.<\/span><\/p>\n\n\t\t<\/div>\n\t<\/div>\n<\/div><\/div><\/div><\/div>\n<\/section>","protected":false},"excerpt":{"rendered":"Damac Lagoons ist ein ambitioniertes Projekt, das einen Komplex von Stadtteilen darstellt, die auf komfortable Freizeitgestaltung ausgerichtet sind und eher an ein Resort als an das Leben in einer Metropole erinnern. Wenn Sie sich f\u00fcr diese Gemeinde entscheiden, sind Sie von komfortablen Stadth\u00e4usern und Villen im mediterranen Stil umgeben. Bewohner und G\u00e4ste von Damac Lagoons k\u00f6nnen eine gro\u00dfe Auswahl an Unterhaltungs- und Freizeitm\u00f6glichkeiten genie\u00dfen, darunter beeindruckende Rutschen ...","protected":false},"author":1,"featured_media":0,"parent":4295,"menu_order":0,"comment_status":"closed","ping_status":"closed","template":"advanced_search_results.php","meta":{"inline_featured_image":false,"_glsr_average":0,"_glsr_ranking":0,"_glsr_reviews":0,"footnotes":""},"class_list":["post-4328","page","type-page","status-publish","hentry"],"yoast_head":"<!-- This site is optimized with the Yoast SEO Premium plugin v25.1 (Yoast SEO v25.6) - https:\/\/yoast.com\/wordpress\/plugins\/seo\/ -->\n<title>Buy property in Downtown Burj Dubai, UAE. Housing prices - Alira<\/title>\n<meta name=\"description\" content=\"Buy property in Damac Lagoons, Dubai, UAE. \u2b50 Housing for sale in Damac Lagoons: apartments, houses, villas. \u2b50 Prices, photos and descriptions. \u27a4 Leave a request for selection on the website!\" \/>\n<meta name=\"robots\" content=\"index, follow, max-snippet:-1, max-image-preview:large, max-video-preview:-1\" \/>\n<link rel=\"canonical\" href=\"https:\/\/alirarealestate.com\/de\/catalog\/buy\/dubai\/damac-lagoons\/\" \/>\n<meta property=\"og:locale\" content=\"de_DE\" \/>\n<meta property=\"og:type\" content=\"article\" \/>\n<meta property=\"og:title\" content=\"Properties for Sale in Damac Lagoons\" \/>\n<meta property=\"og:description\" content=\"Buy property in Damac Lagoons, Dubai, UAE. \u2b50 Housing for sale in Damac Lagoons: apartments, houses, villas. \u2b50 Prices, photos and descriptions. \u27a4 Leave a request for selection on the website!\" \/>\n<meta property=\"og:url\" content=\"https:\/\/alirarealestate.com\/de\/catalog\/buy\/dubai\/damac-lagoons\/\" \/>\n<meta property=\"og:site_name\" content=\"Alira Real Estate - Real estate in the UAE\" \/>\n<meta property=\"article:modified_time\" content=\"2024-10-27T15:04:03+00:00\" \/>\n<meta name=\"twitter:card\" content=\"summary_large_image\" \/>\n<meta name=\"twitter:label1\" content=\"Gesch\u00e4tzte Lesezeit\" \/>\n\t<meta name=\"twitter:data1\" content=\"6\u00a0Minuten\" \/>\n<script type=\"application\/ld+json\" class=\"yoast-schema-graph\">{\"@context\":\"https:\/\/schema.org\",\"@graph\":[{\"@type\":\"WebPage\",\"@id\":\"https:\/\/alirarealestate.com\/de\/catalog\/buy\/dubai\/damac-lagoons\/\",\"url\":\"https:\/\/alirarealestate.com\/de\/catalog\/buy\/dubai\/damac-lagoons\/\",\"name\":\"Buy property in Downtown Burj Dubai, UAE. Housing prices - Alira\",\"isPartOf\":{\"@id\":\"https:\/\/alirarealestate.com\/de\/#website\"},\"datePublished\":\"2024-04-18T07:17:39+00:00\",\"dateModified\":\"2024-10-27T15:04:03+00:00\",\"description\":\"Buy property in Damac Lagoons, Dubai, UAE. \u2b50 Housing for sale in Damac Lagoons: apartments, houses, villas. \u2b50 Prices, photos and descriptions. \u27a4 Leave a request for selection on the website!\",\"breadcrumb\":{\"@id\":\"https:\/\/alirarealestate.com\/de\/catalog\/buy\/dubai\/damac-lagoons\/#breadcrumb\"},\"inLanguage\":\"de\",\"potentialAction\":[{\"@type\":\"ReadAction\",\"target\":[\"https:\/\/alirarealestate.com\/de\/catalog\/buy\/dubai\/damac-lagoons\/\"]}]},{\"@type\":\"BreadcrumbList\",\"@id\":\"https:\/\/alirarealestate.com\/de\/catalog\/buy\/dubai\/damac-lagoons\/#breadcrumb\",\"itemListElement\":[{\"@type\":\"ListItem\",\"position\":1,\"name\":\"Home\",\"item\":\"https:\/\/alirarealestate.com\/\"},{\"@type\":\"ListItem\",\"position\":2,\"name\":\"Real Estate Catalog\",\"item\":\"https:\/\/alirarealestate.com\/catalog\/\"},{\"@type\":\"ListItem\",\"position\":3,\"name\":\"Real Estate Catalog\",\"item\":\"https:\/\/alirarealestate.com\/catalog\/buy\/\"},{\"@type\":\"ListItem\",\"position\":4,\"name\":\"Properties for Sale in Dubai\",\"item\":\"https:\/\/alirarealestate.com\/catalog\/buy\/dubai\/\"},{\"@type\":\"ListItem\",\"position\":5,\"name\":\"Properties for Sale in Damac Lagoons\"}]},{\"@type\":\"WebSite\",\"@id\":\"https:\/\/alirarealestate.com\/de\/#website\",\"url\":\"https:\/\/alirarealestate.com\/de\/\",\"name\":\"Alira Real Estate - Real estate in the UAE\",\"description\":\"\",\"potentialAction\":[{\"@type\":\"SearchAction\",\"target\":{\"@type\":\"EntryPoint\",\"urlTemplate\":\"https:\/\/alirarealestate.com\/de\/?s={search_term_string}\"},\"query-input\":{\"@type\":\"PropertyValueSpecification\",\"valueRequired\":true,\"valueName\":\"search_term_string\"}}],\"inLanguage\":\"de\"}]}<\/script>\n<!-- \/ Yoast SEO Premium plugin. -->","yoast_head_json":{"title":"Buy property in Downtown Burj Dubai, UAE. Housing prices - Alira","description":"Buy property in Damac Lagoons, Dubai, UAE. \u2b50 Housing for sale in Damac Lagoons: apartments, houses, villas. \u2b50 Prices, photos and descriptions. \u27a4 Leave a request for selection on the website!","robots":{"index":"index","follow":"follow","max-snippet":"max-snippet:-1","max-image-preview":"max-image-preview:large","max-video-preview":"max-video-preview:-1"},"canonical":"https:\/\/alirarealestate.com\/de\/catalog\/buy\/dubai\/damac-lagoons\/","og_locale":"de_DE","og_type":"article","og_title":"Properties for Sale in Damac Lagoons","og_description":"Buy property in Damac Lagoons, Dubai, UAE. \u2b50 Housing for sale in Damac Lagoons: apartments, houses, villas. \u2b50 Prices, photos and descriptions. \u27a4 Leave a request for selection on the website!","og_url":"https:\/\/alirarealestate.com\/de\/catalog\/buy\/dubai\/damac-lagoons\/","og_site_name":"Alira Real Estate - Real estate in the UAE","article_modified_time":"2024-10-27T15:04:03+00:00","twitter_card":"summary_large_image","twitter_misc":{"Gesch\u00e4tzte Lesezeit":"6\u00a0Minuten"},"schema":{"@context":"https:\/\/schema.org","@graph":[{"@type":"WebPage","@id":"https:\/\/alirarealestate.com\/de\/catalog\/buy\/dubai\/damac-lagoons\/","url":"https:\/\/alirarealestate.com\/de\/catalog\/buy\/dubai\/damac-lagoons\/","name":"Buy property in Downtown Burj Dubai, UAE. Housing prices - Alira","isPartOf":{"@id":"https:\/\/alirarealestate.com\/de\/#website"},"datePublished":"2024-04-18T07:17:39+00:00","dateModified":"2024-10-27T15:04:03+00:00","description":"Buy property in Damac Lagoons, Dubai, UAE. \u2b50 Housing for sale in Damac Lagoons: apartments, houses, villas. \u2b50 Prices, photos and descriptions. \u27a4 Leave a request for selection on the website!","breadcrumb":{"@id":"https:\/\/alirarealestate.com\/de\/catalog\/buy\/dubai\/damac-lagoons\/#breadcrumb"},"inLanguage":"de","potentialAction":[{"@type":"ReadAction","target":["https:\/\/alirarealestate.com\/de\/catalog\/buy\/dubai\/damac-lagoons\/"]}]},{"@type":"BreadcrumbList","@id":"https:\/\/alirarealestate.com\/de\/catalog\/buy\/dubai\/damac-lagoons\/#breadcrumb","itemListElement":[{"@type":"ListItem","position":1,"name":"Home","item":"https:\/\/alirarealestate.com\/"},{"@type":"ListItem","position":2,"name":"Real Estate Catalog","item":"https:\/\/alirarealestate.com\/catalog\/"},{"@type":"ListItem","position":3,"name":"Real Estate Catalog","item":"https:\/\/alirarealestate.com\/catalog\/buy\/"},{"@type":"ListItem","position":4,"name":"Properties for Sale in Dubai","item":"https:\/\/alirarealestate.com\/catalog\/buy\/dubai\/"},{"@type":"ListItem","position":5,"name":"Properties for Sale in Damac Lagoons"}]},{"@type":"WebSite","@id":"https:\/\/alirarealestate.com\/de\/#website","url":"https:\/\/alirarealestate.com\/de\/","name":"Alira Real Estate - Real estate in the UAE","description":"","potentialAction":[{"@type":"SearchAction","target":{"@type":"EntryPoint","urlTemplate":"https:\/\/alirarealestate.com\/de\/?s={search_term_string}"},"query-input":{"@type":"PropertyValueSpecification","valueRequired":true,"valueName":"search_term_string"}}],"inLanguage":"de"}]}},"_links":{"self":[{"href":"https:\/\/alirarealestate.com\/de\/wp-json\/wp\/v2\/pages\/4328"}],"collection":[{"href":"https:\/\/alirarealestate.com\/de\/wp-json\/wp\/v2\/pages"}],"about":[{"href":"https:\/\/alirarealestate.com\/de\/wp-json\/wp\/v2\/types\/page"}],"author":[{"embeddable":true,"href":"https:\/\/alirarealestate.com\/de\/wp-json\/wp\/v2\/users\/1"}],"replies":[{"embeddable":true,"href":"https:\/\/alirarealestate.com\/de\/wp-json\/wp\/v2\/comments?post=4328"}],"version-history":[{"count":2,"href":"https:\/\/alirarealestate.com\/de\/wp-json\/wp\/v2\/pages\/4328\/revisions"}],"predecessor-version":[{"id":5918,"href":"https:\/\/alirarealestate.com\/de\/wp-json\/wp\/v2\/pages\/4328\/revisions\/5918"}],"up":[{"embeddable":true,"href":"https:\/\/alirarealestate.com\/de\/wp-json\/wp\/v2\/pages\/4295"}],"wp:attachment":[{"href":"https:\/\/alirarealestate.com\/de\/wp-json\/wp\/v2\/media?parent=4328"}],"curies":[{"name":"wp","href":"https:\/\/api.w.org\/{rel}","templated":true}]}}