{"id":4324,"date":"2024-04-18T10:17:39","date_gmt":"2024-04-18T07:17:39","guid":{"rendered":"https:\/\/alirarealestate.com\/catalog\/buy\/fujairah\/"},"modified":"2024-10-27T17:56:59","modified_gmt":"2024-10-27T14:56:59","slug":"fujairah","status":"publish","type":"page","link":"https:\/\/alirarealestate.com\/de\/catalog\/buy\/fujairah\/","title":{"rendered":"Immobilien in Fujairah"},"content":{"rendered":"<section class=\"wpb-content-wrapper\"><div class=\"vc_row wpb_row vc_row-fluid vc_row\"><div class=\"wpb_column vc_column_container vc_col-sm-12 vc_column\"><div class=\"vc_column-inner\"><div class=\"wpb_wrapper\">\n\t<div class=\"wpb_text_column wpb_content_element  vc_column_text\" >\n\t\t<div class=\"wpb_wrapper\">\n\t\t\t<p><span style=\"font-weight: 400;\">Das Emirat Fujairah ist ein Ort von atemberaubender Natursch\u00f6nheit, wo das unber\u00fchrte Meer harmonisch mit den majest\u00e4tischen Hajar-Bergen verschmilzt und eine malerische Kulisse bildet. Viele Touristen w\u00e4hlen Fujairah f\u00fcr ein unvergleichliches Urlaubserlebnis. In diesem Emirat gibt es keine \u00d6lindustrie und nur eine begrenzte Anzahl von Wolkenkratzern. Das Hauptmerkmal dieses Resorts ist sein Zugang zu den Ufern des Arabischen Meeres. Die Str\u00e4nde von Fujairah sind f\u00fcr ihren weichen Sand und ihr kristallklares Wasser bekannt und eignen sich daher ideal zum Entspannen und f\u00fcr Wassersport. Das Klima hier ist im Vergleich zu anderen Emiraten milder und feuchter, was es zum Leben und Urlauben angenehmer macht.<\/span><\/p>\n<p>&nbsp;<\/p>\n<h2><b>Vorteile des Immobilienkaufs in Fujairah<\/b><\/h2>\n<p>&nbsp;<\/p>\n<p><span style=\"font-weight: 400;\">Das Emirat Fujairah zeichnet sich durch sein bergiges Gel\u00e4nde aus, was im Vergleich zu anderen Emiraten zu mehr Niederschlag f\u00fchrt. Mit einer Gesamtfl\u00e4che von 1.450 km\u00b2 ist es das f\u00fcnftgr\u00f6\u00dfte Emirat der VAE. Diese Region war historisch f\u00fcr ihre gut entwickelte Landwirtschaft bekannt, und die Bewohner waren in der Fischerei t\u00e4tig. Diese Aktivit\u00e4ten sind bis heute erhalten geblieben. Fujairah ist der zweitgr\u00f6\u00dfte Bunkerhafen der Welt. Reedereien haben hier ihre Niederlassungen, was ein florierendes Gesch\u00e4ftsumfeld in der Region f\u00f6rdert.<\/span><\/p>\n<p>&nbsp;<\/p>\n<p><span style=\"font-weight: 400;\">Sie k\u00f6nnen in Fujairah, VAE, Immobilien f\u00fcr verschiedene Zwecke kaufen. Diese Region eignet sich nicht nur f\u00fcr Arbeit und Gesch\u00e4ftsentwicklung, sondern auch f\u00fcr das Familienleben. Sie verf\u00fcgt \u00fcber eine gut entwickelte soziale Infrastruktur. Es gibt Kinderg\u00e4rten und Schulen, die verschiedene Bildungsprogramme anbieten, sowie zahlreiche Gr\u00fcnfl\u00e4chen f\u00fcr Spazierg\u00e4nge und zum Spielen.<\/span><\/p>\n<p>&nbsp;<\/p>\n<p><span style=\"font-weight: 400;\">Fujairah ist ein hervorragendes Gebiet f\u00fcr Erholung, Unterhaltung, Bildung und Arbeit. Einkaufsbegeisterte k\u00f6nnen eines der vielen gro\u00dfen Einkaufszentren besuchen, wie die Fujairah Mall, die Century Mall Fujairah, die Lulu Mall, das Fujairah City Centre und die Safeer Mall.<\/span><\/p>\n<p>&nbsp;<\/p>\n<p><span style=\"font-weight: 400;\">Touristen werden Sehensw\u00fcrdigkeiten wie Al-Hail, die Al-Bidiya-Moschee und das Fujairah-Museum besuchen wollen. Diese St\u00e4tten machen Fujairah zu einem einzigartigen Reiseziel f\u00fcr Touristen, die mehr \u00fcber die reiche Geschichte und Kultur der VAE erfahren und gleichzeitig die nat\u00fcrliche Sch\u00f6nheit und die modernen Annehmlichkeiten dieses Emirats genie\u00dfen m\u00f6chten.<\/span><\/p>\n<p>&nbsp;<\/p>\n<p><span style=\"font-weight: 400;\">Diese Region ist f\u00fcr ihre sauberen und malerischen Str\u00e4nde bekannt. Zu den bekanntesten z\u00e4hlen Al Aqah Beach, Corniche Beach, Meredey Beach und Dibba Beach. Diese Str\u00e4nde eignen sich f\u00fcr Familienerholung und Wassersportler.<\/span><\/p>\n<p>&nbsp;<\/p>\n<p><span style=\"font-weight: 400;\">In Fujairah bieten Bildungseinrichtungen verschiedene Bildungsprogramme und -ans\u00e4tze an, sodass Eltern je nach ihren Bildungspr\u00e4ferenzen und den Bed\u00fcrfnissen ihrer Kinder eine Schule oder einen Kindergarten ausw\u00e4hlen k\u00f6nnen.<\/span><\/p>\n<p>&nbsp;<\/p>\n<p><span style=\"font-weight: 400;\">Bei Bedarf k\u00f6nnen Sie medizinische Dienste in Anspruch nehmen. In Fujairah gibt es das Hauptkrankenhaus von Fujairah und spezialisierte medizinische Zentren. Sie bieten ein hohes Ma\u00df an Service und schnelle Hilfe.<\/span><\/p>\n<p>&nbsp;<\/p>\n<h2><b>Hauptarten von Immobilien<\/b><\/h2>\n<p>&nbsp;<\/p>\n<p><span style=\"font-weight: 400;\">Das Emirat Fujairah ist eine der j\u00fcngsten und sich am dynamischsten entwickelnden Regionen mit hohem Potenzial f\u00fcr weiteres Wachstum. Die Immobilienpreise in Al-Fujairah h\u00e4ngen von der Lage, der Gegend, dem Bautr\u00e4ger und der N\u00e4he zum Meer oder zu Sehensw\u00fcrdigkeiten ab. Ein charakteristisches Merkmal der Immobilien in dieser Stadt ist das Fehlen von Wolkenkratzern. Am h\u00e4ufigsten werden Wohnkomplexe mit niedrigen Geb\u00e4uden errichtet.<\/span><\/p>\n<p>&nbsp;<\/p>\n<p><span style=\"font-weight: 400;\">In Fujairah finden Sie:<\/span><\/p>\n<p>&nbsp;<\/p>\n<ul>\n<li style=\"font-weight: 400;\" aria-level=\"1\"><b>Apartments und Wohnungen<\/b><span style=\"font-weight: 400;\">: Diese Immobilien sind in verschiedenen Grundrissen und Ausf\u00fchrungen erh\u00e4ltlich und k\u00f6nnen in Meeresn\u00e4he liegen. Sie k\u00f6nnen auch Wohnungen in neuen Wohnkomplexen wie Address JBR und Serenia erwerben, wo jede Einheit einen atemberaubenden Blick auf die Stadt bietet.<\/span><\/li>\n<li style=\"font-weight: 400;\" aria-level=\"1\"><b>Stadth\u00e4user<\/b><span style=\"font-weight: 400;\">: Im Gegensatz zu Villen schaffen Stadth\u00e4user ein Gemeinschaftsgef\u00fchl und gew\u00e4hrleisten gleichzeitig Privatsph\u00e4re, Ruhe und ein hohes Ma\u00df an Komfort.<\/span><\/li>\n<li style=\"font-weight: 400;\" aria-level=\"1\"><b>Villen<\/b><span style=\"font-weight: 400;\">: Fujairah beherbergt eine gro\u00dfe Anzahl von Villen, die sich durch ihren anspruchsvollen Architekturstil, ihre gro\u00dfz\u00fcgigen Fl\u00e4chen und ihre hohe Sicherheit auszeichnen. Diese Art von Immobilien ist ideal f\u00fcr diejenigen, die einen gef\u00fchlvollen und ruhigen R\u00fcckzugsort auf hohem Niveau bevorzugen.<\/span><\/li>\n<\/ul>\n<p>&nbsp;<\/p>\n<p><span style=\"font-weight: 400;\">Um die aktuellsten Preise f\u00fcr Immobilien in Fujairah zu erfahren, ist es ratsam, sich an Spezialisten zu wenden. Die Manager der Immobilienagenturen verf\u00fcgen \u00fcber die neuesten Informationen und k\u00f6nnen Ihnen helfen, die beste Option basierend auf Ihren Pr\u00e4ferenzen auszuw\u00e4hlen.<\/span><\/p>\n<p>&nbsp;<\/p>\n<h2><b>Immobilienpreise in Fujairah<\/b><\/h2>\n<p>&nbsp;<\/p>\n<p><span style=\"font-weight: 400;\">Die Immobilienpreise in Fujairah sind vergleichsweise niedriger als in den gro\u00dfen Emiraten. Sie variieren je nach Art der Wohnung, Lage, Gr\u00f6\u00dfe und Zustand der Immobilie. Laut The Metropolitan Group sind die Immobilienpreise in Fujairah im Jahr 2024 wie folgt:<\/span><\/p>\n<p>&nbsp;<\/p>\n<ul>\n<li style=\"font-weight: 400;\" aria-level=\"1\"><span style=\"font-weight: 400;\">Studios ab $60.000 USD<\/span><\/li>\n<li style=\"font-weight: 400;\" aria-level=\"1\"><span style=\"font-weight: 400;\">1-Zimmer-Wohnungen ab $80.000 USD<\/span><\/li>\n<li style=\"font-weight: 400;\" aria-level=\"1\"><span style=\"font-weight: 400;\">2-Zimmer-Wohnungen ab $160.000 USD<\/span><\/li>\n<li style=\"font-weight: 400;\" aria-level=\"1\"><span style=\"font-weight: 400;\">3-Zimmer-Wohnungen ab $190.000 USD<\/span><\/li>\n<li style=\"font-weight: 400;\" aria-level=\"1\"><span style=\"font-weight: 400;\">Villen und H\u00e4user von $250.000 bis $3.000.000 USD<\/span><\/li>\n<\/ul>\n<p>&nbsp;<\/p>\n<p><span style=\"font-weight: 400;\">Wenn Sie daran interessiert sind, eine Immobilie in Fujairah zu kaufen oder zu verkaufen, wenden Sie sich am besten an die Immobilienagentur Alira, die Sie in jeder Phase der Transaktion unterst\u00fctzt. Wenn Sie auf der Suche nach einer rentablen Anlageimmobilie sind, k\u00f6nnen Ihnen die Spezialisten Einblicke in die vielversprechendsten und lukrativsten verf\u00fcgbaren Optionen geben.<\/span><\/p>\n<p>&nbsp;<\/p>\n<h2><b>Lebensstil in Fujairah<\/b><\/h2>\n<p>&nbsp;<\/p>\n<p><span style=\"font-weight: 400;\">Das Emirat Fujairah bietet eine bemerkenswerte Mischung aus angenehmem Klima, atemberaubender Natursch\u00f6nheit und moderner Infrastruktur. Wohnkomplexe sind strategisch g\u00fcnstig gelegen, um einen schnellen Zugang zu wichtigen Einrichtungen wie Schulen, Kinderg\u00e4rten, Einkaufszentren und medizinischen Zentren zu erm\u00f6glichen.<\/span><\/p>\n<p>&nbsp;<\/p>\n<p><span style=\"font-weight: 400;\">Der Kauf einer Immobilie in Fujairah ist zweifellos eine gute Investition, da die Beliebtheit der Stadt jedes Jahr zunimmt. Der hohe Lebensstandard, eine gro\u00dfe Auswahl an Immobilien und die M\u00f6glichkeit zur ruhigen Entspannung inmitten der Natur kurbeln die Nachfrage ausl\u00e4ndischer B\u00fcrger an. Immobilienbesitzer k\u00f6nnen durch die Vermietung von Wohnungen, Studios oder Villen ein stabiles Einkommen erzielen.<\/span><\/p>\n<p>&nbsp;<\/p>\n<h2><b>Investitionen in Immobilien in Fujairah<\/b><\/h2>\n<p>&nbsp;<\/p>\n<p><span style=\"font-weight: 400;\">Das Emirat Fujairah ist f\u00fcr Ausl\u00e4nder aus verschiedenen Gr\u00fcnden attraktiv. Die Nachfrage nach Wohnraum ist stabil, da die Gegend bei Ingenieuren, Arbeitern und Gesch\u00e4ftsleuten beliebt ist. Das angenehme und nicht zu hei\u00dfe Klima macht es auch zu einem bevorzugten Reiseziel f\u00fcr Touristen.<\/span><\/p>\n<p>&nbsp;<\/p>\n<p><span style=\"font-weight: 400;\">Erstens sind die Immobilienpreise hier etwas niedriger als in Dubai. Zweitens erg\u00e4nzt der ruhige Lebensstil die M\u00f6glichkeiten f\u00fcr eine dynamische Gesch\u00e4ftsentwicklung perfekt. Drittens gibt es eine hervorragende Auswahl an fertiggestellten und im Bau befindlichen Immobilien.<\/span><\/p>\n<p>&nbsp;<\/p>\n<p><span style=\"font-weight: 400;\">Investitionen in Wohnungen verschiedener Klassen sind ein vern\u00fcnftiger Schritt zur Erzielung eines stabilen Einkommens. Die Kapitalrendite betr\u00e4gt 7-9% pro Jahr, was als hervorragender Indikator gilt.<\/span><\/p>\n<p>&nbsp;<\/p>\n<h2><b>Zusammenarbeit mit der Immobilienagentur Alira<\/b><\/h2>\n<p>&nbsp;<\/p>\n<p><span style=\"font-weight: 400;\">Der Umzug nach Fujairah sollte mit einer gr\u00fcndlichen Analyse der Immobilienangebote und der Auswahl der besten Option beginnen. Die Immobilienagentur Alira verf\u00fcgt \u00fcber die aktuellsten Informationen zu vielversprechenden Immobilien und kann schnell das richtige f\u00fcr Sie finden. Durch die Zusammenarbeit mit der Agentur k\u00f6nnen Sie eine breite Palette von Dienstleistungen in Anspruch nehmen, von der Planung Ihres Umzugs bis hin zum Kauf und der Verwaltung von Immobilien.<\/span><\/p>\n<p>&nbsp;<\/p>\n<h2><b>Vorteile einer Zusammenarbeit mit der Immobilienagentur Alira:<\/b><\/h2>\n<p>&nbsp;<\/p>\n<ul>\n<li style=\"font-weight: 400;\" aria-level=\"1\"><span style=\"font-weight: 400;\">Das Team besteht aus hochqualifizierten Fachkr\u00e4ften.<\/span><\/li>\n<li style=\"font-weight: 400;\" aria-level=\"1\"><span style=\"font-weight: 400;\">Alle Informationen zu Transaktionen und Kunden sind vertraulich und werden nicht an Dritte weitergegeben.<\/span><\/li>\n<li style=\"font-weight: 400;\" aria-level=\"1\"><span style=\"font-weight: 400;\">Jede Kundenanfrage wird individuell behandelt und dementsprechend die am besten geeigneten Immobilienoptionen ausgew\u00e4hlt.<\/span><\/li>\n<li style=\"font-weight: 400;\" aria-level=\"1\"><span style=\"font-weight: 400;\">Die Agentur verf\u00fcgt \u00fcber eine aktuelle Immobiliendatenbank, die st\u00e4ndig aktualisiert wird.<\/span><\/li>\n<li style=\"font-weight: 400;\" aria-level=\"1\"><span style=\"font-weight: 400;\">Die Immobilienagentur Alira hat einen tadellosen Ruf und stellt sicher, dass jede Transaktion \u00fcberpr\u00fcft und sicher ist.<\/span><\/li>\n<\/ul>\n<p>&nbsp;<\/p>\n<p><span style=\"font-weight: 400;\">F\u00fcr weitere Fragen wenden Sie sich bitte an unseren Manager unter <a href=\"tel: 971588337\">+971 (588) 337<\/a> oder <a href=\"tel: 79869277377\">+7 (986) 927-73-77.<\/a>, oder senden Sie eine Anfrage an <\/span><a href=\"mailto:info@alirarealestate.com\"><span style=\"font-weight: 400;\">info@alirarealestate.com<\/span><\/a><span style=\"font-weight: 400;\">.<\/span><\/p>\n\n\t\t<\/div>\n\t<\/div>\n<\/div><\/div><\/div><\/div><div class=\"vc_row wpb_row vc_row-fluid vc_row\"><div class=\"wpb_column vc_column_container vc_col-sm-12 vc_column\"><div class=\"vc_column-inner\"><div class=\"wpb_wrapper\"><div class=\"vc_tta-container\" data-vc-action=\"collapse\"><h2>FAQ<\/h2><div class=\"vc_general vc_tta vc_tta-accordion vc_tta-color-grey vc_tta-style-classic vc_tta-shape-rounded vc_tta-o-shape-group vc_tta-controls-align-left wpestate_accordion vc_tta_accordion\"><div class=\"vc_tta-panels-container\"><div class=\"vc_tta-panels\"><div class=\"vc_tta-panel vc_active\" id=\"1719266645639-b34022a7-7a78\" data-vc-content=\".vc_tta-panel-body\"><div class=\"vc_tta-panel-heading\"><h4 class=\"vc_tta-panel-title vc_tta-controls-icon-position-left\"><a href=\"#1719266645639-b34022a7-7a78\" data-vc-accordion data-vc-container=\".vc_tta-container\"><span class=\"vc_tta-title-text\">Welche Arten von Immobilien stehen in Fujairah zum Kauf zur Verf\u00fcgung?<\/span><i class=\"vc_tta-controls-icon vc_tta-controls-icon-plus\"><\/i><\/a><\/h4><\/div><div class=\"vc_tta-panel-body\">\n\t<div class=\"wpb_text_column wpb_content_element  vc_column_text\" >\n\t\t<div class=\"wpb_wrapper\">\n\t\t\t<p><span style=\"font-weight: 400;\">In Fujairah stehen zahlreiche Immobilientypen zur Verf\u00fcgung, darunter Wohnungen, Villen und Stadth\u00e4user.<\/span><\/p>\n\n\t\t<\/div>\n\t<\/div>\n<\/div><\/div><div class=\"vc_tta-panel\" id=\"1719266645655-b89fd1ee-a12a\" data-vc-content=\".vc_tta-panel-body\"><div class=\"vc_tta-panel-heading\"><h4 class=\"vc_tta-panel-title vc_tta-controls-icon-position-left\"><a href=\"#1719266645655-b89fd1ee-a12a\" data-vc-accordion data-vc-container=\".vc_tta-container\"><span class=\"vc_tta-title-text\">Welche Voraussetzungen m\u00fcssen Ausl\u00e4nder erf\u00fcllen, um in Fujairah Immobilien zu erwerben?<\/span><i class=\"vc_tta-controls-icon vc_tta-controls-icon-plus\"><\/i><\/a><\/h4><\/div><div class=\"vc_tta-panel-body\">\n\t<div class=\"wpb_text_column wpb_content_element  vc_column_text\" >\n\t\t<div class=\"wpb_wrapper\">\n\t\t\t<p><span style=\"font-weight: 400;\">Ausl\u00e4nder k\u00f6nnen in Fujairah in ausgewiesenen Gebieten, den sogenannten Freehold Zones, Immobilien erwerben. In diesen Zonen haben sie das Recht auf Volleigentum.<\/span><\/p>\n\n\t\t<\/div>\n\t<\/div>\n<\/div><\/div><div class=\"vc_tta-panel\" id=\"1719266716016-f7976df7-8ad5\" data-vc-content=\".vc_tta-panel-body\"><div class=\"vc_tta-panel-heading\"><h4 class=\"vc_tta-panel-title vc_tta-controls-icon-position-left\"><a href=\"#1719266716016-f7976df7-8ad5\" data-vc-accordion data-vc-container=\".vc_tta-container\"><span class=\"vc_tta-title-text\">Wie l\u00e4uft der Kauf einer Immobilie in Fujairah ab?<\/span><i class=\"vc_tta-controls-icon vc_tta-controls-icon-plus\"><\/i><\/a><\/h4><\/div><div class=\"vc_tta-panel-body\">\n\t<div class=\"wpb_text_column wpb_content_element  vc_column_text\" >\n\t\t<div class=\"wpb_wrapper\">\n\t\t\t<p><span style=\"font-weight: 400;\">Der Prozess des Immobilienkaufs umfasst die Auswahl der gew\u00fcnschten Immobilie, die Unterzeichnung eines Vorvertrags (normalerweise mit einer Anzahlung), die \u00dcberpr\u00fcfung des rechtlichen Status der Immobilie, die Unterzeichnung des endg\u00fcltigen Vertrags und die Registrierung der Transaktion bei den Immobilienbeh\u00f6rden.<\/span><\/p>\n\n\t\t<\/div>\n\t<\/div>\n<\/div><\/div><div class=\"vc_tta-panel\" id=\"1719266745398-b1c99ace-caa6\" data-vc-content=\".vc_tta-panel-body\"><div class=\"vc_tta-panel-heading\"><h4 class=\"vc_tta-panel-title vc_tta-controls-icon-position-left\"><a href=\"#1719266745398-b1c99ace-caa6\" data-vc-accordion data-vc-container=\".vc_tta-container\"><span class=\"vc_tta-title-text\">Welche Kosten und Steuern sind mit dem Immobilienkauf in Fujairah verbunden?<\/span><i class=\"vc_tta-controls-icon vc_tta-controls-icon-plus\"><\/i><\/a><\/h4><\/div><div class=\"vc_tta-panel-body\">\n\t<div class=\"wpb_text_column wpb_content_element  vc_column_text\" >\n\t\t<div class=\"wpb_wrapper\">\n\t\t\t<p><span style=\"font-weight: 400;\">Zu den Kosten k\u00f6nnen eine Grunderwerbsteuer (\u00dcbertragungsgeb\u00fchr), Maklerprovisionen und Anwaltskosten geh\u00f6ren. Die Grunderwerbsteuer betr\u00e4gt in der Regel 4% des Immobilienwertes.<\/span><\/p>\n\n\t\t<\/div>\n\t<\/div>\n<\/div><\/div><div class=\"vc_tta-panel\" id=\"1719266768032-981502c5-f016\" data-vc-content=\".vc_tta-panel-body\"><div class=\"vc_tta-panel-heading\"><h4 class=\"vc_tta-panel-title vc_tta-controls-icon-position-left\"><a href=\"#1719266768032-981502c5-f016\" data-vc-accordion data-vc-container=\".vc_tta-container\"><span class=\"vc_tta-title-text\">Welche Tipps gibt es f\u00fcr die Immobilienauswahl in Fujairah?<\/span><i class=\"vc_tta-controls-icon vc_tta-controls-icon-plus\"><\/i><\/a><\/h4><\/div><div class=\"vc_tta-panel-body\">\n\t<div class=\"wpb_text_column wpb_content_element  vc_column_text\" >\n\t\t<div class=\"wpb_wrapper\">\n\t\t\t<p><span style=\"font-weight: 400;\">\u00a0Vor dem Kauf einer Immobilie ist es wichtig, Ihre Bed\u00fcrfnisse und Ihr Budget zu bestimmen, den Immobilienmarkt zu erforschen, den rechtlichen Status der Immobilie zu \u00fcberpr\u00fcfen und sicherzustellen, dass in der Umgebung die notwendigen Annehmlichkeiten und die Infrastruktur vorhanden sind.<\/span><\/p>\n\n\t\t<\/div>\n\t<\/div>\n<\/div><\/div><\/div><\/div><\/div><\/div><\/div><\/div><\/div><\/div>\n<\/section>","protected":false},"excerpt":{"rendered":"Das Emirat Fujairah ist ein Ort von atemberaubender Natursch\u00f6nheit, wo das unber\u00fchrte Meer harmonisch mit dem majest\u00e4tischen Hadschar-Gebirge verschmilzt und eine malerische Kulisse bildet. Viele Touristen w\u00e4hlen Fujairah f\u00fcr ein unvergleichliches Urlaubserlebnis. Das Emirat hat keine \u00d6lindustrie und nur wenige Wolkenkratzer. Das Hauptmerkmal dieses Resorts ist der Zugang zur K\u00fcste des Arabischen Meeres. Die ...","protected":false},"author":1,"featured_media":0,"parent":4288,"menu_order":0,"comment_status":"closed","ping_status":"closed","template":"advanced_search_results.php","meta":{"inline_featured_image":false,"_glsr_average":0,"_glsr_ranking":0,"_glsr_reviews":0,"footnotes":""},"class_list":["post-4324","page","type-page","status-publish","hentry"],"yoast_head":"<!-- This site is optimized with the Yoast SEO Premium plugin v25.1 (Yoast SEO v25.6) - https:\/\/yoast.com\/wordpress\/plugins\/seo\/ -->\n<title>Property in Fujairah - Alira Real Estate - Real estate in the UAE<\/title>\n<meta name=\"robots\" content=\"index, follow, max-snippet:-1, max-image-preview:large, max-video-preview:-1\" \/>\n<link rel=\"canonical\" href=\"https:\/\/alirarealestate.com\/de\/catalog\/buy\/fujairah\/\" \/>\n<meta property=\"og:locale\" content=\"de_DE\" \/>\n<meta property=\"og:type\" content=\"article\" \/>\n<meta property=\"og:title\" content=\"Property in Fujairah\" \/>\n<meta property=\"og:url\" content=\"https:\/\/alirarealestate.com\/de\/catalog\/buy\/fujairah\/\" \/>\n<meta property=\"og:site_name\" content=\"Alira Real Estate - Real estate in the UAE\" \/>\n<meta property=\"article:modified_time\" content=\"2024-10-27T14:56:59+00:00\" \/>\n<meta name=\"twitter:card\" content=\"summary_large_image\" \/>\n<meta name=\"twitter:label1\" content=\"Gesch\u00e4tzte Lesezeit\" \/>\n\t<meta name=\"twitter:data1\" content=\"6\u00a0Minuten\" \/>\n<script type=\"application\/ld+json\" class=\"yoast-schema-graph\">{\"@context\":\"https:\/\/schema.org\",\"@graph\":[{\"@type\":\"WebPage\",\"@id\":\"https:\/\/alirarealestate.com\/de\/catalog\/buy\/fujairah\/\",\"url\":\"https:\/\/alirarealestate.com\/de\/catalog\/buy\/fujairah\/\",\"name\":\"Property in Fujairah - Alira Real Estate - Real estate in the UAE\",\"isPartOf\":{\"@id\":\"https:\/\/alirarealestate.com\/de\/#website\"},\"datePublished\":\"2024-04-18T07:17:39+00:00\",\"dateModified\":\"2024-10-27T14:56:59+00:00\",\"breadcrumb\":{\"@id\":\"https:\/\/alirarealestate.com\/de\/catalog\/buy\/fujairah\/#breadcrumb\"},\"inLanguage\":\"de\",\"potentialAction\":[{\"@type\":\"ReadAction\",\"target\":[\"https:\/\/alirarealestate.com\/de\/catalog\/buy\/fujairah\/\"]}]},{\"@type\":\"BreadcrumbList\",\"@id\":\"https:\/\/alirarealestate.com\/de\/catalog\/buy\/fujairah\/#breadcrumb\",\"itemListElement\":[{\"@type\":\"ListItem\",\"position\":1,\"name\":\"Home\",\"item\":\"https:\/\/alirarealestate.com\/\"},{\"@type\":\"ListItem\",\"position\":2,\"name\":\"Real Estate Catalog\",\"item\":\"https:\/\/alirarealestate.com\/catalog\/\"},{\"@type\":\"ListItem\",\"position\":3,\"name\":\"Real Estate Catalog\",\"item\":\"https:\/\/alirarealestate.com\/catalog\/buy\/\"},{\"@type\":\"ListItem\",\"position\":4,\"name\":\"Property in Fujairah\"}]},{\"@type\":\"WebSite\",\"@id\":\"https:\/\/alirarealestate.com\/de\/#website\",\"url\":\"https:\/\/alirarealestate.com\/de\/\",\"name\":\"Alira Real Estate - Real estate in the UAE\",\"description\":\"\",\"potentialAction\":[{\"@type\":\"SearchAction\",\"target\":{\"@type\":\"EntryPoint\",\"urlTemplate\":\"https:\/\/alirarealestate.com\/de\/?s={search_term_string}\"},\"query-input\":{\"@type\":\"PropertyValueSpecification\",\"valueRequired\":true,\"valueName\":\"search_term_string\"}}],\"inLanguage\":\"de\"}]}<\/script>\n<!-- \/ Yoast SEO Premium plugin. -->","yoast_head_json":{"title":"Property in Fujairah - Alira Real Estate - Real estate in the UAE","robots":{"index":"index","follow":"follow","max-snippet":"max-snippet:-1","max-image-preview":"max-image-preview:large","max-video-preview":"max-video-preview:-1"},"canonical":"https:\/\/alirarealestate.com\/de\/catalog\/buy\/fujairah\/","og_locale":"de_DE","og_type":"article","og_title":"Property in Fujairah","og_url":"https:\/\/alirarealestate.com\/de\/catalog\/buy\/fujairah\/","og_site_name":"Alira Real Estate - Real estate in the UAE","article_modified_time":"2024-10-27T14:56:59+00:00","twitter_card":"summary_large_image","twitter_misc":{"Gesch\u00e4tzte Lesezeit":"6\u00a0Minuten"},"schema":{"@context":"https:\/\/schema.org","@graph":[{"@type":"WebPage","@id":"https:\/\/alirarealestate.com\/de\/catalog\/buy\/fujairah\/","url":"https:\/\/alirarealestate.com\/de\/catalog\/buy\/fujairah\/","name":"Property in Fujairah - Alira Real Estate - Real estate in the UAE","isPartOf":{"@id":"https:\/\/alirarealestate.com\/de\/#website"},"datePublished":"2024-04-18T07:17:39+00:00","dateModified":"2024-10-27T14:56:59+00:00","breadcrumb":{"@id":"https:\/\/alirarealestate.com\/de\/catalog\/buy\/fujairah\/#breadcrumb"},"inLanguage":"de","potentialAction":[{"@type":"ReadAction","target":["https:\/\/alirarealestate.com\/de\/catalog\/buy\/fujairah\/"]}]},{"@type":"BreadcrumbList","@id":"https:\/\/alirarealestate.com\/de\/catalog\/buy\/fujairah\/#breadcrumb","itemListElement":[{"@type":"ListItem","position":1,"name":"Home","item":"https:\/\/alirarealestate.com\/"},{"@type":"ListItem","position":2,"name":"Real Estate Catalog","item":"https:\/\/alirarealestate.com\/catalog\/"},{"@type":"ListItem","position":3,"name":"Real Estate Catalog","item":"https:\/\/alirarealestate.com\/catalog\/buy\/"},{"@type":"ListItem","position":4,"name":"Property in Fujairah"}]},{"@type":"WebSite","@id":"https:\/\/alirarealestate.com\/de\/#website","url":"https:\/\/alirarealestate.com\/de\/","name":"Alira Real Estate - Real estate in the UAE","description":"","potentialAction":[{"@type":"SearchAction","target":{"@type":"EntryPoint","urlTemplate":"https:\/\/alirarealestate.com\/de\/?s={search_term_string}"},"query-input":{"@type":"PropertyValueSpecification","valueRequired":true,"valueName":"search_term_string"}}],"inLanguage":"de"}]}},"_links":{"self":[{"href":"https:\/\/alirarealestate.com\/de\/wp-json\/wp\/v2\/pages\/4324"}],"collection":[{"href":"https:\/\/alirarealestate.com\/de\/wp-json\/wp\/v2\/pages"}],"about":[{"href":"https:\/\/alirarealestate.com\/de\/wp-json\/wp\/v2\/types\/page"}],"author":[{"embeddable":true,"href":"https:\/\/alirarealestate.com\/de\/wp-json\/wp\/v2\/users\/1"}],"replies":[{"embeddable":true,"href":"https:\/\/alirarealestate.com\/de\/wp-json\/wp\/v2\/comments?post=4324"}],"version-history":[{"count":2,"href":"https:\/\/alirarealestate.com\/de\/wp-json\/wp\/v2\/pages\/4324\/revisions"}],"predecessor-version":[{"id":5915,"href":"https:\/\/alirarealestate.com\/de\/wp-json\/wp\/v2\/pages\/4324\/revisions\/5915"}],"up":[{"embeddable":true,"href":"https:\/\/alirarealestate.com\/de\/wp-json\/wp\/v2\/pages\/4288"}],"wp:attachment":[{"href":"https:\/\/alirarealestate.com\/de\/wp-json\/wp\/v2\/media?parent=4324"}],"curies":[{"name":"wp","href":"https:\/\/api.w.org\/{rel}","templated":true}]}}