{"id":4305,"date":"2024-04-18T10:17:39","date_gmt":"2024-04-18T07:17:39","guid":{"rendered":"https:\/\/alirarealestate.com\/catalog\/buy\/dubai\/villas\/"},"modified":"2024-10-27T17:27:42","modified_gmt":"2024-10-27T14:27:42","slug":"villas","status":"publish","type":"page","link":"https:\/\/alirarealestate.com\/de\/catalog\/buy\/dubai\/villas\/","title":{"rendered":"Villen zum Verkauf in Dubai"},"content":{"rendered":"<section class=\"wpb-content-wrapper\"><div class=\"vc_row wpb_row vc_row-fluid vc_row\"><div class=\"wpb_column vc_column_container vc_col-sm-12 vc_column\"><div class=\"vc_column-inner\"><div class=\"wpb_wrapper\">\n\t<div class=\"wpb_text_column wpb_content_element  vc_column_text\" >\n\t\t<div class=\"wpb_wrapper\">\n\t\t\t<p><span style=\"font-weight: 400;\">Sie tr\u00e4umen davon, in einem sonnigen Land zu leben, oder suchen nach einer erfolgreichen M\u00f6glichkeit, Geld anzulegen? Dann denken Sie \u00fcber Immobilien in Dubai nach. Villen und H\u00e4user sind in der modernen Metropole die begehrtesten Optionen. Und das nicht ohne Grund! Die Nachfrage nach solchen Immobilien in den Emiraten w\u00e4chst stetig. In Dubai stehen viele Wohngeb\u00e4ude zum Verkauf, jedes einzigartig in seinem Design und seiner Lage. Hier gibt es Immobilien f\u00fcr jedes Budget und jeden Geschmack, von minimalistischen H\u00e4usern mit einfacher Einrichtung bis hin zu Premium-Villen mit teurer Ausstattung.<\/span><\/p>\n<p>&nbsp;<\/p>\n<p><span style=\"font-weight: 400;\">Die Immobilienagentur Alira bietet das Beste <\/span><span style=\"font-weight: 400;\">H\u00e4user zum Verkauf Dubai <\/span><span style=\"font-weight: 400;\">und dar\u00fcber hinaus. Auf der Website des Unternehmens finden Sie <\/span><span style=\"font-weight: 400;\">eine Villa in Dubai kaufen <\/span><span style=\"font-weight: 400;\">zum g\u00fcnstigen Preis f\u00fcr jeden Anspruch:<\/span><\/p>\n<p>&nbsp;<\/p>\n<ul>\n<li><span style=\"font-weight: 400;\">f\u00fcr das ganzj\u00e4hrige Wohnen;<\/span><\/li>\n<li><span style=\"font-weight: 400;\">f\u00fcr Saisonaufenthalte;<\/span><\/li>\n<li><span style=\"font-weight: 400;\">zur Vermietung und mehr.<\/span><\/li>\n<li>Das Portal pr\u00e4sentiert aktuelle Informationen zu Immobilienverk\u00e4ufen in den Emiraten.<\/li>\n<\/ul>\n<p>&nbsp;<\/p>\n<h2><b>Vorteile von <\/b><b>Villen zum Verkauf in Dubai<\/b><\/h2>\n<p>&nbsp;<\/p>\n<p><span style=\"font-weight: 400;\">Eine Villa in Dubai kaufen<\/span><span style=\"font-weight: 400;\"> Am Meer zu wohnen bedeutet, Geld sinnvoll zu investieren. Hier sind einige Faktoren, die Immobilien in den VAE f\u00fcr Investitionen attraktiv machen:<\/span><\/p>\n<p>&nbsp;<\/p>\n<ul>\n<li><span style=\"font-weight: 400;\">Klima und Beliebtheit bei Touristen. Dubai liegt am Ufer des Persischen Golfs. Es ist eine der hei\u00dfesten St\u00e4dte der Welt mit \u00e4u\u00dferst seltenen Niederschl\u00e4gen. Dank seines angenehmen Klimas ist Dubai das ganze Jahr \u00fcber ein perfekter Urlaubsort.<\/span><\/li>\n<li><span style=\"font-weight: 400;\">Bequeme Verkehrsanbindung. Die Metropole verf\u00fcgt \u00fcber ein modernes st\u00e4dtisches und internationales Verkehrsnetz. Der Flughafen, von dem aus Sie in die beliebtesten L\u00e4nder der Welt fliegen k\u00f6nnen, befindet sich in der Stadt. Der Transfer dorthin dauert 30 Minuten.<\/span><\/li>\n<li><span style=\"font-weight: 400;\">Hoher Lebensstandard. Dubai ist eine hochentwickelte, moderne Metropole. Laut der Beratungsagentur Mercer belegt die Stadt in puncto Lebensqualit\u00e4t den 75. Platz von 211. Dar\u00fcber hinaus z\u00e4hlen die Vereinigten Arabischen Emirate zu den \u201eTOP-50 der besten Wohnorte\u201c.<\/span><\/li>\n<li><span style=\"font-weight: 400;\">Gesch\u00e4ftst\u00e4tigkeit. Dubai liegt an der Kreuzung wichtiger Luft- und Seehandelsrouten zwischen Asien und Europa. Die Stadt ist Sitz vieler namhafter Handelsunternehmen, was die Entwicklung internationaler Gesch\u00e4ftsbeziehungen f\u00f6rdert.<\/span><\/li>\n<li><span style=\"font-weight: 400;\">Sicherheit und Stabilit\u00e4t. Die Vereinigten Arabischen Emirate sind eines der sichersten L\u00e4nder der Welt. Die Migrationspolitik der VAE stellt strenge Anforderungen an Migranten.<\/span><\/li>\n<li><span style=\"font-weight: 400;\">Transparente Gesetzgebung. Immobilientransaktionen werden hier auf staatlicher Ebene kontrolliert und nur mit lizenzierten Unternehmen abgeschlossen.<\/span><\/li>\n<\/ul>\n<p>&nbsp;<\/p>\n<p><span style=\"font-weight: 400;\">Heute wimmelt es in den Arabischen Emiraten von Ausl\u00e4ndern. Manche kommen f\u00fcr ein paar Tage hierher, andere leben das ganze Jahr \u00fcber in der Ferienstadt. Der Kauf von Wohnimmobilien in dem arabischen Land bringt einen Gewinn von bis zu 5-101 TP3T pro Jahr, w\u00e4hrend der Kauf von Gewerbefl\u00e4chen bis zu 151 TP3T einbringen kann.<\/span><\/p>\n\n\t\t<\/div>\n\t<\/div>\n<\/div><\/div><\/div><\/div><div class=\"vc_row wpb_row vc_row-fluid vc_row\"><div class=\"wpb_column vc_column_container vc_col-sm-12 vc_column\"><div class=\"vc_column-inner\"><div class=\"wpb_wrapper\">\n\t<div class=\"wpb_text_column wpb_content_element  vc_column_text\" >\n\t\t<div class=\"wpb_wrapper\">\n\t\t\t<h2><strong>Die beliebtesten Standorte zum Kauf von Villen in Dubai sind:<\/strong><\/h2>\n<p>&nbsp;<\/p>\n<ul>\n<li><span style=\"font-weight: 400;\"><a href=\"https:\/\/alirarealestate.com\/de\/catalog\/buy\/dubai\/business-bay\/\">Business Bay<\/a> \u2013 das Gesch\u00e4ftszentrum des Emirats, eine Art Analogon zu Manhattan in New York;<\/span><\/li>\n<li><span style=\"font-weight: 400;\"><a href=\"https:\/\/alirarealestate.com\/de\/catalog\/buy\/dubai\/dubai-marina\/\">Dubai Marina<\/a> \u2013 ein auf Strandurlaub und luxuri\u00f6sen Lebensstil ausgerichteter Stadtteil;<\/span><\/li>\n<li><span style=\"font-weight: 400;\"><a href=\"https:\/\/alirarealestate.com\/de\/catalog\/buy\/dubai\/downtown\/\">Innenstadt von Dubai<\/a> \u2013 das geografische, gesch\u00e4ftliche und touristische Zentrum der Oststadt;<\/span><\/li>\n<li><span style=\"font-weight: 400;\"><a href=\"https:\/\/alirarealestate.com\/de\/catalog\/buy\/dubai\/dubai-hills\/\">H\u00fcgel von Dubai<\/a> \u2013 ein kleiner Mikrobezirk, ein gr\u00fcnes Viertel innerhalb einer gro\u00dfen Metropole;<\/span><\/li>\n<li><span style=\"font-weight: 400;\"><a href=\"https:\/\/alirarealestate.com\/de\/catalog\/buy\/dubai\/jumeirah-village-circle\/\">JVC (Jumeirah Village Circle)<\/a> \u2013 der beste Mikrobezirk zum Wohnen und f\u00fcr Strandurlaub;<\/span><\/li>\n<li><span style=\"font-weight: 400;\"><a href=\"https:\/\/alirarealestate.com\/de\/catalog\/buy\/dubai\/palm-jumeirah\/\">Palm Jumeirah<\/a> \u2013 eine kultische k\u00fcnstliche Insel in Form einer Palme;<\/span><\/li>\n<li><span style=\"font-weight: 400;\"><a href=\"https:\/\/alirarealestate.com\/de\/catalog\/buy\/dubai\/dubai-harbor\/\">Hafen von Dubai<\/a> \u2013 ein hochmodernes Wohngebiet in der N\u00e4he einer k\u00fcnstlichen Bucht;<\/span><\/li>\n<li><span style=\"font-weight: 400;\"><a href=\"https:\/\/alirarealestate.com\/de\/catalog\/buy\/dubai\/emaar-beachfront\/\">Emaar Strandpromenade<\/a> \u2013 ein vollwertiger Luxus-K\u00fcstenkomplex geschlossenen Typs;<\/span><\/li>\n<li><span style=\"font-weight: 400;\"><a href=\"https:\/\/alirarealestate.com\/de\/catalog\/buy\/dubai\/dubai-hills\/\">Damac-H\u00fcgel<\/a> \u2013 ein ruhiges Wohnviertel, ein idealer Standort zum Leben mit Familie und Kindern.<\/span><\/li>\n<\/ul>\n<p>&nbsp;<\/p>\n<h2><b>Lebensstil in Dubai<\/b><\/h2>\n<p>&nbsp;<\/p>\n<p><span style=\"font-weight: 400;\">Im letzten Jahrzehnt haben sich die Infrastruktur und der Lebensstil im Emirat so weit verbessert, dass die am weitesten entwickelten L\u00e4nder der Welt die M\u00f6glichkeiten beneiden k\u00f6nnen, die den Bewohnern und G\u00e4sten der Metropole zur Verf\u00fcgung stehen. In der Gro\u00dfstadt der Vereinigten Arabischen Emirate gibt es:<\/span><\/p>\n<p>&nbsp;<\/p>\n<ul>\n<li><span style=\"font-weight: 400;\">Kinderg\u00e4rten und Schulen mit moderner Ausstattung und qualifiziertem Personal;<\/span><\/li>\n<li><span style=\"font-weight: 400;\">Krankenh\u00e4user und Kliniken von Weltklasse, die fortschrittliche medizinische Dienstleistungen anbieten;<\/span><\/li>\n<li><span style=\"font-weight: 400;\">luxuri\u00f6se riesige Einkaufszentren f\u00fcr hochwertiges Shopping;<\/span><\/li>\n<li><span style=\"font-weight: 400;\">diverse Infrastruktureinrichtungen, die zum Wohnen und Arbeiten n\u00fctzlich sein k\u00f6nnen.<\/span><\/li>\n<\/ul>\n<p>&nbsp;<\/p>\n<p><span style=\"font-weight: 400;\">Die Infrastruktur Dubais bietet sowohl G\u00e4sten als auch Einwohnern der Stadt Komfort und Bequemlichkeit und unterst\u00fctzt ein dynamisches Wirtschaftswachstum. Dubai ist bei Touristen beliebt. Viele Ausl\u00e4nder betrachten die Metropole als Ort f\u00fcr einen dauerhaften Wohnsitz.<\/span><\/p>\n<p>&nbsp;<\/p>\n<h2><b>Villenpreise in Dubai<\/b><\/h2>\n<p>&nbsp;<\/p>\n<p><span style=\"font-weight: 400;\">Wie viel kostet ein Haus in Dubai? Diese Frage stellt sich jeder, der plant, Immobilien in den VAE zu kaufen. <\/span><span style=\"font-weight: 400;\">Preis einer Villa in Dubai<\/span><span style=\"font-weight: 400;\"> wird von den individuellen Merkmalen der Immobilie, ihrer Lage und Gr\u00f6\u00dfe beeinflusst. Die Mindestkosten f\u00fcr eine <\/span><span style=\"font-weight: 400;\">Villa zum Verkauf in Dubai<\/span><span style=\"font-weight: 400;\">\u00a0 in der \u00f6stlichen Metropole betr\u00e4gt $280.000 (ungef\u00e4hr 1 Million AED).<\/span><\/p>\n<p>&nbsp;<\/p>\n<p><span style=\"font-weight: 400;\">Wenn Sie planen, eine Immobilie in Dubai zu erwerben, achten Sie auf folgende Bereiche:<\/span><\/p>\n<p>&nbsp;<\/p>\n<ul>\n<li><span style=\"font-weight: 400;\"><a href=\"https:\/\/alirarealestate.com\/de\/catalog\/buy\/dubai\/damac-hills\/\">Damac-H\u00fcgel<\/a>;<\/span><\/li>\n<li><span style=\"font-weight: 400;\"><a href=\"https:\/\/alirarealestate.com\/de\/catalog\/buy\/dubai\/dubai-hills\/\">H\u00fcgel von Dubai<\/a>;<\/span><\/li>\n<li><span style=\"font-weight: 400;\"><a href=\"https:\/\/alirarealestate.com\/de\/catalog\/buy\/dubai\/palm-jumeirah\/\">Palm Jumeirah<\/a>;<\/span><\/li>\n<li><span style=\"font-weight: 400;\">Jumeirah Golf Anwesen;<\/span><\/li>\n<li><span style=\"font-weight: 400;\">Mudon.<\/span><\/li>\n<\/ul>\n<p>&nbsp;<\/p>\n<p><span style=\"font-weight: 400;\">Um einen Stadtteil auszuw\u00e4hlen und eine Villa in Dubai zu kaufen, nutzen Sie die Dienste eines qualifizierten Spezialisten, der sich auf dem Immobilienmarkt gut auskennt.<\/span><\/p>\n\n\t\t<\/div>\n\t<\/div>\n<\/div><\/div><\/div><\/div><div class=\"vc_row wpb_row vc_row-fluid vc_row\"><div class=\"wpb_column vc_column_container vc_col-sm-12 vc_column\"><div class=\"vc_column-inner\"><div class=\"wpb_wrapper\">\n\t<div class=\"wpb_text_column wpb_content_element  vc_column_text\" >\n\t\t<div class=\"wpb_wrapper\">\n\t\t\t<h2><b>In Villen in Dubai investieren<\/b><\/h2>\n<p>&nbsp;<\/p>\n<p><span style=\"font-weight: 400;\">Der Kauf einer Immobilie in den Emiraten ist eine rentable Investition. Immobilien in den VAE sind immer sehr gefragt, und <\/span><span style=\"font-weight: 400;\">Immobilienpreise in Dubai<\/span><span style=\"font-weight: 400;\"> steigen stetig. Im vergangenen Jahr sind die Immobilienpreise in vielen Gegenden der arabischen Metropole durchschnittlich von 40 auf 601 TP3T gestiegen.<\/span><\/p>\n<p>&nbsp;<\/p>\n<p><span style=\"font-weight: 400;\">Villen in Dubai zu verkaufen<\/span><span style=\"font-weight: 400;\">e in der N\u00e4he der Golfk\u00fcste und <a href=\"https:\/\/alirarealestate.com\/de\/catalog\/buy\/dubai\/villas\/luxury\/\">H\u00e4user im Premium-Format<\/a> sind am beliebtesten. Die durchschnittliche Rendite aus der Vermietung von Wohnimmobilien betr\u00e4gt rund 61 TP3T pro Jahr.<\/span><\/p>\n<p>&nbsp;<\/p>\n<h2><b>Zusammenarbeit mit der Agentur<\/b><\/h2>\n<p>&nbsp;<\/p>\n<p><span style=\"font-weight: 400;\">Alira Real Estate ist eine Immobilienagentur, die eine breite Palette von Dienstleistungen anbietet. Das Hauptprofil von Alira Real Estate ist der Kauf, die Vermietung und der Verkauf von H\u00e4usern in Dubai und anderen Emiraten.<\/span><\/p>\n<p>&nbsp;<\/p>\n<p><span style=\"font-weight: 400;\">Bei Alira Real Estate arbeiten qualifizierte Fachkr\u00e4fte mit umfassender Berufserfahrung. Sie kennen alle Nuancen des Marktes. Dadurch k\u00f6nnen sie den Kunden den gr\u00f6\u00dftm\u00f6glichen Nutzen bieten. Die Datenbank der Wohn- und Gewerbeimmobilien der Agentur wird regelm\u00e4\u00dfig aktualisiert. Sie verf\u00fcgt \u00fcber ein zug\u00e4ngliches Suchsystem mit Filtern f\u00fcr verschiedene Parameter.<\/span><\/p>\n<p>&nbsp;<\/p>\n<p><span style=\"font-weight: 400;\">Durch die Zusammenarbeit mit unserer Agentur erhalten Sie folgende Vorteile:<\/span><\/p>\n<p>&nbsp;<\/p>\n<ul>\n<li><span style=\"font-weight: 400;\">Transparenz. Sie k\u00f6nnen in den Vereinigten Arabischen Emiraten Wohn- oder Gewerbeimmobilien finden, die die genannten Anforderungen vollst\u00e4ndig erf\u00fcllen.<\/span><\/li>\n<li><span style=\"font-weight: 400;\">Flexibilit\u00e4t. Sie erhalten flexible Kooperationsbedingungen und die M\u00f6glichkeit, aus verschiedenen Immobilienoptionen zu w\u00e4hlen. Sie k\u00f6nnen die Transaktion bei Bedarf auch aus der Ferne abschlie\u00dfen.<\/span><\/li>\n<li><span style=\"font-weight: 400;\">Vertraulichkeit. Ihre pers\u00f6nlichen Daten und andere Informationen werden ohne Ihre schriftliche Zustimmung oder eine echte Notwendigkeit nicht an Dritte weitergegeben.<\/span><\/li>\n<\/ul>\n<p>&nbsp;<\/p>\n<p><span style=\"font-weight: 400;\">Wenn Sie sich an die Immobilienagentur Alira wenden, entscheiden Sie sich f\u00fcr einen zuverl\u00e4ssigen und verantwortungsbewussten Partner!<\/span><\/p>\n<p>&nbsp;<\/p>\n<p><span style=\"font-weight: 400;\">M\u00f6chten Sie wissen, wie viel eine Villa in Dubai kostet? Oder m\u00f6chten Sie eine geeignete Investitionsm\u00f6glichkeit finden? Rufen Sie an <\/span><span style=\"font-weight: 400;\"><a href=\"tel: 79869277377\">+7 (986) 927-73-77<\/a><\/span><span style=\"font-weight: 400;\"> Und <\/span><span style=\"font-weight: 400;\"><a href=\"tel: 971588337903\">+971 (588) 337 903<\/a><\/span><span style=\"font-weight: 400;\"> um die neuesten Angebote der besten Entwickler in den VAE zu erhalten, oder schreiben Sie an <a class=\"mail\" href=\"mailto:info@alirarealestate.com\">info@alirarealestate.com<\/a>.<\/span><\/p>\n\n\t\t<\/div>\n\t<\/div>\n<\/div><\/div><\/div><\/div>\n<\/section>","protected":false},"excerpt":{"rendered":"Sie tr\u00e4umen von einem Leben in einem sonnigen Land oder suchen nach einer erfolgreichen M\u00f6glichkeit, Geld anzulegen? Dann denken Sie \u00fcber Immobilien in Dubai nach. Villen und H\u00e4user sind die begehrtesten Optionen in der modernen Metropole. Und das nicht ohne Grund! Die Nachfrage nach solchen Immobilien in den Emiraten w\u00e4chst stetig. In Dubai stehen viele Wohngeb\u00e4ude zum Verkauf, jedes einzigartig in seinem Design und seiner Lage. ...","protected":false},"author":1,"featured_media":0,"parent":4295,"menu_order":0,"comment_status":"closed","ping_status":"closed","template":"advanced_search_results.php","meta":{"inline_featured_image":false,"_glsr_average":0,"_glsr_ranking":0,"_glsr_reviews":0,"footnotes":""},"class_list":["post-4305","page","type-page","status-publish","hentry"],"yoast_head":"<!-- This site is optimized with the Yoast SEO Premium plugin v25.1 (Yoast SEO v25.6) - https:\/\/yoast.com\/wordpress\/plugins\/seo\/ -->\n<title>Villas for Sale In Dubai. Buy a House - Alira<\/title>\n<meta name=\"description\" content=\"Villas for sale in Dubai, UAE. \u2b50 Buy villas in Dubai: luxury, affordable, by the sea, etc. \u2b50 Prices, descriptions, and photos. \u27a4 Discover your perfect house on our website!\" \/>\n<meta name=\"robots\" content=\"index, follow, max-snippet:-1, max-image-preview:large, max-video-preview:-1\" \/>\n<link rel=\"canonical\" href=\"https:\/\/alirarealestate.com\/de\/catalog\/buy\/dubai\/villas\/\" \/>\n<meta property=\"og:locale\" content=\"de_DE\" \/>\n<meta property=\"og:type\" content=\"article\" \/>\n<meta property=\"og:title\" content=\"Villas for Sale In Dubai\" \/>\n<meta property=\"og:description\" content=\"Villas for sale in Dubai, UAE. \u2b50 Buy villas in Dubai: luxury, affordable, by the sea, etc. \u2b50 Prices, descriptions, and photos. \u27a4 Discover your perfect house on our website!\" \/>\n<meta property=\"og:url\" content=\"https:\/\/alirarealestate.com\/de\/catalog\/buy\/dubai\/villas\/\" \/>\n<meta property=\"og:site_name\" content=\"Alira Real Estate - Real estate in the UAE\" \/>\n<meta property=\"article:modified_time\" content=\"2024-10-27T14:27:42+00:00\" \/>\n<meta name=\"twitter:card\" content=\"summary_large_image\" \/>\n<meta name=\"twitter:label1\" content=\"Gesch\u00e4tzte Lesezeit\" \/>\n\t<meta name=\"twitter:data1\" content=\"5\u00a0Minuten\" \/>\n<script type=\"application\/ld+json\" class=\"yoast-schema-graph\">{\"@context\":\"https:\/\/schema.org\",\"@graph\":[{\"@type\":\"WebPage\",\"@id\":\"https:\/\/alirarealestate.com\/de\/catalog\/buy\/dubai\/villas\/\",\"url\":\"https:\/\/alirarealestate.com\/de\/catalog\/buy\/dubai\/villas\/\",\"name\":\"Villas for Sale In Dubai. Buy a House - Alira\",\"isPartOf\":{\"@id\":\"https:\/\/alirarealestate.com\/de\/#website\"},\"datePublished\":\"2024-04-18T07:17:39+00:00\",\"dateModified\":\"2024-10-27T14:27:42+00:00\",\"description\":\"Villas for sale in Dubai, UAE. \u2b50 Buy villas in Dubai: luxury, affordable, by the sea, etc. \u2b50 Prices, descriptions, and photos. \u27a4 Discover your perfect house on our website!\",\"breadcrumb\":{\"@id\":\"https:\/\/alirarealestate.com\/de\/catalog\/buy\/dubai\/villas\/#breadcrumb\"},\"inLanguage\":\"de\",\"potentialAction\":[{\"@type\":\"ReadAction\",\"target\":[\"https:\/\/alirarealestate.com\/de\/catalog\/buy\/dubai\/villas\/\"]}]},{\"@type\":\"BreadcrumbList\",\"@id\":\"https:\/\/alirarealestate.com\/de\/catalog\/buy\/dubai\/villas\/#breadcrumb\",\"itemListElement\":[{\"@type\":\"ListItem\",\"position\":1,\"name\":\"Home\",\"item\":\"https:\/\/alirarealestate.com\/\"},{\"@type\":\"ListItem\",\"position\":2,\"name\":\"Real Estate Catalog\",\"item\":\"https:\/\/alirarealestate.com\/catalog\/\"},{\"@type\":\"ListItem\",\"position\":3,\"name\":\"Real Estate Catalog\",\"item\":\"https:\/\/alirarealestate.com\/catalog\/buy\/\"},{\"@type\":\"ListItem\",\"position\":4,\"name\":\"Properties for Sale in Dubai\",\"item\":\"https:\/\/alirarealestate.com\/catalog\/buy\/dubai\/\"},{\"@type\":\"ListItem\",\"position\":5,\"name\":\"Villas for Sale In Dubai\"}]},{\"@type\":\"WebSite\",\"@id\":\"https:\/\/alirarealestate.com\/de\/#website\",\"url\":\"https:\/\/alirarealestate.com\/de\/\",\"name\":\"Alira Real Estate - Real estate in the UAE\",\"description\":\"\",\"potentialAction\":[{\"@type\":\"SearchAction\",\"target\":{\"@type\":\"EntryPoint\",\"urlTemplate\":\"https:\/\/alirarealestate.com\/de\/?s={search_term_string}\"},\"query-input\":{\"@type\":\"PropertyValueSpecification\",\"valueRequired\":true,\"valueName\":\"search_term_string\"}}],\"inLanguage\":\"de\"}]}<\/script>\n<!-- \/ Yoast SEO Premium plugin. -->","yoast_head_json":{"title":"Villas for Sale In Dubai. Buy a House - Alira","description":"Villas for sale in Dubai, UAE. \u2b50 Buy villas in Dubai: luxury, affordable, by the sea, etc. \u2b50 Prices, descriptions, and photos. \u27a4 Discover your perfect house on our website!","robots":{"index":"index","follow":"follow","max-snippet":"max-snippet:-1","max-image-preview":"max-image-preview:large","max-video-preview":"max-video-preview:-1"},"canonical":"https:\/\/alirarealestate.com\/de\/catalog\/buy\/dubai\/villas\/","og_locale":"de_DE","og_type":"article","og_title":"Villas for Sale In Dubai","og_description":"Villas for sale in Dubai, UAE. \u2b50 Buy villas in Dubai: luxury, affordable, by the sea, etc. \u2b50 Prices, descriptions, and photos. \u27a4 Discover your perfect house on our website!","og_url":"https:\/\/alirarealestate.com\/de\/catalog\/buy\/dubai\/villas\/","og_site_name":"Alira Real Estate - Real estate in the UAE","article_modified_time":"2024-10-27T14:27:42+00:00","twitter_card":"summary_large_image","twitter_misc":{"Gesch\u00e4tzte Lesezeit":"5\u00a0Minuten"},"schema":{"@context":"https:\/\/schema.org","@graph":[{"@type":"WebPage","@id":"https:\/\/alirarealestate.com\/de\/catalog\/buy\/dubai\/villas\/","url":"https:\/\/alirarealestate.com\/de\/catalog\/buy\/dubai\/villas\/","name":"Villas for Sale In Dubai. Buy a House - Alira","isPartOf":{"@id":"https:\/\/alirarealestate.com\/de\/#website"},"datePublished":"2024-04-18T07:17:39+00:00","dateModified":"2024-10-27T14:27:42+00:00","description":"Villas for sale in Dubai, UAE. \u2b50 Buy villas in Dubai: luxury, affordable, by the sea, etc. \u2b50 Prices, descriptions, and photos. \u27a4 Discover your perfect house on our website!","breadcrumb":{"@id":"https:\/\/alirarealestate.com\/de\/catalog\/buy\/dubai\/villas\/#breadcrumb"},"inLanguage":"de","potentialAction":[{"@type":"ReadAction","target":["https:\/\/alirarealestate.com\/de\/catalog\/buy\/dubai\/villas\/"]}]},{"@type":"BreadcrumbList","@id":"https:\/\/alirarealestate.com\/de\/catalog\/buy\/dubai\/villas\/#breadcrumb","itemListElement":[{"@type":"ListItem","position":1,"name":"Home","item":"https:\/\/alirarealestate.com\/"},{"@type":"ListItem","position":2,"name":"Real Estate Catalog","item":"https:\/\/alirarealestate.com\/catalog\/"},{"@type":"ListItem","position":3,"name":"Real Estate Catalog","item":"https:\/\/alirarealestate.com\/catalog\/buy\/"},{"@type":"ListItem","position":4,"name":"Properties for Sale in Dubai","item":"https:\/\/alirarealestate.com\/catalog\/buy\/dubai\/"},{"@type":"ListItem","position":5,"name":"Villas for Sale In Dubai"}]},{"@type":"WebSite","@id":"https:\/\/alirarealestate.com\/de\/#website","url":"https:\/\/alirarealestate.com\/de\/","name":"Alira Real Estate - Real estate in the UAE","description":"","potentialAction":[{"@type":"SearchAction","target":{"@type":"EntryPoint","urlTemplate":"https:\/\/alirarealestate.com\/de\/?s={search_term_string}"},"query-input":{"@type":"PropertyValueSpecification","valueRequired":true,"valueName":"search_term_string"}}],"inLanguage":"de"}]}},"_links":{"self":[{"href":"https:\/\/alirarealestate.com\/de\/wp-json\/wp\/v2\/pages\/4305"}],"collection":[{"href":"https:\/\/alirarealestate.com\/de\/wp-json\/wp\/v2\/pages"}],"about":[{"href":"https:\/\/alirarealestate.com\/de\/wp-json\/wp\/v2\/types\/page"}],"author":[{"embeddable":true,"href":"https:\/\/alirarealestate.com\/de\/wp-json\/wp\/v2\/users\/1"}],"replies":[{"embeddable":true,"href":"https:\/\/alirarealestate.com\/de\/wp-json\/wp\/v2\/comments?post=4305"}],"version-history":[{"count":2,"href":"https:\/\/alirarealestate.com\/de\/wp-json\/wp\/v2\/pages\/4305\/revisions"}],"predecessor-version":[{"id":5902,"href":"https:\/\/alirarealestate.com\/de\/wp-json\/wp\/v2\/pages\/4305\/revisions\/5902"}],"up":[{"embeddable":true,"href":"https:\/\/alirarealestate.com\/de\/wp-json\/wp\/v2\/pages\/4295"}],"wp:attachment":[{"href":"https:\/\/alirarealestate.com\/de\/wp-json\/wp\/v2\/media?parent=4305"}],"curies":[{"name":"wp","href":"https:\/\/api.w.org\/{rel}","templated":true}]}}