{"id":4296,"date":"2024-04-18T10:17:39","date_gmt":"2024-04-18T07:17:39","guid":{"rendered":"https:\/\/alirarealestate.com\/catalog\/buy\/dubai\/apartments\/"},"modified":"2025-04-22T23:27:24","modified_gmt":"2025-04-22T20:27:24","slug":"apartments","status":"publish","type":"page","link":"https:\/\/alirarealestate.com\/de\/catalog\/buy\/dubai\/apartments\/","title":{"rendered":"Wohnungen zum Verkauf in Dubai"},"content":{"rendered":"<section class=\"wpb-content-wrapper\"><div class=\"vc_row wpb_row vc_row-fluid vc_row\"><div class=\"wpb_column vc_column_container vc_col-sm-12 vc_column\"><div class=\"vc_column-inner\"><div class=\"wpb_wrapper\">\n\t<div class=\"wpb_text_column wpb_content_element  vc_column_text\" >\n\t\t<div class=\"wpb_wrapper\">\n\t\t\t<p>Eine Wohnung in Duba kaufen<span style=\"font-weight: 400;\">Dies ist eine Gelegenheit, eine hochliquide Immobilie in einer sicheren und modernen Stadt zu erwerben. Das reiche kulturelle Erbe, das g\u00fcnstige Klima und die hohe Kapitalrendite machen Immobilien in der Metropole zu einer hervorragenden M\u00f6glichkeit, Kapital zu investieren. Unterst\u00fctzung bei der Suche und Formalisierung von Immobilien in Dubai erhalten Sie von der Agentur Alira Real Estate. Wir k\u00fcmmern uns um rechtliche Fragen, w\u00e4hlen hochwertige Immobilien aus und bieten einen After-Sales-Service auf hohem professionellem Niveau.<\/span><\/p>\n<p>&nbsp;<\/p>\n<h2><b>Vorteile von <\/b><b>Wohnung kaufen in Dubai<\/b><\/h2>\n<p>&nbsp;<\/p>\n<p><span style=\"font-weight: 400;\">Der Emirat, der sich innerhalb weniger Jahrzehnte aus dem Sand einer hei\u00dfen W\u00fcste zu einer luxuri\u00f6sen Metropole entwickelt hat, ist ein hervorragender Ort zum Leben und Investieren. Der Kauf einer Immobilie auf seinem Territorium hat mehrere Vorteile:<\/span><\/p>\n<p>&nbsp;<\/p>\n<ul>\n<li><span style=\"font-weight: 400;\">Hohe Kapitalrendite. Der Verkaufspreis von Wohnungen in Dubai steigt stetig und bietet Investoren hervorragende Renditen.<\/span><\/li>\n<li><span style=\"font-weight: 400;\">Recht auf Erteilung eines Aufenthaltsvisums. Beim Kauf einer Immobilie im Wert von 750.000 AED k\u00f6nnen Sie ein zweij\u00e4hriges Visum erhalten, und bei Immobilien im Wert von \u00fcber 2 Millionen AED ein zehnj\u00e4hriges \u201eGoldenes Visum\u201c.<\/span><\/li>\n<li><span style=\"font-weight: 400;\">Hoher Lebensstandard. In puncto Sicherheit und Komfort geh\u00f6rt Dubai nicht nur im Nahen Osten, sondern auch weltweit zu den Spitzenreitern.<\/span><\/li>\n<li><span style=\"font-weight: 400;\">Keine Grundsteuer. K\u00e4ufer m\u00fcssen kein Geld f\u00fcr j\u00e4hrliche Steuerzahlungen ausgeben. Die einzigen Ausgaben sind f\u00fcr die Instandhaltung der Immobilie.<\/span><\/li>\n<li><span style=\"font-weight: 400;\">Hohe Mieteinnahmen. Die Kosten f\u00fcr den Immobilienkauf amortisieren sich in kurzer Zeit, da die Mieteinnahmen aus Wohnungen bis zu 131 TP3T betragen k\u00f6nnen.<\/span><\/li>\n<li><span style=\"font-weight: 400;\">Transparente Gesetzgebung. Immobilientransaktionen in Dubai sind durch den gesetzlichen Rahmen vollst\u00e4ndig gesch\u00fctzt. Ausl\u00e4ndern ist es gestattet, nach einem einfachen Registrierungsverfahren Eigentum in vollem Umfang zu erwerben.<br \/>\n<\/span><\/li>\n<\/ul>\n<h2><b>Beliebte Gegenden f\u00fcr den Wohnungskauf in Dubai<\/b><\/h2>\n<p>&nbsp;<\/p>\n<p><span style=\"font-weight: 400;\">Der Kauf von Wohnungen in Dubai ist in der ganzen Stadt gefragt. Es gibt jedoch beliebte Gebiete in der Stadt, in denen der Kauf einer Immobilie den gr\u00f6\u00dften Nutzen bringt:<\/span><\/p>\n<p>&nbsp;<\/p>\n<ul>\n<li><span style=\"font-weight: 400;\"><a href=\"https:\/\/alirarealestate.com\/de\/catalog\/buy\/dubai\/business-bay\/\">Business Bay<\/a> \u2013 ein wichtiges Gesch\u00e4ftszentrum der Stadt, in der N\u00e4he des Stadtzentrums von Downtown Dubai gelegen. Unternehmer und ausl\u00e4ndische Fachkr\u00e4fte bevorzugen <\/span><span style=\"font-weight: 400;\">Wohnungen in Dubai kaufen<\/span><span style=\"font-weight: 400;\"> in dieser Gegend.<\/span><\/li>\n<li><span style=\"font-weight: 400;\"><a href=\"https:\/\/alirarealestate.com\/de\/catalog\/buy\/dubai\/dubai-marina\/\">Dubai Marina<\/a> \u2013 ein Elitegebiet an den Ufern des Persischen Golfs. Es handelt sich um einen k\u00fcnstlichen Kanal, an dessen Ufern sich Wolkenkratzer, teure Gesch\u00e4fte und schicke Restaurants befinden. Es ist bei Liebhabern aktiver Unterhaltung und Stranderholung beliebt.<\/span><\/li>\n<li><span style=\"font-weight: 400;\"><a href=\"https:\/\/alirarealestate.com\/de\/catalog\/buy\/dubai\/downtown\/\">Innenstadt von Dubai<\/a> \u2013 das Zentrum der Metropole, bekannt f\u00fcr seine luxuri\u00f6sen Hotels, Wolkenkratzer, Unterhaltungs- und Einkaufszentren. Die Hauptvorteile des Wohnens in dieser Gegend sind die N\u00e4he zu Sehensw\u00fcrdigkeiten und eine hohe Infrastruktur.<\/span><\/li>\n<li><span style=\"font-weight: 400;\"><a href=\"https:\/\/alirarealestate.com\/de\/catalog\/buy\/dubai\/dubai-hills\/\">H\u00fcgel von Dubai<\/a> \u2013 ein ruhiges Wohngebiet, das \u00fcberwiegend von Expatriates bewohnt wird. Es bietet erstklassigen Wohnraum, darunter luxuri\u00f6se Stadth\u00e4user und Apartments.<\/span><\/li>\n<li><span style=\"font-weight: 400;\"><a href=\"https:\/\/alirarealestate.com\/de\/catalog\/buy\/dubai\/palm-jumeirah\/\">Palm Jumeirah<\/a> \u2013 ein Gebiet, in dem die h\u00f6chsten Wohnungspreise in Dubai, VAE, verzeichnet werden. Es handelt sich um ein Netzwerk k\u00fcnstlicher Inseln in Form einer Palme. Das Gebiet umfasst Wohn- und Villenkomplexe der Premiumklasse.<\/span><\/li>\n<li><span style=\"font-weight: 400;\"><a href=\"https:\/\/alirarealestate.com\/de\/catalog\/buy\/dubai\/jumeirah-village-circle\/\">JVC (Jumeirah Village Circle)<\/a> \u2013 eine komfortable Wohnanlage unweit der Dubai Marina, bestehend aus Stadth\u00e4usern, Villen und Wohnungen. Familien mit Kindern und Anh\u00e4nger eines ruhigen, friedlichen Lebens lassen sich hier am liebsten nieder.<\/span><\/li>\n<li><span style=\"font-weight: 400;\"><a href=\"https:\/\/alirarealestate.com\/de\/catalog\/buy\/dubai\/burj-khalifa\/\">Burj Khalifa<\/a> \u2013 ein herausragendes Wahrzeichen der Stadt und der h\u00f6chste Wolkenkratzer der Welt, in dem sich Luxuswohnungen und <\/span><span style=\"font-weight: 400;\">Wohnungen zum Verkauf in Dubai<\/span><span style=\"font-weight: 400;\">.<\/span><\/li>\n<li><span style=\"font-weight: 400;\"><a href=\"https:\/\/alirarealestate.com\/de\/catalog\/buy\/dubai\/dubai-harbor\/\">Hafen von Dubai<\/a> \u2013 ein modernes Viertel an der Meeresk\u00fcste in der N\u00e4he von Palm Jumeirah. Es zieht K\u00e4ufer mit Luxus, Komfort und herrlichem Panoramablick an.<\/span><\/li>\n<li><span style=\"font-weight: 400;\"><a href=\"https:\/\/alirarealestate.com\/de\/catalog\/buy\/dubai\/emaar-beachfront\/\">Emaar Strandpromenade<\/a> \u2013 ein Entwicklungsgebiet in der N\u00e4he der Dubai Marina. Hier werden aktiv Wohnkomplexe mit Wohnungen f\u00fcr jeden Geschmack gebaut.<\/span><\/li>\n<li><span style=\"font-weight: 400;\"><a href=\"https:\/\/alirarealestate.com\/de\/catalog\/buy\/dubai\/damac-hills\/\">Damac-H\u00fcgel<\/a> \u2013 ein prestigetr\u00e4chtiger Wohnkomplex auf dem Gel\u00e4nde des Trump Dubai International Golf Club. Er umfasst Wohnungen und Villen, mehrere Einkaufszentren, Restaurants und das Radisson Hotel.<\/span><\/li>\n<\/ul>\n\n\t\t<\/div>\n\t<\/div>\n<\/div><\/div><\/div><\/div><div class=\"vc_row wpb_row vc_row-fluid vc_row\"><div class=\"wpb_column vc_column_container vc_col-sm-12 vc_column\"><div class=\"vc_column-inner\"><div class=\"wpb_wrapper\">\n\t<div class=\"wpb_text_column wpb_content_element  vc_column_text\" >\n\t\t<div class=\"wpb_wrapper\">\n\t\t\t<h2><b>Haupttypen von <\/b><b>Wohnungen zum Verkauf in Dubai<\/b><\/h2>\n<p>&nbsp;<\/p>\n<p><span style=\"font-weight: 400;\">Wenn Sie planen <\/span><span style=\"font-weight: 400;\">eine Wohnung in Dubai kaufen<\/span><span style=\"font-weight: 400;\">, unser Immobilienb\u00fcro bietet Ihnen eine gro\u00dfe Auswahl an Immobilien f\u00fcr jeden Bedarf. Zur Auswahl stehen:<\/span><\/p>\n<p>&nbsp;<\/p>\n<ul>\n<li><span style=\"font-weight: 400;\"><a href=\"https:\/\/alirarealestate.com\/ru\/catalog\/buy\/dubai\/apartments\/1-bedroom\/\">Eins<\/a> Zu<a href=\"https:\/\/alirarealestate.com\/ru\/catalog\/buy\/dubai\/apartments\/5-bedroom\/\"> F\u00fcnf-Zimmer<\/a> \u2013 separate Wohnungen mit K\u00fcche und unterschiedlicher Anzahl von Schlafzimmern. Sie k\u00f6nnen sich in mehrst\u00f6ckigen Geb\u00e4uden oder Wohnkomplexen befinden. Sie werden oft zur Vermietung gekauft, insbesondere wenn sich das Geb\u00e4ude in der N\u00e4he gro\u00dfer B\u00fcrozentren befindet.<\/span><\/li>\n<li><span style=\"font-weight: 400;\"><a href=\"https:\/\/alirarealestate.com\/ru\/catalog\/buy\/dubai\/apartments\/studios\/\">Studios<\/a> \u2013 Zimmer, in denen das Schlafzimmer mit der K\u00fcche kombiniert ist. Sie sind bei jungen Berufst\u00e4tigen und Paaren ohne Kinder beliebt.<\/span><\/li>\n<li><span style=\"font-weight: 400;\"><a href=\"https:\/\/alirarealestate.com\/ru\/catalog\/buy\/dubai\/apartments\/luxury\/\">Elite<\/a> \u2013 komfortable Wohnungen mit Annehmlichkeiten. Sie befinden sich oft in geschlossenen Wohnanlagen mit einer entwickelten sozialen Infrastruktur \u2013 eigenen Gesch\u00e4ften, Spas, Fitnessclubs, Spiel- und Sportpl\u00e4tzen.<\/span><\/li>\n<li><span style=\"font-weight: 400;\">Bezahlbar \u2013 preislich g\u00fcnstige Wohnungen, die in weniger beliebten Gegenden liegen oder \u00fcber eingeschr\u00e4nkte Ausstattung verf\u00fcgen.<\/span><\/li>\n<li><span style=\"font-weight: 400;\"><a href=\"https:\/\/alirarealestate.com\/de\/catalog\/buy\/dubai\/apartments\/sea\/\">Am Meer<\/a> \u2013 befinden sich in Wohnkomplexen an der K\u00fcste des Persischen Golfs. Sie ziehen K\u00e4ufer mit malerischen Panoramablicken und der Anwesenheit eines eigenen Strandes an.<\/span><\/li>\n<\/ul>\n<p>&nbsp;<\/p>\n<h2><b>Ausstattung der Apartments in Dubai<\/b><\/h2>\n<p>&nbsp;<\/p>\n<p><span style=\"font-weight: 400;\">Bauunternehmen versuchen, Investoren bereits in der Bauphase von Wohnkomplexen anzulocken, daher bieten sie K\u00e4ufern erschwingliche Preise f\u00fcr Wohnungen in Dubai und eine breite Palette an Annehmlichkeiten. In den Wohnkomplexen kann Folgendes enthalten sein:<\/span><\/p>\n<p>&nbsp;<\/p>\n<ul>\n<li><span style=\"font-weight: 400;\">Fitnesscenter mit modernen Ger\u00e4ten.<\/span><\/li>\n<li><span style=\"font-weight: 400;\">Restaurants, Caf\u00e9s.<\/span><\/li>\n<li><span style=\"font-weight: 400;\">Gesch\u00e4fte und private B\u00e4ckereien;<\/span><\/li>\n<li><span style=\"font-weight: 400;\">Pools mit Sonnenliegen, Entspannungsbereiche f\u00fcr die Bewohner;<\/span><\/li>\n<li><span style=\"font-weight: 400;\">Concierge-Service rund um die Uhr;<\/span><\/li>\n<li><span style=\"font-weight: 400;\">Zugang zu den Str\u00e4nden an der Golfk\u00fcste und vielem mehr.<\/span><\/li>\n<\/ul>\n<p>&nbsp;<\/p>\n<p><span style=\"font-weight: 400;\">Das Angebot an Annehmlichkeiten h\u00e4ngt vom Bebauungsplan und der Lage des Geb\u00e4udes ab. Einige Wohnkomplexe, insbesondere an der K\u00fcste, \u00e4hneln eher vollwertigen Resorts mit eigenen Str\u00e4nden oder k\u00fcnstlichen Lagunen.<\/span><\/p>\n<p>&nbsp;<\/p>\n<h2><b>Lebensstil in Dubai<\/b><\/h2>\n<p>&nbsp;<\/p>\n<p><span style=\"font-weight: 400;\">Der Verkauf von Wohnungen in Dubai ist aufgrund des hohen Wohnkomforts sehr beliebt. Die Stadt hat alles, was die Menschen f\u00fcr ein reiches und erf\u00fclltes Leben brauchen. Luxuri\u00f6se Restaurants, Fitnessclubs, Sportzentren, saubere Str\u00e4nde, zahlreiche Gesch\u00e4fte und Elite-Boutiquen \u2013 all dies und vieles mehr zieht K\u00e4ufer aus aller Welt an.<\/span><\/p>\n<p>&nbsp;<\/p>\n<p><span style=\"font-weight: 400;\">Die hohe Nachfrage nach Immobilien durch Ausl\u00e4nder hat dazu gef\u00fchrt, dass \u00fcber 851.000.000 der Stadtbev\u00f6lkerung Expatriates sind. Der Zustrom von Einwanderern verleiht Dubai ein einheitliches multikulturelles Umfeld. Trotz strenger Gesetze und eines ungew\u00f6hnlichen Lebensstils in den VAE f\u00fchlen sich Ausl\u00e4nder frei und genie\u00dfen das Leben in vollen Z\u00fcgen.<\/span><\/p>\n<p>&nbsp;<\/p>\n<h2><b>Preise f\u00fcr Wohnungen in Dubai<\/b><\/h2>\n<p>&nbsp;<\/p>\n<p><span style=\"font-weight: 400;\">Der Preis f\u00fcr Wohnraum in mehrst\u00f6ckigen Geb\u00e4uden wird von vielen Faktoren beeinflusst \u2013 von der Fl\u00e4che des Grundst\u00fccks bis hin zu Lage, Grundriss, Stockwerk und Verf\u00fcgbarkeit von Annehmlichkeiten. Wenn wir ber\u00fccksichtigen<\/span><span style=\"font-weight: 400;\"> wie viel Wohnungen in Dubai kosten<\/span><span style=\"font-weight: 400;\"> Als konkrete Beispiele seien heute die Wohnungen in der Residenz The Royal Atlantis genannt, die 2022 f\u00fcr 163 Millionen AED verkauft wurden.<\/span><\/p>\n<p>&nbsp;<\/p>\n<p><span style=\"font-weight: 400;\">Es gibt auch g\u00fcnstigere Optionen in der Stadt. Der durchschnittliche c<\/span><span style=\"font-weight: 400;\">ost einer Wohnung in Dubai<\/span><span style=\"font-weight: 400;\"> Fertiggestellte Wohnungen kosten 11.450 AED pro Quadratmeter, und noch nicht fertiggestellte Wohnungen kosten 18.950 AED. Die teuersten Wohnungen befinden sich auf den Inseln Palm Jumeirah. Hier finden Sie luxuri\u00f6se Wohnungen in Projekten wie:<\/span><\/p>\n<p>&nbsp;<\/p>\n<ul>\n<li><span style=\"font-weight: 400;\">Eins;<\/span><\/li>\n<li><span style=\"font-weight: 400;\">Das k\u00f6nigliche Atlantis;<\/span><\/li>\n<li><span style=\"font-weight: 400;\">Anna;<\/span><\/li>\n<li><span style=\"font-weight: 400;\">Sechs Sinne.<\/span><\/li>\n<\/ul>\n<p><span style=\"font-weight: 400;\">Die Liste der teuersten Wohnkomplexe mit Wohnungen enth\u00e4lt auch die Dorchester Collection Dubai im <a href=\"https:\/\/alirarealestate.com\/de\/catalog\/buy\/dubai\/business-bay\/\">Business Bay<\/a> Bereich.<\/span><\/p>\n\n\t\t<\/div>\n\t<\/div>\n<\/div><\/div><\/div><\/div><div class=\"vc_row wpb_row vc_row-fluid vc_row\"><div class=\"wpb_column vc_column_container vc_col-sm-12 vc_column\"><div class=\"vc_column-inner\"><div class=\"wpb_wrapper\">\n\t<div class=\"wpb_text_column wpb_content_element  vc_column_text\" >\n\t\t<div class=\"wpb_wrapper\">\n\t\t\t<h2><b>Investitionen in Wohnungen in Dubai<\/b><\/h2>\n<p>&nbsp;<\/p>\n<p><span style=\"font-weight: 400;\">Investitionen in Immobilien im Emirat bringen gute Einnahmen. Die Wohnungspreise in Dubai steigen st\u00e4ndig, insbesondere in prestigetr\u00e4chtigen Gegenden in K\u00fcstenn\u00e4he. Der durchschnittliche Preisanstieg betr\u00e4gt bis zu 41 TP3T pro Quartal, und in einigen Gegenden \u2013 beispielsweise in Palm Jumeirah \u2013 betrug der Anstieg im Vergleich zum Beginn der Pandemie mehr als 1001 TP3T. Solche Indikatoren werden nicht immer beobachtet, da der Immobilienmarkt zyklisch ist. Wie die Statistik zeigt, erleiden Anleger jedoch nie Verluste.<\/span><\/p>\n<p>&nbsp;<\/p>\n<p><span style=\"font-weight: 400;\">Wohnungen zu verkaufen in Dubai <\/span><span style=\"font-weight: 400;\">kann zum sp\u00e4teren Weiterverkauf oder zur Vermietung erworben werden. In der Metropole gibt es viele sogenannte Freehold-Zonen, in denen ausl\u00e4ndische B\u00fcrger Immobilien mit vollem Eigentumsrecht, einschlie\u00dflich Grundst\u00fccken, erwerben k\u00f6nnen. Die Mieteinnahmen h\u00e4ngen von der Mietdauer der Immobilie ab. Langzeitmieten in prestigetr\u00e4chtigen Gegenden k\u00f6nnen bis zu 81 TP3T pro Jahr einbringen, Kurzzeitmieten bis zu 131 TP3T.<\/span><\/p>\n<p>&nbsp;<\/p>\n<h2><b>Vorteile der Zusammenarbeit mit unserer Agentur<\/b><\/h2>\n<p>&nbsp;<\/p>\n<p><span style=\"font-weight: 400;\">Die Immobilienagentur Alira hilft Ihnen, eine Wohnung in Dubai zu g\u00fcnstigen Konditionen zu kaufen. Wir verf\u00fcgen \u00fcber langj\u00e4hrige Erfahrung im Immobiliensektor und garantieren K\u00e4ufern:<\/span><\/p>\n<p>&nbsp;<\/p>\n<ul>\n<li><span style=\"font-weight: 400;\">Ein umfassender Ansatz f\u00fcr die Arbeit mit Dienstleistungen f\u00fcr den Kauf, Verkauf, die Vermietung und die Verwaltung von Immobilien.<\/span><\/li>\n<li><span style=\"font-weight: 400;\">Erhalten Sie Dienstleistungen von einem zuverl\u00e4ssigen Unternehmen mit einem tadellosen Ruf auf dem Immobilienmarkt.<\/span><\/li>\n<li><span style=\"font-weight: 400;\">Flexible und an die Bed\u00fcrfnisse jedes Kunden angepasste Kooperationsbedingungen.<\/span><\/li>\n<li><span style=\"font-weight: 400;\">Garantie der vollst\u00e4ndigen Vertraulichkeit. Sie k\u00f6nnen sicher sein, dass ohne Ihre Zustimmung keine Informationen \u00fcber die Transaktion an Dritte weitergegeben werden.<\/span><\/li>\n<li><span style=\"font-weight: 400;\">Dienstleistungen von erfahrenen und qualifizierten Spezialisten mit langj\u00e4hriger Erfahrung in der Arbeit mit Wohnungen in Dubai.<\/span><\/li>\n<li><span style=\"font-weight: 400;\">Laufende Aktualisierung der Immobiliendatenbank, ausschlie\u00dflich aktuelle Angebote f\u00fcr Wohnimmobilien.<\/span><\/li>\n<li><span style=\"font-weight: 400;\">Bequeme Immobiliensuche auf der Website, die M\u00f6glichkeit, aktuelle und interessante Informationen \u00fcber Immobilienverk\u00e4ufe in den VAE zu erhalten.<\/span><\/li>\n<\/ul>\n<p>&nbsp;<\/p>\n<p><span style=\"font-weight: 400;\">Mitarbeiter der Firma Alira Real Estate finden f\u00fcr Sie <\/span><span style=\"font-weight: 400;\">Wohnungen zum Verkauf in Dubai<\/span><span style=\"font-weight: 400;\"> die den Komfortanforderungen voll entsprechen. Kontaktieren Sie uns auf bequeme Weise, um Antworten auf Ihre Fragen zu erhalten, und senden Sie eine Anfrage zur Auswahl geeigneter Wohnungen. Sie k\u00f6nnen sich mit den Spezialisten der Agentur \u00fcber das Online-Formular oder telefonisch beraten lassen <a href=\"tel: 971588337903\">+971 (588) 337 903<\/a> Und <a href=\"tel: 79869277377\">+7 (986) 927-73-77<\/a>oder per E-Mail <a class=\"mail\" href=\"mailto:info@alirarealestate.com\">info@alirarealestate.com<\/a>Wir finden das passende Objekt f\u00fcr Sie und machen den Immobilienkauf einfach und sicher.<\/span><\/p>\n\n\t\t<\/div>\n\t<\/div>\n<\/div><\/div><\/div><\/div>\n<\/section>","protected":false},"excerpt":{"rendered":"Der Kauf einer Wohnung in Dubai bietet Ihnen die M\u00f6glichkeit, eine hochliquide Immobilie in einer sicheren und modernen Stadt zu erwerben. Das reiche kulturelle Erbe, das g\u00fcnstige Klima und die hohe Kapitalrendite machen Immobilien in der Metropole zu einer hervorragenden Kapitalanlage. Die Immobilienagentur Alira Real Estate unterst\u00fctzt Sie bei der Suche und der Abwicklung von Immobilien in Dubai. Wir k\u00fcmmern uns um \u2026","protected":false},"author":1,"featured_media":0,"parent":4295,"menu_order":0,"comment_status":"closed","ping_status":"closed","template":"","meta":{"inline_featured_image":false,"_glsr_average":0,"_glsr_ranking":0,"_glsr_reviews":0,"footnotes":""},"class_list":["post-4296","page","type-page","status-publish","hentry"],"yoast_head":"<!-- This site is optimized with the Yoast SEO Premium plugin v25.1 (Yoast SEO v25.6) - https:\/\/yoast.com\/wordpress\/plugins\/seo\/ -->\n<title>Buy an apartment in Dubai. Apartment prices - Alira<\/title>\n<meta name=\"description\" content=\"Buy an apartment in Dubai, UAE. \u2b50 Apartments for sale in Dubai: studios, one-five-room apartments. \u2b50 Current prices for apartments, descriptions and photos. \u27a4 Leave a request for a consultation on the website!\" \/>\n<meta name=\"robots\" content=\"index, follow, max-snippet:-1, max-image-preview:large, max-video-preview:-1\" \/>\n<link rel=\"canonical\" href=\"https:\/\/alirarealestate.com\/de\/catalog\/buy\/dubai\/apartments\/\" \/>\n<meta property=\"og:locale\" content=\"de_DE\" \/>\n<meta property=\"og:type\" content=\"article\" \/>\n<meta property=\"og:title\" content=\"Apartments For Sale In Dubai\" \/>\n<meta property=\"og:description\" content=\"Buy an apartment in Dubai, UAE. \u2b50 Apartments for sale in Dubai: studios, one-five-room apartments. \u2b50 Current prices for apartments, descriptions and photos. \u27a4 Leave a request for a consultation on the website!\" \/>\n<meta property=\"og:url\" content=\"https:\/\/alirarealestate.com\/de\/catalog\/buy\/dubai\/apartments\/\" \/>\n<meta property=\"og:site_name\" content=\"Alira Real Estate - Real estate in the UAE\" \/>\n<meta property=\"article:modified_time\" content=\"2025-04-22T20:27:24+00:00\" \/>\n<meta name=\"twitter:card\" content=\"summary_large_image\" \/>\n<meta name=\"twitter:label1\" content=\"Gesch\u00e4tzte Lesezeit\" \/>\n\t<meta name=\"twitter:data1\" content=\"7\u00a0Minuten\" \/>\n<script type=\"application\/ld+json\" class=\"yoast-schema-graph\">{\"@context\":\"https:\/\/schema.org\",\"@graph\":[{\"@type\":\"WebPage\",\"@id\":\"https:\/\/alirarealestate.com\/de\/catalog\/buy\/dubai\/apartments\/\",\"url\":\"https:\/\/alirarealestate.com\/de\/catalog\/buy\/dubai\/apartments\/\",\"name\":\"Buy an apartment in Dubai. Apartment prices - Alira\",\"isPartOf\":{\"@id\":\"https:\/\/alirarealestate.com\/de\/#website\"},\"datePublished\":\"2024-04-18T07:17:39+00:00\",\"dateModified\":\"2025-04-22T20:27:24+00:00\",\"description\":\"Buy an apartment in Dubai, UAE. \u2b50 Apartments for sale in Dubai: studios, one-five-room apartments. \u2b50 Current prices for apartments, descriptions and photos. \u27a4 Leave a request for a consultation on the website!\",\"breadcrumb\":{\"@id\":\"https:\/\/alirarealestate.com\/de\/catalog\/buy\/dubai\/apartments\/#breadcrumb\"},\"inLanguage\":\"de\",\"potentialAction\":[{\"@type\":\"ReadAction\",\"target\":[\"https:\/\/alirarealestate.com\/de\/catalog\/buy\/dubai\/apartments\/\"]}]},{\"@type\":\"BreadcrumbList\",\"@id\":\"https:\/\/alirarealestate.com\/de\/catalog\/buy\/dubai\/apartments\/#breadcrumb\",\"itemListElement\":[{\"@type\":\"ListItem\",\"position\":1,\"name\":\"Home\",\"item\":\"https:\/\/alirarealestate.com\/\"},{\"@type\":\"ListItem\",\"position\":2,\"name\":\"Real Estate Catalog\",\"item\":\"https:\/\/alirarealestate.com\/catalog\/\"},{\"@type\":\"ListItem\",\"position\":3,\"name\":\"Real Estate Catalog\",\"item\":\"https:\/\/alirarealestate.com\/catalog\/buy\/\"},{\"@type\":\"ListItem\",\"position\":4,\"name\":\"Properties for Sale in Dubai\",\"item\":\"https:\/\/alirarealestate.com\/catalog\/buy\/dubai\/\"},{\"@type\":\"ListItem\",\"position\":5,\"name\":\"Apartments For Sale In Dubai\"}]},{\"@type\":\"WebSite\",\"@id\":\"https:\/\/alirarealestate.com\/de\/#website\",\"url\":\"https:\/\/alirarealestate.com\/de\/\",\"name\":\"Alira Real Estate - Real estate in the UAE\",\"description\":\"\",\"potentialAction\":[{\"@type\":\"SearchAction\",\"target\":{\"@type\":\"EntryPoint\",\"urlTemplate\":\"https:\/\/alirarealestate.com\/de\/?s={search_term_string}\"},\"query-input\":{\"@type\":\"PropertyValueSpecification\",\"valueRequired\":true,\"valueName\":\"search_term_string\"}}],\"inLanguage\":\"de\"}]}<\/script>\n<!-- \/ Yoast SEO Premium plugin. -->","yoast_head_json":{"title":"Buy an apartment in Dubai. Apartment prices - Alira","description":"Buy an apartment in Dubai, UAE. \u2b50 Apartments for sale in Dubai: studios, one-five-room apartments. \u2b50 Current prices for apartments, descriptions and photos. \u27a4 Leave a request for a consultation on the website!","robots":{"index":"index","follow":"follow","max-snippet":"max-snippet:-1","max-image-preview":"max-image-preview:large","max-video-preview":"max-video-preview:-1"},"canonical":"https:\/\/alirarealestate.com\/de\/catalog\/buy\/dubai\/apartments\/","og_locale":"de_DE","og_type":"article","og_title":"Apartments For Sale In Dubai","og_description":"Buy an apartment in Dubai, UAE. \u2b50 Apartments for sale in Dubai: studios, one-five-room apartments. \u2b50 Current prices for apartments, descriptions and photos. \u27a4 Leave a request for a consultation on the website!","og_url":"https:\/\/alirarealestate.com\/de\/catalog\/buy\/dubai\/apartments\/","og_site_name":"Alira Real Estate - Real estate in the UAE","article_modified_time":"2025-04-22T20:27:24+00:00","twitter_card":"summary_large_image","twitter_misc":{"Gesch\u00e4tzte Lesezeit":"7\u00a0Minuten"},"schema":{"@context":"https:\/\/schema.org","@graph":[{"@type":"WebPage","@id":"https:\/\/alirarealestate.com\/de\/catalog\/buy\/dubai\/apartments\/","url":"https:\/\/alirarealestate.com\/de\/catalog\/buy\/dubai\/apartments\/","name":"Buy an apartment in Dubai. Apartment prices - Alira","isPartOf":{"@id":"https:\/\/alirarealestate.com\/de\/#website"},"datePublished":"2024-04-18T07:17:39+00:00","dateModified":"2025-04-22T20:27:24+00:00","description":"Buy an apartment in Dubai, UAE. \u2b50 Apartments for sale in Dubai: studios, one-five-room apartments. \u2b50 Current prices for apartments, descriptions and photos. \u27a4 Leave a request for a consultation on the website!","breadcrumb":{"@id":"https:\/\/alirarealestate.com\/de\/catalog\/buy\/dubai\/apartments\/#breadcrumb"},"inLanguage":"de","potentialAction":[{"@type":"ReadAction","target":["https:\/\/alirarealestate.com\/de\/catalog\/buy\/dubai\/apartments\/"]}]},{"@type":"BreadcrumbList","@id":"https:\/\/alirarealestate.com\/de\/catalog\/buy\/dubai\/apartments\/#breadcrumb","itemListElement":[{"@type":"ListItem","position":1,"name":"Home","item":"https:\/\/alirarealestate.com\/"},{"@type":"ListItem","position":2,"name":"Real Estate Catalog","item":"https:\/\/alirarealestate.com\/catalog\/"},{"@type":"ListItem","position":3,"name":"Real Estate Catalog","item":"https:\/\/alirarealestate.com\/catalog\/buy\/"},{"@type":"ListItem","position":4,"name":"Properties for Sale in Dubai","item":"https:\/\/alirarealestate.com\/catalog\/buy\/dubai\/"},{"@type":"ListItem","position":5,"name":"Apartments For Sale In Dubai"}]},{"@type":"WebSite","@id":"https:\/\/alirarealestate.com\/de\/#website","url":"https:\/\/alirarealestate.com\/de\/","name":"Alira Real Estate - Real estate in the UAE","description":"","potentialAction":[{"@type":"SearchAction","target":{"@type":"EntryPoint","urlTemplate":"https:\/\/alirarealestate.com\/de\/?s={search_term_string}"},"query-input":{"@type":"PropertyValueSpecification","valueRequired":true,"valueName":"search_term_string"}}],"inLanguage":"de"}]}},"_links":{"self":[{"href":"https:\/\/alirarealestate.com\/de\/wp-json\/wp\/v2\/pages\/4296"}],"collection":[{"href":"https:\/\/alirarealestate.com\/de\/wp-json\/wp\/v2\/pages"}],"about":[{"href":"https:\/\/alirarealestate.com\/de\/wp-json\/wp\/v2\/types\/page"}],"author":[{"embeddable":true,"href":"https:\/\/alirarealestate.com\/de\/wp-json\/wp\/v2\/users\/1"}],"replies":[{"embeddable":true,"href":"https:\/\/alirarealestate.com\/de\/wp-json\/wp\/v2\/comments?post=4296"}],"version-history":[{"count":3,"href":"https:\/\/alirarealestate.com\/de\/wp-json\/wp\/v2\/pages\/4296\/revisions"}],"predecessor-version":[{"id":5829,"href":"https:\/\/alirarealestate.com\/de\/wp-json\/wp\/v2\/pages\/4296\/revisions\/5829"}],"up":[{"embeddable":true,"href":"https:\/\/alirarealestate.com\/de\/wp-json\/wp\/v2\/pages\/4295"}],"wp:attachment":[{"href":"https:\/\/alirarealestate.com\/de\/wp-json\/wp\/v2\/media?parent=4296"}],"curies":[{"name":"wp","href":"https:\/\/api.w.org\/{rel}","templated":true}]}}