{"id":4288,"date":"2024-04-18T10:17:39","date_gmt":"2024-04-18T07:17:39","guid":{"rendered":"https:\/\/alirarealestate.com\/catalog\/buy\/"},"modified":"2025-04-21T21:13:39","modified_gmt":"2025-04-21T18:13:39","slug":"buy","status":"publish","type":"page","link":"https:\/\/alirarealestate.com\/de\/catalog\/buy\/","title":{"rendered":"Immobilienkatalog"},"content":{"rendered":"<section class=\"wpb-content-wrapper\"><div class=\"vc_row wpb_row vc_row-fluid vc_row\"><div class=\"wpb_column vc_column_container vc_col-sm-12 vc_column\"><div class=\"vc_column-inner\"><div class=\"wpb_wrapper\">\n\t<div class=\"wpb_text_column wpb_content_element  vc_column_text\" >\n\t\t<div class=\"wpb_wrapper\">\n\t\t\t<p><span style=\"font-weight: 400;\">In den Vereinigten Arabischen Emiraten verschmelzen moderne L\u00f6sungen nahtlos mit reichem Kulturerbe, w\u00e4hrend urbane und nat\u00fcrliche Landschaften durch ihre Vielfalt beeindrucken. Die K\u00fcste des Persischen Golfs, die oft mit luxuri\u00f6sen Resorts geschm\u00fcckt ist, verdient besondere Aufmerksamkeit, insbesondere f\u00fcr diejenigen, die Immobilien zum Verkauf in den VAE suchen.<\/span><\/p>\n<p>&nbsp;<\/p>\n<p><span style=\"font-weight: 400;\">Die VAE sind f\u00fcr ihre futuristische Architektur, ihr hohes Ma\u00df an Sicherheit und ihr Investitionspotenzial bekannt, was die Nachfrage nach Immobilien hoch und stabil macht. Wenn Sie sich entschieden haben, eine geeignete Immobilie in den VAE zu kaufen, k\u00f6nnen Sie sich von den Managern der Agentur Alira Real Estate unterst\u00fctzen lassen und eine ausf\u00fchrliche Beratung erhalten.<\/span><\/p>\n\n\t\t<\/div>\n\t<\/div>\n<\/div><\/div><\/div><\/div><div class=\"vc_row wpb_row vc_row-fluid vc_row\"><div class=\"wpb_column vc_column_container vc_col-sm-12 vc_column\"><div class=\"vc_column-inner\"><div class=\"wpb_wrapper\">\n\t<div class=\"wpb_text_column wpb_content_element  vc_column_text\" >\n\t\t<div class=\"wpb_wrapper\">\n\t\t\t<h2><b>Immobilienkauf in den VAE: Wichtige Vorteile<\/b><\/h2>\n<p><span style=\"font-weight: 400;\">Wenn man sich das Entwicklungstempo des Landes und seiner Emirate ansieht, hat man den Eindruck, dass hier alles m\u00f6glich ist. Es ist ein Ort mit einem einzigartigen kosmopolitischen Umfeld, der arabische Traditionen mit Moderne und attraktiven Rechtsnormen verbindet, die andere L\u00e4nder nicht bieten. F\u00fcr diejenigen, die sich f\u00fcr Immobilien zum Verkauf in den VAE interessieren, bietet unsere Agentur eine umfassende Auswahl an Optionen f\u00fcr verschiedene Vorlieben und Budgets.<\/span><\/p>\n<p>&nbsp;<\/p>\n<p><b>Hoher Lebensstandard. <\/b><span style=\"font-weight: 400;\">Die Vereinigten Arabischen Emirate und insbesondere Dubai schneiden in puncto Sicherheit, Gesundheitsversorgung, Bildung, Freizeit und Transport hervorragend ab. Studien zufolge gelten die VAE als das beste Land f\u00fcr ausl\u00e4ndische Fachkr\u00e4fte, die ihre Karriere vorantreiben m\u00f6chten.<\/span><\/p>\n<p>&nbsp;<\/p>\n<p><span style=\"font-weight: 400;\">Aufgrund des wirtschaftlichen Wachstums des Landes und der damit einhergehenden Bl\u00fcte verschiedener Lebensbereiche streben viele Menschen den Erwerb einer Immobilie in den VAE an.<\/span><\/p>\n<p>&nbsp;<\/p>\n<p><span style=\"font-weight: 400;\"><strong>Internationale Atmosph\u00e4re.<\/strong> <\/span><span style=\"font-weight: 400;\">Der j\u00fcngste Anstieg der Zahl der Einwanderer ist auf die Einf\u00fchrung von Visa f\u00fcr Freiberufler (digitale Nomaden) durch die Regierung zur\u00fcckzuf\u00fchren. Obwohl die Amtssprache Arabisch ist, wird Englisch weithin verwendet \u2013 von Speisekarten in Restaurants und Bars bis hin zu offiziellen Dokumenten. Der Betrieb von Unternehmen und Gesch\u00e4ften ist standardisiert und unterscheidet sich kaum von europ\u00e4ischen Grunds\u00e4tzen. In Dubai beispielsweise wird anderen Kulturen und Religionen Respekt entgegengebracht. Hier feiert man Weihnachten, das hinduistische \u201eLichterfest\u201c Diwali und den heiligen Monat Ramadan im muslimischen Kalender.<\/span><\/p>\n<p>&nbsp;<\/p>\n<p><strong>Dynamischer Immobilienmarkt. <\/strong><span style=\"font-weight: 400;\">Die VAE haben eine starke Wirtschaft. Das Land unterh\u00e4lt gute Beziehungen zu den Vereinigten Staaten, was die Stabilit\u00e4t des Dirham (der Landesw\u00e4hrung) gegen\u00fcber dem US-Dollar gew\u00e4hrleistet. Es gibt keine Inflation, was mit dem Wirtschaftswachstum und der Rentabilit\u00e4t von Immobilieninvestitionen in Dubai einhergeht. Die Regierung unternimmt weiterhin Schritte, um das Land f\u00fcr potenzielle Einwohner und Investoren, die Immobilien kaufen m\u00f6chten, noch attraktiver zu machen. Seit 1960 setzt Dubai den Generalplan zur Entwicklung der Stadt um. Es wird erwartet, dass sich die Zahl der Str\u00e4nde bis 2040 vervierfachen und die Zahl der Gr\u00fcnfl\u00e4chen und Hotels verdoppeln wird. Wenn Sie planen, in den VAE Immobilien zu kaufen, ist jetzt der perfekte Zeitpunkt daf\u00fcr.<\/span><\/p>\n\n\t\t<\/div>\n\t<\/div>\n<\/div><\/div><\/div><\/div><div class=\"vc_row wpb_row vc_row-fluid vc_row\"><div class=\"wpb_column vc_column_container vc_col-sm-12 vc_column\"><div class=\"vc_column-inner\"><div class=\"wpb_wrapper\">\n\t<div class=\"wpb_text_column wpb_content_element  vc_column_text\" >\n\t\t<div class=\"wpb_wrapper\">\n\t\t\t<h2><strong>Immobilieninvestitionen in den VAE \u2013 St\u00e4dte<\/strong><\/h2>\n<p>&nbsp;<\/p>\n<p><span style=\"font-weight: 400;\">Eigenheimbesitzer werden in<strong> <a href=\"https:\/\/alirarealestate.com\/de\/catalog\/buy\/dubai\/\">Dubai<\/a><\/strong> erm\u00f6glicht es Ihnen, die rasante Entwicklung der Infrastruktur pers\u00f6nlich mitzuerleben und davon zu profitieren. Die Immobilienpreise variieren je nach Gebiet. So k\u00f6nnen Sie beispielsweise eine Ein-Zimmer-Wohnung mit 70 m\u00b2 Fl\u00e4che in einer verkehrsg\u00fcnstigen Gegend f\u00fcr 1,2 Millionen Dirham (etwas mehr als 300.000 Euro) erwerben.<\/span><\/p>\n<p>&nbsp;<\/p>\n<p><strong><a href=\"https:\/\/alirarealestate.com\/de\/catalog\/buy\/abu-dhabi\/\">Abu Dhabi<\/a><\/strong>, die Hauptstadt und der gr\u00f6\u00dfte Emirat der Vereinigten Arabischen Emirate, ist ein kulturelles und finanzielles Zentrum, das f\u00fcr seine wundersch\u00f6nen Moscheen, Pal\u00e4ste und luxuri\u00f6sen Einkaufszentren bekannt ist. Abu Dhabi hat viele Museen, Theater und Kunstgalerien. Der Kauf einer Immobilie in Abu Dhabi zieht diejenigen an, die Wert auf Prestige und ein komfortables Leben legen und luxuri\u00f6se Apartments, Villen am Meer und exklusive Wohnkomplexe zu sch\u00e4tzen wissen. Abu Dhabi legt gro\u00dfen Wert auf die Entwicklung der Infrastruktur, was das Emirat zu einem vielversprechenden Ort f\u00fcr Investoren macht.<\/p>\n<p>&nbsp;<\/p>\n<p><a href=\"https:\/\/alirarealestate.com\/de\/catalog\/buy\/ajman\/\"><strong>Adschman<\/strong><\/a> und sein Verwaltungszentrum sind ein idealer Ort f\u00fcr Gesch\u00e4fte, da es sich um eine Freihandelszone handelt. Hier gibt es eine g\u00fcnstige Steuerpolitik und die M\u00f6glichkeit, verschiedene Privilegien zu nutzen. Immobilien in Ajman bieten das beste Preis-Leistungs-Verh\u00e4ltnis, sind zug\u00e4nglich, die Betriebskosten sind bei gleich guter Infrastruktur niedriger und die Entfernung zu internationalen Flugh\u00e4fen und H\u00e4fen ist kurz. Neubauten in Ajman sind attraktiv f\u00fcr Menschen mit passivem Einkommen, Rentner und Freiberufler.<\/p>\n<p>&nbsp;<\/p>\n<p><a href=\"https:\/\/alirarealestate.com\/de\/catalog\/buy\/ras-al-khaimah\/\"><strong>Ras Al Khaimah<\/strong><\/a>, n\u00f6rdlich von Dubai gelegen, bietet ein anderes Erlebnis. Es ist ein Gebiet mit wundersch\u00f6nen Hadschar-Bergen, bezaubernden Str\u00e4nden und wilden Naturreservaten. Die Stadt ist f\u00fcr ihre reiche Geschichte und Kultur bekannt. Der h\u00f6chste Gipfel der VAE, Jebel Jais, zieht Kletterer und Touristen an. Eine Investition in Immobilien in Ras Al Khaimah ist eine Gelegenheit, ein friedliches Leben inmitten der Natur zu f\u00fchren. Das Emirat bietet ausl\u00e4ndische Investoren g\u00fcnstige Steuerbedingungen.<\/p>\n<p>&nbsp;<\/p>\n<p><strong><a href=\"https:\/\/alirarealestate.com\/de\/catalog\/buy\/fujairah\/\">Fujairah<\/a><\/strong> hat sich den Ruf als das malerischste aller Emirate der VAE erworben. Dieser Ort ist aufgrund seiner Sch\u00f6nheit attraktiv \u2013 breite Str\u00e4nde vor der Kulisse von Bergen, kristallklares Wasser des Golfs von Oman und sehenswerte Sehensw\u00fcrdigkeiten. Es ist der perfekte Ort f\u00fcr ein friedliches Leben inmitten wundersch\u00f6ner Natur ohne gro\u00dfe Menschenmassen.<\/p>\n<p>&nbsp;<\/p>\n<p><a href=\"https:\/\/alirarealestate.com\/de\/catalog\/buy\/sharjah\/\"><strong>Schardscha<\/strong><\/a> ist die drittgr\u00f6\u00dfte Stadt der Vereinigten Arabischen Emirate in Bezug auf Fl\u00e4che und Bev\u00f6lkerung. Sie liegt s\u00fcdlich von Dubai. Sharjah verf\u00fcgt \u00fcber die gr\u00f6\u00dfte Anzahl an Denkm\u00e4lern der arabischen Kultur. Die k\u00fcnstlich angelegte Lagune, die breiten Sandstr\u00e4nde und die hochwertigen Neubauten wirken wie ein Magnet und ziehen Migranten in diese Region.<\/p>\n<p>&nbsp;<\/p>\n<h2><strong>Arten von Immobilien in den VAE<\/strong><\/h2>\n<p>&nbsp;<\/p>\n<p><span style=\"font-weight: 400;\">Abh\u00e4ngig von Ihren Anlagezielen und Ihrem Budget k\u00f6nnen Sie bei der Immobilienagentur Alira verschiedene Arten von Auslandsimmobilien in den VAE erwerben:<\/span><\/p>\n<p>&nbsp;<\/p>\n<ul>\n<li><a href=\"https:\/\/alirarealestate.com\/de\/catalog\/buy\/dubai\/apartments\/\"><strong>Apartments und Wohnungen. <\/strong><\/a><span style=\"font-weight: 400;\">Wohnkomplexe sind geschlossene Reihen von Mehrfamilienh\u00e4usern. Ihr Territorium ist gesch\u00fctzt und nur f\u00fcr Anwohner zug\u00e4nglich. Es handelt sich um mehrst\u00f6ckige Geb\u00e4ude mit ger\u00e4umigen Innenh\u00f6fen und Annehmlichkeiten f\u00fcr die Bewohner. Privatsph\u00e4re und komfortables Wohnen sind in vollem Umfang gew\u00e4hrleistet. Die Website listet die Kosten f\u00fcr Wohnraum in den VAE auf, egal ob es sich um Studios, Ein- oder F\u00fcnf-Zimmer-Apartments, erschwingliche Optionen oder Immobilien am Meer handelt.<\/span><\/li>\n<li><a href=\"https:\/\/alirarealestate.com\/de\/catalog\/buy\/dubai\/villas\/\"><strong>Villen <\/strong><\/a><span style=\"font-weight: 400;\">sind eine Alternative f\u00fcr diejenigen, die Abgeschiedenheit bevorzugen. Obwohl sie in der Regel nahe beieinander liegen und zur selben Stra\u00dfe zeigen, haben sie keine gemeinsamen W\u00e4nde. Dar\u00fcber hinaus verf\u00fcgen Villen immer \u00fcber ein gro\u00dfes Grundst\u00fcck, auf dem Sie einen Garten, einen Pool, Pavillons und Wirtschaftsgeb\u00e4ude haben k\u00f6nnen.<\/span><\/li>\n<li><strong>Penth\u00e4user<\/strong> belegen einen Teil der oberen Stockwerke von Geb\u00e4uden. Dies ist eine der luxuri\u00f6sesten Immobilienarten mit atemberaubender Aussicht aus den Fenstern. Fast jedes Penthouse in den VAE hat Panoramaverglasung, oft rundherum.<\/li>\n<li><strong>Stadth\u00e4user. <\/strong><span style=\"font-weight: 400;\">Dabei handelt es sich um niedrige Wohnkomplexe mit separaten Eing\u00e4ngen. Obwohl die Reihenh\u00e4user eine gemeinsame Au\u00dfenverkleidung und ein gemeinsames Dach haben, verf\u00fcgt jedes Haus \u00fcber einen eigenen kleinen Bereich f\u00fcr eine Einfahrt, einen Garten oder einen Grillplatz. Der Immobilienmarkt in den VAE umfasst etwa 12.000 Reihenh\u00e4user im ganzen Land, darunter in Dubai, Abu Dhabi, Sharjah, Ras Al Khaimah und Ajman.<\/span><\/li>\n<li><a href=\"https:\/\/alirarealestate.com\/de\/catalog\/buy\/dubai\/commercial\/\"><strong>Gewerbeimmobilien. <\/strong><\/a><span style=\"font-weight: 400;\">Ein wichtiger Besch\u00e4ftigungssektor f\u00fcr die internationale Belegschaft. B\u00fcros, Hotels und Hotelzimmer werden f\u00fcr Immobilieninvestoren immer attraktiver, da die VAE danach streben, ein Reiseziel von Weltklasse zu werden.<\/span><\/li>\n<\/ul>\n<p>&nbsp;<\/p>\n<h2><strong>Immobilienpreise in den VAE<\/strong><\/h2>\n<p>&nbsp;<\/p>\n<p><span style=\"font-weight: 400;\">Abh\u00e4ngig von der Gegend und den damit verbundenen Lebensbedingungen bilden sich die Immobilienpreise in den VAE. Der durchschnittliche Preis pro Quadratmeter im Zentrum von Dubai betr\u00e4gt 15.908 Dirham, au\u00dferhalb des Zentrums 9.816 Dirham. Sie k\u00f6nnen eine Ein-Zimmer-Wohnung von etwa 70 m\u00b2 in einer guten Gegend f\u00fcr 1,2 Millionen Dirham kaufen. Nat\u00fcrlich sind die Kosten umso h\u00f6her, je n\u00e4her die Immobilie am Zentrum liegt. Die Preise k\u00f6nnen 6,8 Millionen Dirham f\u00fcr ein Elite-Studio-Apartment erreichen.<\/span><\/p>\n<p>&nbsp;<\/p>\n<p><span style=\"font-weight: 400;\">Immobilien werden in den VAE sowohl von Bautr\u00e4gerunternehmen als auch von Eigent\u00fcmern auf dem Sekund\u00e4rmarkt verkauft.<\/span><\/p>\n<p>&nbsp;<\/p>\n<p><span style=\"font-weight: 400;\">Beim Kauf von Immobilien auf dem Sekund\u00e4rmarkt in Dubai muss der Kunde nach Unterzeichnung des Protokolls, Einholung der Zustimmung und Treffen mit dem Land Department, wo das Eigentumsrecht offiziell \u00fcbertragen wird, eine Anzahlung von 101 TP3T leisten. Dar\u00fcber hinaus f\u00e4llt eine Maklerprovision an \u2013 21 TP3T des Kaufpreises. Beim Kauf von Immobilien in den VAE zum Verkauf von einem Bautr\u00e4ger wird diese Provision nicht erhoben.<\/span><\/p>\n<p>&nbsp;<\/p>\n<p><span style=\"font-weight: 400;\">Es fallen auch \u00dcberweisungszuschl\u00e4ge f\u00fcr Verwaltungsgeb\u00fchren an. Jede Transaktion ist individuell und wir informieren unsere Kunden zu Beginn unserer Arbeit dar\u00fcber.<\/span><\/p>\n\n\t\t<\/div>\n\t<\/div>\n\n\t<div class=\"wpb_text_column wpb_content_element  vc_column_text\" >\n\t\t<div class=\"wpb_wrapper\">\n\t\t\t<h2><strong>Immobilieninvestitionen in den VAE: Warum es vorteilhaft ist<\/strong><\/h2>\n<p><span style=\"font-weight: 400;\">In den Vereinigten Arabischen Emiraten gibt es keine Grundsteuer und die Mehrwertsteuer betr\u00e4gt 51 TP3 T. Die Regierung der VAE sorgt f\u00fcr einen streng regulierten Markt, der zur Wahrung seiner Stabilit\u00e4t beitr\u00e4gt und ein g\u00fcnstiges Umfeld f\u00fcr Immobilieninvestitionen schafft.<\/span><\/p>\n<p>&nbsp;<\/p>\n<p><span style=\"font-weight: 400;\">Beim Kauf einer Immobilie in Dubai wird eine einmalige Geb\u00fchr an das Dubai Land Department (DLD) gezahlt. Sie betr\u00e4gt 41 TP3 T (in Abu Dhabi \u2013 21 TP3 T), beim Kauf einer Immobilie auf dem Prim\u00e4rmarkt wird sie jedoch ganz oder teilweise vom Bautr\u00e4ger bezahlt.<\/span><\/p>\n<p>&nbsp;<\/p>\n<p><span style=\"font-weight: 400;\">Sie haben die M\u00f6glichkeit, bei einer lokalen Bank in Dubai einen Immobilienkredit zu beantragen. Wenn Sie kein Einwohner sind, kann der Kreditbetrag 50% des Immobilienwertes betragen.<\/span><\/p>\n<p>&nbsp;<\/p>\n<h2><strong>Vorteile und Bedingungen der Zusammenarbeit mit der Immobilienagentur Alira<\/strong><\/h2>\n<p><span style=\"font-weight: 400;\">Beim Kauf von Immobilien in den VAE sollte ein Ausl\u00e4nder mehrere Faktoren ber\u00fccksichtigen: Kenntnis der Gesetze und Vorschriften, Wahl des richtigen Standorts und Beachtung von Optionen zur Finanzierungs- und Steueroptimierung.<\/span><\/p>\n<p><span style=\"font-weight: 400;\">Wir garantieren:<\/span><\/p>\n<p>&nbsp;<\/p>\n<ul>\n<li><span style=\"font-weight: 400;\">Umfangreiches Leistungsangebot. <\/span><span style=\"font-weight: 400;\">Verkauf, Kauf, Vermietung und Verwaltung von Immobilien.<\/span><\/li>\n<li><span style=\"font-weight: 400;\">Vertraulichkeit. <\/span><span style=\"font-weight: 400;\">Ohne Ihre Einwilligung geben wir Ihre Daten nicht an Dritte weiter.<\/span><\/li>\n<li><span style=\"font-weight: 400;\">Professionalit\u00e4t. <\/span><span style=\"font-weight: 400;\">Die Agentur besch\u00e4ftigt qualifizierte und erfahrene Fachkr\u00e4fte.<\/span><\/li>\n<li><span style=\"font-weight: 400;\">Individueller Ansatz. <\/span><span style=\"font-weight: 400;\">Flexible Kooperationsbedingungen und transparente Immobilienpreise in den Emiraten.<\/span><\/li>\n<\/ul>\n<p><span style=\"font-weight: 400;\">Die Zusammenarbeit mit einem erfahrenen Immobilienberater in den VAE erleichtert den Kauf. Der Spezialist kennt den Markt, hilft potenziellen K\u00e4ufern bei der Auswahl geeigneter Immobilien und versteht die rechtlichen und finanziellen Aspekte. F\u00fcr diejenigen, die nach zum Verkauf stehenden Immobilien in den VAE suchen, sorgt die Zusammenarbeit mit einem sachkundigen Berater f\u00fcr einen reibungsloseren Kaufprozess.<\/span><\/p>\n<p>&nbsp;<\/p>\n<p><span style=\"font-weight: 400;\">Ob Sie eine luxuri\u00f6se Strandvilla oder eine Stadtwohnung suchen, in den Vereinigten Arabischen Emiraten werden Sie f\u00fcndig. Der Immobilienmarkt des Landes ist vielf\u00e4ltig und deckt ein breites Spektrum an Budgets und Vorlieben ab. Um einen Beratungstermin zu vereinbaren und die Kosten f\u00fcr Immobilien in den VAE zu besprechen, hinterlassen Sie bitte eine Anfrage auf der Website oder rufen Sie an <\/span><span style=\"font-weight: 400;\"><a href=\"tel: 79869277377\">+7 (986) 927-73-77 <\/a><\/span><span style=\"font-weight: 400;\">Und <\/span><span style=\"font-weight: 400;\"><a href=\"tel: 971588337903\">+971 (588) 337 903<\/a><\/span><span style=\"font-weight: 400;\">Anfragen k\u00f6nnen auch an die E-Mail-Adresse gesendet werden <\/span><span style=\"font-weight: 400;\"><a class=\"mail\" href=\"mailto:info@alirarealestate.com\">info@alirarealestate.com<\/a>.<\/span><\/p>\n\n\t\t<\/div>\n\t<\/div>\n<\/div><\/div><\/div><\/div>\n<\/section>","protected":false},"excerpt":{"rendered":"In den Vereinigten Arabischen Emiraten verschmelzen moderne L\u00f6sungen nahtlos mit reichem Kulturerbe, w\u00e4hrend urbane und nat\u00fcrliche Landschaften durch ihre Vielfalt beeindrucken. Die K\u00fcste des Persischen Golfs, oft mit luxuri\u00f6sen Resorts geschm\u00fcckt, verdient besondere Aufmerksamkeit, insbesondere f\u00fcr Immobilienk\u00e4ufer in den VAE. Die VAE sind bekannt f\u00fcr ihre futuristische Architektur, ihr hohes Sicherheitsniveau und ihr Investitionspotenzial, was sie zu einem ...","protected":false},"author":1,"featured_media":0,"parent":660,"menu_order":0,"comment_status":"closed","ping_status":"closed","template":"advanced_search_results.php","meta":{"inline_featured_image":false,"_glsr_average":0,"_glsr_ranking":0,"_glsr_reviews":0,"footnotes":""},"class_list":["post-4288","page","type-page","status-publish","hentry"],"yoast_head":"<!-- This site is optimized with the Yoast SEO Premium plugin v25.1 (Yoast SEO v25.6) - https:\/\/yoast.com\/wordpress\/plugins\/seo\/ -->\n<title>Catalog of Real Estate in the UAE - Buy: Prices, Descriptions, Photos - Alira<\/title>\n<meta name=\"description\" content=\"Catalog of real estate in the UAE by Alira. \u2b50 Prices, descriptions, photos. \u2b50 Apartments, villas, offices. \u2b50 Property for sale and for rent. \u27a4 Choose your option on the website!\" \/>\n<meta name=\"robots\" content=\"index, follow, max-snippet:-1, max-image-preview:large, max-video-preview:-1\" \/>\n<link rel=\"canonical\" href=\"https:\/\/alirarealestate.com\/de\/catalog\/buy\/\" \/>\n<meta property=\"og:locale\" content=\"de_DE\" \/>\n<meta property=\"og:type\" content=\"article\" \/>\n<meta property=\"og:title\" content=\"Real Estate Catalog\" \/>\n<meta property=\"og:description\" content=\"Catalog of real estate in the UAE by Alira. \u2b50 Prices, descriptions, photos. \u2b50 Apartments, villas, offices. \u2b50 Property for sale and for rent. \u27a4 Choose your option on the website!\" \/>\n<meta property=\"og:url\" content=\"https:\/\/alirarealestate.com\/de\/catalog\/buy\/\" \/>\n<meta property=\"og:site_name\" content=\"Alira Real Estate - Real estate in the UAE\" \/>\n<meta property=\"article:modified_time\" content=\"2025-04-21T18:13:39+00:00\" \/>\n<meta name=\"twitter:card\" content=\"summary_large_image\" \/>\n<meta name=\"twitter:label1\" content=\"Gesch\u00e4tzte Lesezeit\" \/>\n\t<meta name=\"twitter:data1\" content=\"8\u00a0Minuten\" \/>\n<script type=\"application\/ld+json\" class=\"yoast-schema-graph\">{\"@context\":\"https:\/\/schema.org\",\"@graph\":[{\"@type\":\"WebPage\",\"@id\":\"https:\/\/alirarealestate.com\/de\/catalog\/buy\/\",\"url\":\"https:\/\/alirarealestate.com\/de\/catalog\/buy\/\",\"name\":\"Catalog of Real Estate in the UAE - Buy: Prices, Descriptions, Photos - Alira\",\"isPartOf\":{\"@id\":\"https:\/\/alirarealestate.com\/de\/#website\"},\"datePublished\":\"2024-04-18T07:17:39+00:00\",\"dateModified\":\"2025-04-21T18:13:39+00:00\",\"description\":\"Catalog of real estate in the UAE by Alira. \u2b50 Prices, descriptions, photos. \u2b50 Apartments, villas, offices. \u2b50 Property for sale and for rent. \u27a4 Choose your option on the website!\",\"breadcrumb\":{\"@id\":\"https:\/\/alirarealestate.com\/de\/catalog\/buy\/#breadcrumb\"},\"inLanguage\":\"de\",\"potentialAction\":[{\"@type\":\"ReadAction\",\"target\":[\"https:\/\/alirarealestate.com\/de\/catalog\/buy\/\"]}]},{\"@type\":\"BreadcrumbList\",\"@id\":\"https:\/\/alirarealestate.com\/de\/catalog\/buy\/#breadcrumb\",\"itemListElement\":[{\"@type\":\"ListItem\",\"position\":1,\"name\":\"Home\",\"item\":\"https:\/\/alirarealestate.com\/\"},{\"@type\":\"ListItem\",\"position\":2,\"name\":\"Real Estate Catalog\",\"item\":\"https:\/\/alirarealestate.com\/catalog\/\"},{\"@type\":\"ListItem\",\"position\":3,\"name\":\"Real Estate Catalog\"}]},{\"@type\":\"WebSite\",\"@id\":\"https:\/\/alirarealestate.com\/de\/#website\",\"url\":\"https:\/\/alirarealestate.com\/de\/\",\"name\":\"Alira Real Estate - Real estate in the UAE\",\"description\":\"\",\"potentialAction\":[{\"@type\":\"SearchAction\",\"target\":{\"@type\":\"EntryPoint\",\"urlTemplate\":\"https:\/\/alirarealestate.com\/de\/?s={search_term_string}\"},\"query-input\":{\"@type\":\"PropertyValueSpecification\",\"valueRequired\":true,\"valueName\":\"search_term_string\"}}],\"inLanguage\":\"de\"}]}<\/script>\n<!-- \/ Yoast SEO Premium plugin. -->","yoast_head_json":{"title":"Catalog of Real Estate in the UAE - Buy: Prices, Descriptions, Photos - Alira","description":"Catalog of real estate in the UAE by Alira. \u2b50 Prices, descriptions, photos. \u2b50 Apartments, villas, offices. \u2b50 Property for sale and for rent. \u27a4 Choose your option on the website!","robots":{"index":"index","follow":"follow","max-snippet":"max-snippet:-1","max-image-preview":"max-image-preview:large","max-video-preview":"max-video-preview:-1"},"canonical":"https:\/\/alirarealestate.com\/de\/catalog\/buy\/","og_locale":"de_DE","og_type":"article","og_title":"Real Estate Catalog","og_description":"Catalog of real estate in the UAE by Alira. \u2b50 Prices, descriptions, photos. \u2b50 Apartments, villas, offices. \u2b50 Property for sale and for rent. \u27a4 Choose your option on the website!","og_url":"https:\/\/alirarealestate.com\/de\/catalog\/buy\/","og_site_name":"Alira Real Estate - Real estate in the UAE","article_modified_time":"2025-04-21T18:13:39+00:00","twitter_card":"summary_large_image","twitter_misc":{"Gesch\u00e4tzte Lesezeit":"8\u00a0Minuten"},"schema":{"@context":"https:\/\/schema.org","@graph":[{"@type":"WebPage","@id":"https:\/\/alirarealestate.com\/de\/catalog\/buy\/","url":"https:\/\/alirarealestate.com\/de\/catalog\/buy\/","name":"Catalog of Real Estate in the UAE - Buy: Prices, Descriptions, Photos - Alira","isPartOf":{"@id":"https:\/\/alirarealestate.com\/de\/#website"},"datePublished":"2024-04-18T07:17:39+00:00","dateModified":"2025-04-21T18:13:39+00:00","description":"Catalog of real estate in the UAE by Alira. \u2b50 Prices, descriptions, photos. \u2b50 Apartments, villas, offices. \u2b50 Property for sale and for rent. \u27a4 Choose your option on the website!","breadcrumb":{"@id":"https:\/\/alirarealestate.com\/de\/catalog\/buy\/#breadcrumb"},"inLanguage":"de","potentialAction":[{"@type":"ReadAction","target":["https:\/\/alirarealestate.com\/de\/catalog\/buy\/"]}]},{"@type":"BreadcrumbList","@id":"https:\/\/alirarealestate.com\/de\/catalog\/buy\/#breadcrumb","itemListElement":[{"@type":"ListItem","position":1,"name":"Home","item":"https:\/\/alirarealestate.com\/"},{"@type":"ListItem","position":2,"name":"Real Estate Catalog","item":"https:\/\/alirarealestate.com\/catalog\/"},{"@type":"ListItem","position":3,"name":"Real Estate Catalog"}]},{"@type":"WebSite","@id":"https:\/\/alirarealestate.com\/de\/#website","url":"https:\/\/alirarealestate.com\/de\/","name":"Alira Real Estate - Real estate in the UAE","description":"","potentialAction":[{"@type":"SearchAction","target":{"@type":"EntryPoint","urlTemplate":"https:\/\/alirarealestate.com\/de\/?s={search_term_string}"},"query-input":{"@type":"PropertyValueSpecification","valueRequired":true,"valueName":"search_term_string"}}],"inLanguage":"de"}]}},"_links":{"self":[{"href":"https:\/\/alirarealestate.com\/de\/wp-json\/wp\/v2\/pages\/4288"}],"collection":[{"href":"https:\/\/alirarealestate.com\/de\/wp-json\/wp\/v2\/pages"}],"about":[{"href":"https:\/\/alirarealestate.com\/de\/wp-json\/wp\/v2\/types\/page"}],"author":[{"embeddable":true,"href":"https:\/\/alirarealestate.com\/de\/wp-json\/wp\/v2\/users\/1"}],"replies":[{"embeddable":true,"href":"https:\/\/alirarealestate.com\/de\/wp-json\/wp\/v2\/comments?post=4288"}],"version-history":[{"count":2,"href":"https:\/\/alirarealestate.com\/de\/wp-json\/wp\/v2\/pages\/4288\/revisions"}],"predecessor-version":[{"id":5907,"href":"https:\/\/alirarealestate.com\/de\/wp-json\/wp\/v2\/pages\/4288\/revisions\/5907"}],"up":[{"embeddable":true,"href":"https:\/\/alirarealestate.com\/de\/wp-json\/wp\/v2\/pages\/660"}],"wp:attachment":[{"href":"https:\/\/alirarealestate.com\/de\/wp-json\/wp\/v2\/media?parent=4288"}],"curies":[{"name":"wp","href":"https:\/\/api.w.org\/{rel}","templated":true}]}}