{"id":344,"date":"2023-10-15T17:59:57","date_gmt":"2023-10-15T14:59:57","guid":{"rendered":"https:\/\/alirarealestate.com\/?page_id=344"},"modified":"2024-03-27T16:28:47","modified_gmt":"2024-03-27T13:28:47","slug":"about","status":"publish","type":"page","link":"https:\/\/alirarealestate.com\/de\/about\/","title":{"rendered":"\u00dcber Alira"},"content":{"rendered":"<section class=\"wpb-content-wrapper\"><div id=\"box5\" class=\"vc_row wpb_row vc_row-fluid vc_custom_1701625763226 vc_row-o-full-height vc_row-o-columns-middle vc_row-flex vc_row\"><div class=\"wpb_column vc_column_container vc_col-sm-12 vc_column\"><div class=\"vc_column-inner\"><div class=\"wpb_wrapper\"><div class=\"vc_row wpb_row vc_inner vc_row-fluid vc_row-o-content-middle vc_row-flex vc_row_inner\"><div class=\"b5-col1 wpb_column vc_column_container vc_col-sm-12 vc_col-lg-6 vc_col-md-6 vc_column_inner\"><div class=\"vc_column-inner\"><div class=\"wpb_wrapper\">\n\t<div  class=\"wpb_single_image wpb_content_element vc_align_center  vc_custom_1694355752028 vc_single_image\">\n\t\t\n\t\t<figure class=\"wpb_wrapper vc_figure\">\n\t\t\t<div class=\"vc_single_image-wrapper   vc_box_border_grey\"><img fetchpriority=\"high\" decoding=\"async\" width=\"1615\" height=\"1205\" src=\"https:\/\/alirarealestate.com\/wp-content\/uploads\/2023\/09\/alira-3.svg\" class=\"vc_single_image-img attachment-full\" alt=\"\" title=\"\" \/><\/div>\n\t\t<\/figure>\n\t<\/div>\n<\/div><\/div><\/div><div class=\"wpb_column vc_column_container vc_col-sm-12 vc_col-lg-6 vc_col-md-6 vc_column_inner\"><div class=\"vc_column-inner\"><div class=\"wpb_wrapper\"><div class=\"aio-icon-component  vc_custom_1694250576351 bsf-info-box   style_1\"><div id=\"Info-box-wrap-9265\" class=\"aio-icon-box left-icon\" style=\"\"  ><div class=\"aio-icon-left\"><div class=\"ult-just-icon-wrapper   just_icon\"><div class=\"align-icon\" style=\"text-align:center;\">\n<div class=\"aio-icon-img\" style=\"font-size:50px;display:inline-block;\" >\n\t<img decoding=\"async\" class=\"img-icon\" alt=\"Null\" src=\"https:\/\/alirarealestate.com\/wp-content\/uploads\/2023\/09\/p1.svg\"\/>\n<\/div><\/div><\/div><\/div><div class=\"aio-ibd-block\"><div class=\"aio-icon-header\" ><div class=\"aio-icon-title ult-responsive\"  data-ultimate-target='#Info-box-wrap-9265 .aio-icon-title'  data-responsive-json-new='{\"font-size\":\"desktop:18px;\",\"line-height\":\"desktop:24px;\"}'  style=\"color:#ffffff;\">Umfangreiches Leistungsspektrum<\/div><\/div> <!-- header --><div class=\"aio-icon-description ult-responsive\"  data-ultimate-target='#Info-box-wrap-9265 .aio-icon-description'  data-responsive-json-new='{\"font-size\":\"desktop:13px;\",\"line-height\":\"desktop:20px;\"}'  style=\"font-family:&#039;Roboto&#039;;font-weight:300;color:#ffffff;\">Verkauf, Kauf, Vermietung und Immobilienverwaltung. Sie erhalten eine umfassende Palette hochwertiger Dienstleistungen an einem Ort.<\/div> <!-- description --><\/div> <!-- aio-ibd-block --><\/div> <!-- aio-icon-box --><\/div> <!-- aio-icon-component --><div class=\"aio-icon-component  vc_custom_1694253698626 bsf-info-box   style_1\"><div id=\"Info-box-wrap-9641\" class=\"aio-icon-box left-icon\" style=\"\"  ><div class=\"aio-icon-left\"><div class=\"ult-just-icon-wrapper   just_icon\"><div class=\"align-icon\" style=\"text-align:center;\">\n<div class=\"aio-icon-img\" style=\"font-size:50px;display:inline-block;\" >\n\t<img decoding=\"async\" class=\"img-icon\" alt=\"Null\" src=\"https:\/\/alirarealestate.com\/wp-content\/uploads\/2023\/09\/p2.svg\"\/>\n<\/div><\/div><\/div><\/div><div class=\"aio-ibd-block\"><div class=\"aio-icon-header\" ><div class=\"aio-icon-title ult-responsive\"  data-ultimate-target='#Info-box-wrap-9641 .aio-icon-title'  data-responsive-json-new='{\"font-size\":\"desktop:18px;\",\"line-height\":\"desktop:24px;\"}'  style=\"color:#ffffff;\">Professionalit\u00e4t<\/div><\/div> <!-- header --><div class=\"aio-icon-description ult-responsive\"  data-ultimate-target='#Info-box-wrap-9641 .aio-icon-description'  data-responsive-json-new='{\"font-size\":\"desktop:13px;\",\"line-height\":\"desktop:20px;\"}'  style=\"font-family:&#039;Roboto&#039;;font-weight:300;color:#ffffff;\">Die Agentur besch\u00e4ftigt hochqualifizierte Fachkr\u00e4fte. Bei der Zusammenarbeit mit uns werden Sie sich sicher und sicher f\u00fchlen.<br \/>\n<\/div> <!-- description --><\/div> <!-- aio-ibd-block --><\/div> <!-- aio-icon-box --><\/div> <!-- aio-icon-component --><div class=\"aio-icon-component  vc_custom_1694253712871 bsf-info-box   style_1\"><div id=\"Info-box-wrap-9253\" class=\"aio-icon-box left-icon\" style=\"\"  ><div class=\"aio-icon-left\"><div class=\"ult-just-icon-wrapper   just_icon\"><div class=\"align-icon\" style=\"text-align:center;\">\n<div class=\"aio-icon-img\" style=\"font-size:50px;display:inline-block;\" >\n\t<img decoding=\"async\" class=\"img-icon\" alt=\"Null\" src=\"https:\/\/alirarealestate.com\/wp-content\/uploads\/2023\/09\/p3.svg\"\/>\n<\/div><\/div><\/div><\/div><div class=\"aio-ibd-block\"><div class=\"aio-icon-header\" ><div class=\"aio-icon-title ult-responsive\"  data-ultimate-target='#Info-box-wrap-9253 .aio-icon-title'  data-responsive-json-new='{\"font-size\":\"desktop:18px;\",\"line-height\":\"desktop:24px;\"}'  style=\"color:#ffffff;\">Flexibilit\u00e4t<\/div><\/div> <!-- header --><div class=\"aio-icon-description ult-responsive\"  data-ultimate-target='#Info-box-wrap-9253 .aio-icon-description'  data-responsive-json-new='{\"font-size\":\"desktop:13px;\",\"line-height\":\"desktop:20px;\"}'  style=\"font-family:&#039;Roboto&#039;;font-weight:300;color:#ffffff;\">Jeder Kundenwunsch ist individuell. Sie erhalten flexible Interaktionsbedingungen und die M\u00f6glichkeit, verschiedene Immobilienoptionen auszuw\u00e4hlen.<\/div> <!-- description --><\/div> <!-- aio-ibd-block --><\/div> <!-- aio-icon-box --><\/div> <!-- aio-icon-component --><div class=\"aio-icon-component  vc_custom_1694253726280 bsf-info-box   style_1\"><div id=\"Info-box-wrap-1360\" class=\"aio-icon-box left-icon\" style=\"\"  ><div class=\"aio-icon-left\"><div class=\"ult-just-icon-wrapper   just_icon\"><div class=\"align-icon\" style=\"text-align:center;\">\n<div class=\"aio-icon-img\" style=\"font-size:50px;display:inline-block;\" >\n\t<img decoding=\"async\" class=\"img-icon\" alt=\"Null\" src=\"https:\/\/alirarealestate.com\/wp-content\/uploads\/2023\/09\/p4.svg\"\/>\n<\/div><\/div><\/div><\/div><div class=\"aio-ibd-block\"><div class=\"aio-icon-header\" ><div class=\"aio-icon-title ult-responsive\"  data-ultimate-target='#Info-box-wrap-1360 .aio-icon-title'  data-responsive-json-new='{\"font-size\":\"desktop:18px;\",\"line-height\":\"desktop:24px;\"}'  style=\"color:#ffffff;\">Vertraulichkeit<\/div><\/div> <!-- header --><div class=\"aio-icon-description ult-responsive\"  data-ultimate-target='#Info-box-wrap-1360 .aio-icon-description'  data-responsive-json-new='{\"font-size\":\"desktop:13px;\",\"line-height\":\"desktop:20px;\"}'  style=\"font-family:&#039;Roboto&#039;;font-weight:300;color:#ffffff;\">Wir garantieren, dass Ihre Daten nicht ohne konkreten Bedarf und Ihre Einwilligung an Dritte weitergegeben werden.<\/div> <!-- description --><\/div> <!-- aio-ibd-block --><\/div> <!-- aio-icon-box --><\/div> <!-- aio-icon-component --><div class=\"aio-icon-component  vc_custom_1694253873570 bsf-info-box   style_1\"><div id=\"Info-box-wrap-7978\" class=\"aio-icon-box left-icon\" style=\"\"  ><div class=\"aio-icon-left\"><div class=\"ult-just-icon-wrapper   just_icon\"><div class=\"align-icon\" style=\"text-align:center;\">\n<div class=\"aio-icon-img\" style=\"font-size:50px;display:inline-block;\" >\n\t<img decoding=\"async\" class=\"img-icon\" alt=\"Null\" src=\"https:\/\/alirarealestate.com\/wp-content\/uploads\/2023\/09\/p5.svg\"\/>\n<\/div><\/div><\/div><\/div><div class=\"aio-ibd-block\"><div class=\"aio-icon-header\" ><div class=\"aio-icon-title ult-responsive\"  data-ultimate-target='#Info-box-wrap-7978 .aio-icon-title'  data-responsive-json-new='{\"font-size\":\"desktop:18px;\",\"line-height\":\"desktop:24px;\"}'  style=\"color:#ffffff;\">Tadelloser Ruf<\/div><\/div> <!-- header --><div class=\"aio-icon-description ult-responsive\"  data-ultimate-target='#Info-box-wrap-7978 .aio-icon-description'  data-responsive-json-new='{\"font-size\":\"desktop:13px;\",\"line-height\":\"desktop:20px;\"}'  style=\"font-family:&#039;Roboto&#039;;font-weight:300;color:#ffffff;\">Unsere Sorge um den Ruf ist die Grundlage Ihres Erfolgs. Mit der Kontaktaufnahme zu ALIRA entscheiden Sie sich f\u00fcr einen zuverl\u00e4ssigen und verantwortungsvollen Partner.<\/div> <!-- description --><\/div> <!-- aio-ibd-block --><\/div> <!-- aio-icon-box --><\/div> <!-- aio-icon-component --><\/div><\/div><\/div><\/div><\/div><\/div><\/div><\/div><!-- Row Backgrounds --><div class=\"upb_bg_img\" data-ultimate-bg=\"url(https:\/\/alirarealestate.com\/wp-content\/uploads\/2023\/09\/bg5.jpg?v=1714204376)\" data-image-id=\"id^75|url^https:\/\/alirarealestate.com\/wp-content\/uploads\/2023\/09\/bg5-optimized.jpg|caption^null|alt^null|title^null|description^null\" data-ultimate-bg-style=\"vcpb-default\" data-bg-img-repeat=\"no-repeat\" data-bg-img-size=\"cover\" data-bg-img-position=\"\" data-parallx_sense=\"30\" data-bg-override=\"full\" data-bg_img_attach=\"scroll\" data-upb-overlay-color=\"\" data-upb-bg-animation=\"\" data-fadeout=\"\" data-bg-animation=\"left-animation\" data-bg-animation-type=\"h\" data-animation-repeat=\"repeat\" data-fadeout-percentage=\"30\" data-parallax-content=\"\" data-parallax-content-sense=\"30\" data-row-effect-mobile-disable=\"true\" data-img-parallax-mobile-disable=\"true\" data-rtl=\"false\"  data-custom-vc-row=\"\"  data-vc=\"7.0\"  data-is_old_vc=\"\"  data-theme-support=\"\"   data-overlay=\"false\" data-overlay-color=\"\" data-overlay-pattern=\"\" data-overlay-pattern-opacity=\"\" data-overlay-pattern-size=\"\"    ><\/div>\n<\/section>","protected":false},"excerpt":{"rendered":"Breites Leistungsspektrum Verkauf, Kauf, Vermietung und Immobilienverwaltung. Sie erhalten eine vollst\u00e4ndige Palette hochwertiger Dienstleistungen an einem Ort. Professionalit\u00e4t Die Agentur besch\u00e4ftigt hochqualifizierte Fachkr\u00e4fte. Bei der Zusammenarbeit mit uns werden Sie sich sicher und geborgen f\u00fchlen. Flexibilit\u00e4t Jede Kundenanfrage ist individuell. Sie erhalten flexible Interaktionsbedingungen und die M\u00f6glichkeit, verschiedene Immobilienoptionen auszuw\u00e4hlen. Vertraulichkeit Wir garantieren, dass ...","protected":false},"author":1,"featured_media":0,"parent":0,"menu_order":0,"comment_status":"closed","ping_status":"closed","template":"","meta":{"inline_featured_image":false,"_glsr_average":0,"_glsr_ranking":0,"_glsr_reviews":0,"footnotes":""},"class_list":["post-344","page","type-page","status-publish","hentry"],"yoast_head":"<!-- This site is optimized with the Yoast SEO Premium plugin v25.1 (Yoast SEO v25.6) - https:\/\/yoast.com\/wordpress\/plugins\/seo\/ -->\n<title>Information about Alira Real Estate Agency<\/title>\n<meta name=\"description\" content=\"Information about Alira Real Estate Agency: mission, values, and company advantages. \u27a4 Learn more!\" \/>\n<meta name=\"robots\" content=\"index, follow, max-snippet:-1, max-image-preview:large, max-video-preview:-1\" \/>\n<link rel=\"canonical\" href=\"https:\/\/alirarealestate.com\/de\/about\/\" \/>\n<meta property=\"og:locale\" content=\"de_DE\" \/>\n<meta property=\"og:type\" content=\"article\" \/>\n<meta property=\"og:title\" content=\"About Alira\" \/>\n<meta property=\"og:description\" content=\"Information about Alira Real Estate Agency: mission, values, and company advantages. \u27a4 Learn more!\" \/>\n<meta property=\"og:url\" content=\"https:\/\/alirarealestate.com\/de\/about\/\" \/>\n<meta property=\"og:site_name\" content=\"Alira Real Estate - Real estate in the UAE\" \/>\n<meta property=\"article:modified_time\" content=\"2024-03-27T13:28:47+00:00\" \/>\n<meta name=\"twitter:card\" content=\"summary_large_image\" \/>\n<meta name=\"twitter:label1\" content=\"Gesch\u00e4tzte Lesezeit\" \/>\n\t<meta name=\"twitter:data1\" content=\"1\u00a0Minute\" \/>\n<script type=\"application\/ld+json\" class=\"yoast-schema-graph\">{\"@context\":\"https:\/\/schema.org\",\"@graph\":[{\"@type\":\"WebPage\",\"@id\":\"https:\/\/alirarealestate.com\/de\/about\/\",\"url\":\"https:\/\/alirarealestate.com\/de\/about\/\",\"name\":\"Information about Alira Real Estate Agency\",\"isPartOf\":{\"@id\":\"https:\/\/alirarealestate.com\/de\/#website\"},\"datePublished\":\"2023-10-15T14:59:57+00:00\",\"dateModified\":\"2024-03-27T13:28:47+00:00\",\"description\":\"Information about Alira Real Estate Agency: mission, values, and company advantages. \u27a4 Learn more!\",\"breadcrumb\":{\"@id\":\"https:\/\/alirarealestate.com\/de\/about\/#breadcrumb\"},\"inLanguage\":\"de\",\"potentialAction\":[{\"@type\":\"ReadAction\",\"target\":[\"https:\/\/alirarealestate.com\/de\/about\/\"]}]},{\"@type\":\"BreadcrumbList\",\"@id\":\"https:\/\/alirarealestate.com\/de\/about\/#breadcrumb\",\"itemListElement\":[{\"@type\":\"ListItem\",\"position\":1,\"name\":\"Home\",\"item\":\"https:\/\/alirarealestate.com\/\"},{\"@type\":\"ListItem\",\"position\":2,\"name\":\"About Alira\"}]},{\"@type\":\"WebSite\",\"@id\":\"https:\/\/alirarealestate.com\/de\/#website\",\"url\":\"https:\/\/alirarealestate.com\/de\/\",\"name\":\"Alira Real Estate - Real estate in the UAE\",\"description\":\"\",\"potentialAction\":[{\"@type\":\"SearchAction\",\"target\":{\"@type\":\"EntryPoint\",\"urlTemplate\":\"https:\/\/alirarealestate.com\/de\/?s={search_term_string}\"},\"query-input\":{\"@type\":\"PropertyValueSpecification\",\"valueRequired\":true,\"valueName\":\"search_term_string\"}}],\"inLanguage\":\"de\"}]}<\/script>\n<!-- \/ Yoast SEO Premium plugin. -->","yoast_head_json":{"title":"Information about Alira Real Estate Agency","description":"Information about Alira Real Estate Agency: mission, values, and company advantages. \u27a4 Learn more!","robots":{"index":"index","follow":"follow","max-snippet":"max-snippet:-1","max-image-preview":"max-image-preview:large","max-video-preview":"max-video-preview:-1"},"canonical":"https:\/\/alirarealestate.com\/de\/about\/","og_locale":"de_DE","og_type":"article","og_title":"About Alira","og_description":"Information about Alira Real Estate Agency: mission, values, and company advantages. \u27a4 Learn more!","og_url":"https:\/\/alirarealestate.com\/de\/about\/","og_site_name":"Alira Real Estate - Real estate in the UAE","article_modified_time":"2024-03-27T13:28:47+00:00","twitter_card":"summary_large_image","twitter_misc":{"Gesch\u00e4tzte Lesezeit":"1\u00a0Minute"},"schema":{"@context":"https:\/\/schema.org","@graph":[{"@type":"WebPage","@id":"https:\/\/alirarealestate.com\/de\/about\/","url":"https:\/\/alirarealestate.com\/de\/about\/","name":"Information about Alira Real Estate Agency","isPartOf":{"@id":"https:\/\/alirarealestate.com\/de\/#website"},"datePublished":"2023-10-15T14:59:57+00:00","dateModified":"2024-03-27T13:28:47+00:00","description":"Information about Alira Real Estate Agency: mission, values, and company advantages. \u27a4 Learn more!","breadcrumb":{"@id":"https:\/\/alirarealestate.com\/de\/about\/#breadcrumb"},"inLanguage":"de","potentialAction":[{"@type":"ReadAction","target":["https:\/\/alirarealestate.com\/de\/about\/"]}]},{"@type":"BreadcrumbList","@id":"https:\/\/alirarealestate.com\/de\/about\/#breadcrumb","itemListElement":[{"@type":"ListItem","position":1,"name":"Home","item":"https:\/\/alirarealestate.com\/"},{"@type":"ListItem","position":2,"name":"About Alira"}]},{"@type":"WebSite","@id":"https:\/\/alirarealestate.com\/de\/#website","url":"https:\/\/alirarealestate.com\/de\/","name":"Alira Real Estate - Real estate in the UAE","description":"","potentialAction":[{"@type":"SearchAction","target":{"@type":"EntryPoint","urlTemplate":"https:\/\/alirarealestate.com\/de\/?s={search_term_string}"},"query-input":{"@type":"PropertyValueSpecification","valueRequired":true,"valueName":"search_term_string"}}],"inLanguage":"de"}]}},"_links":{"self":[{"href":"https:\/\/alirarealestate.com\/de\/wp-json\/wp\/v2\/pages\/344"}],"collection":[{"href":"https:\/\/alirarealestate.com\/de\/wp-json\/wp\/v2\/pages"}],"about":[{"href":"https:\/\/alirarealestate.com\/de\/wp-json\/wp\/v2\/types\/page"}],"author":[{"embeddable":true,"href":"https:\/\/alirarealestate.com\/de\/wp-json\/wp\/v2\/users\/1"}],"replies":[{"embeddable":true,"href":"https:\/\/alirarealestate.com\/de\/wp-json\/wp\/v2\/comments?post=344"}],"version-history":[{"count":2,"href":"https:\/\/alirarealestate.com\/de\/wp-json\/wp\/v2\/pages\/344\/revisions"}],"predecessor-version":[{"id":4147,"href":"https:\/\/alirarealestate.com\/de\/wp-json\/wp\/v2\/pages\/344\/revisions\/4147"}],"wp:attachment":[{"href":"https:\/\/alirarealestate.com\/de\/wp-json\/wp\/v2\/media?parent=344"}],"curies":[{"name":"wp","href":"https:\/\/api.w.org\/{rel}","templated":true}]}}