{"id":3,"date":"2023-05-19T11:46:16","date_gmt":"2023-05-19T08:46:16","guid":{"rendered":"https:\/\/alirarealestate.com\/?page_id=3"},"modified":"2024-02-26T23:18:19","modified_gmt":"2024-02-26T20:18:19","slug":"privacy-policy","status":"publish","type":"page","link":"https:\/\/alirarealestate.com\/de\/privacy-policy\/","title":{"rendered":"Datenschutzrichtlinie"},"content":{"rendered":"<p>Ihre Privatsph\u00e4re ist uns sehr wichtig. Wir m\u00f6chten, dass Ihr Interneterlebnis so angenehm und lohnend wie m\u00f6glich ist und dass Sie sich bei der Nutzung der breiten Palette an Informationen, Tools und M\u00f6glichkeiten, die das Internet zu bieten hat, wohl f\u00fchlen.<\/p>\n<p>Pers\u00f6nliche Informationen von Besuchern, die bei der \u00dcbermittlung von Anfragen auf der Website (oder zu einem anderen Zeitpunkt) erfasst werden, werden verwendet, um Produkte oder Dienstleistungen entsprechend Ihren Bed\u00fcrfnissen vorzubereiten und Ratschl\u00e4ge zu Produkten oder Dienstleistungen zu geben. Ihre Daten werden nicht an Dritte weitergegeben oder verkauft.<\/p>\n<p><strong>Welche Daten werden auf der Website erfasst?<\/strong><\/p>\n<p>Wenn Sie eine Anfrage f\u00fcr eine Beratung einreichen, senden Sie Ihren Namen, Ihre Telefonnummer und Ihre E-Mail-Adresse \u00fcber das Kontaktformular.<\/p>\n<p><strong>Zu welchem Zweck werden diese Daten erhoben?<\/strong><\/p>\n<p>Die Nutzung Ihres Namens dient der pers\u00f6nlichen Ansprache, Ihre E-Mail-Adresse dient der Zusendung von Newslettern, Unternehmensnachrichten sowie der Beantwortung Ihrer Fragen. Die Telefonnummer wird ben\u00f6tigt, um Sie f\u00fcr eine Beratung direkt kontaktieren zu k\u00f6nnen.<\/p>\n<p>Ihr Name, Ihre Telefonnummer und Ihre E-Mail-Adresse werden unter keinen Umst\u00e4nden an Dritte weitergegeben, au\u00dfer in F\u00e4llen, die mit der Einhaltung gesetzlicher Anforderungen im Zusammenhang stehen.<\/p>\n<p>Sie k\u00f6nnen sich jederzeit vom Empfang von Mailinglisten abmelden und Ihre Kontaktinformationen aus der Datenbank entfernen, indem Sie den Site-Administrator per E-Mail kontaktieren: lilia@alirarealestate.com.<\/p>\n<p><strong>Wie werden diese Daten verwendet?<\/strong><\/p>\n<p>Auf der Website\u00a0<a href=\"https:\/\/alirarealestate.com\/en\/\">alirarealestate.com<\/a>\u00a0Es werden Cookies und Daten \u00fcber Besucher der Dienste Yandex.Metrica und Google Analytics verwendet.<\/p>\n<p>Anhand dieser Daten werden Informationen \u00fcber die Aktionen der Besucher auf der Website gesammelt, um deren Inhalt zu verbessern, die Funktionalit\u00e4t der Website zu verbessern und dadurch hochwertige Inhalte und Dienste f\u00fcr Besucher zu erstellen.<\/p>\n<p>Sie k\u00f6nnen Ihre Browsereinstellungen jederzeit so \u00e4ndern, dass der Browser alle Cookies blockiert oder Sie benachrichtigt, wenn Cookies gesendet werden. Bitte beachten Sie, dass einige Funktionen und Dienste m\u00f6glicherweise nicht ordnungsgem\u00e4\u00df funktionieren.<\/p>\n<p><strong>Wie werden diese Daten gesch\u00fctzt?<\/strong><\/p>\n<p>Wir nutzen verschiedene administrative, verwaltungstechnische und technische Sicherheitsma\u00dfnahmen, um Ihre personenbezogenen Daten zu sch\u00fctzen. Unser Unternehmen befolgt verschiedene internationale Kontrollstandards f\u00fcr den Umgang mit personenbezogenen Daten, zu denen auch bestimmte Kontrollen zum Schutz der im Internet gesammelten Informationen geh\u00f6ren.<\/p>\n<p>Unsere Mitarbeiter sind darin geschult, diese Kontrollen zu verstehen und einzuhalten und sind mit unserer Datenschutzerkl\u00e4rung sowie unseren Richtlinien und Leitlinien vertraut.<\/p>\n<p>Obwohl wir bestrebt sind, Ihre pers\u00f6nlichen Daten zu sch\u00fctzen, m\u00fcssen Sie auch Ma\u00dfnahmen zu ihrem Schutz ergreifen.<\/p>\n<p>Wir empfehlen Ihnen dringend, alle m\u00f6glichen Vorsichtsma\u00dfnahmen zu treffen, w\u00e4hrend Sie online sind. Die von uns betriebenen Dienste und Websites umfassen Ma\u00dfnahmen zum Schutz vor der Offenlegung, unbefugten Nutzung und \u00c4nderung von Informationen unter unserer Kontrolle. Obwohl wir alle Anstrengungen unternehmen, um die Integrit\u00e4t und Sicherheit unseres Netzwerks und unserer Systeme zu gew\u00e4hrleisten, k\u00f6nnen wir nicht garantieren, dass unsere Sicherheitsma\u00dfnahmen verhindern, dass Hacker Dritter unrechtm\u00e4\u00dfig auf diese Informationen zugreifen.<\/p>\n<p>Sollte sich diese Datenschutzerkl\u00e4rung \u00e4ndern, k\u00f6nnen Sie diese \u00c4nderungen auf dieser Seite nachlesen oder in besonderen F\u00e4llen eine Benachrichtigung per E-Mail erhalten.<\/p>\n<p><strong>Um den Site-Administrator bei Fragen zu kontaktieren, k\u00f6nnen Sie eine E-Mail an lilia@alirarealestate.com schreiben.<\/strong><\/p>","protected":false},"excerpt":{"rendered":"<p>Ihre Privatsph\u00e4re ist uns sehr wichtig. Wir m\u00f6chten, dass Ihr Internet-Erlebnis so angenehm und lohnend wie m\u00f6glich ist und dass Sie sich bei der Nutzung der vielf\u00e4ltigen Informationen, Tools und M\u00f6glichkeiten des Internets wohlf\u00fchlen. Personenbezogene Daten von Besuchern, die bei Anfragen auf der Website (oder zu anderen Zeitpunkten) erhoben werden, werden zur Bereitstellung von Produkten oder Dienstleistungen verwendet \u2026<\/p>","protected":false},"author":1,"featured_media":0,"parent":0,"menu_order":0,"comment_status":"closed","ping_status":"open","template":"","meta":{"inline_featured_image":false,"_glsr_average":0,"_glsr_ranking":0,"_glsr_reviews":0,"footnotes":""},"class_list":["post-3","page","type-page","status-publish","hentry"],"yoast_head":"<!-- This site is optimized with the Yoast SEO Premium plugin v25.1 (Yoast SEO v25.6) - https:\/\/yoast.com\/wordpress\/plugins\/seo\/ -->\n<title>Privacy Policy - Alira Real Estate - Real estate in the UAE<\/title>\n<meta name=\"robots\" content=\"index, follow, max-snippet:-1, max-image-preview:large, max-video-preview:-1\" \/>\n<link rel=\"canonical\" href=\"https:\/\/alirarealestate.com\/de\/privacy-policy\/\" \/>\n<meta property=\"og:locale\" content=\"de_DE\" \/>\n<meta property=\"og:type\" content=\"article\" \/>\n<meta property=\"og:title\" content=\"Privacy Policy\" \/>\n<meta property=\"og:description\" content=\"Your privacy is very important to us. We want your Internet experience to be as enjoyable and rewarding as possible, and for you to feel comfortable using the wide range of information, tools and opportunities that the Internet has to offer. Personal information from visitors collected when submitting requests on the site (or at any other time) is used to prepare Products or Services ...\" \/>\n<meta property=\"og:url\" content=\"https:\/\/alirarealestate.com\/de\/privacy-policy\/\" \/>\n<meta property=\"og:site_name\" content=\"Alira Real Estate - Real estate in the UAE\" \/>\n<meta property=\"article:modified_time\" content=\"2024-02-26T20:18:19+00:00\" \/>\n<meta name=\"twitter:card\" content=\"summary_large_image\" \/>\n<meta name=\"twitter:label1\" content=\"Gesch\u00e4tzte Lesezeit\" \/>\n\t<meta name=\"twitter:data1\" content=\"3\u00a0Minuten\" \/>\n<script type=\"application\/ld+json\" class=\"yoast-schema-graph\">{\"@context\":\"https:\/\/schema.org\",\"@graph\":[{\"@type\":\"WebPage\",\"@id\":\"https:\/\/alirarealestate.com\/de\/privacy-policy\/\",\"url\":\"https:\/\/alirarealestate.com\/de\/privacy-policy\/\",\"name\":\"Privacy Policy - Alira Real Estate - Real estate in the UAE\",\"isPartOf\":{\"@id\":\"https:\/\/alirarealestate.com\/de\/#website\"},\"datePublished\":\"2023-05-19T08:46:16+00:00\",\"dateModified\":\"2024-02-26T20:18:19+00:00\",\"breadcrumb\":{\"@id\":\"https:\/\/alirarealestate.com\/de\/privacy-policy\/#breadcrumb\"},\"inLanguage\":\"de\",\"potentialAction\":[{\"@type\":\"ReadAction\",\"target\":[\"https:\/\/alirarealestate.com\/de\/privacy-policy\/\"]}]},{\"@type\":\"BreadcrumbList\",\"@id\":\"https:\/\/alirarealestate.com\/de\/privacy-policy\/#breadcrumb\",\"itemListElement\":[{\"@type\":\"ListItem\",\"position\":1,\"name\":\"Home\",\"item\":\"https:\/\/alirarealestate.com\/\"},{\"@type\":\"ListItem\",\"position\":2,\"name\":\"Privacy Policy\"}]},{\"@type\":\"WebSite\",\"@id\":\"https:\/\/alirarealestate.com\/de\/#website\",\"url\":\"https:\/\/alirarealestate.com\/de\/\",\"name\":\"Alira Real Estate - Real estate in the UAE\",\"description\":\"\",\"potentialAction\":[{\"@type\":\"SearchAction\",\"target\":{\"@type\":\"EntryPoint\",\"urlTemplate\":\"https:\/\/alirarealestate.com\/de\/?s={search_term_string}\"},\"query-input\":{\"@type\":\"PropertyValueSpecification\",\"valueRequired\":true,\"valueName\":\"search_term_string\"}}],\"inLanguage\":\"de\"}]}<\/script>\n<!-- \/ Yoast SEO Premium plugin. -->","yoast_head_json":{"title":"Privacy Policy - Alira Real Estate - Real estate in the UAE","robots":{"index":"index","follow":"follow","max-snippet":"max-snippet:-1","max-image-preview":"max-image-preview:large","max-video-preview":"max-video-preview:-1"},"canonical":"https:\/\/alirarealestate.com\/de\/privacy-policy\/","og_locale":"de_DE","og_type":"article","og_title":"Privacy Policy","og_description":"Your privacy is very important to us. We want your Internet experience to be as enjoyable and rewarding as possible, and for you to feel comfortable using the wide range of information, tools and opportunities that the Internet has to offer. Personal information from visitors collected when submitting requests on the site (or at any other time) is used to prepare Products or Services ...","og_url":"https:\/\/alirarealestate.com\/de\/privacy-policy\/","og_site_name":"Alira Real Estate - Real estate in the UAE","article_modified_time":"2024-02-26T20:18:19+00:00","twitter_card":"summary_large_image","twitter_misc":{"Gesch\u00e4tzte Lesezeit":"3\u00a0Minuten"},"schema":{"@context":"https:\/\/schema.org","@graph":[{"@type":"WebPage","@id":"https:\/\/alirarealestate.com\/de\/privacy-policy\/","url":"https:\/\/alirarealestate.com\/de\/privacy-policy\/","name":"Privacy Policy - Alira Real Estate - Real estate in the UAE","isPartOf":{"@id":"https:\/\/alirarealestate.com\/de\/#website"},"datePublished":"2023-05-19T08:46:16+00:00","dateModified":"2024-02-26T20:18:19+00:00","breadcrumb":{"@id":"https:\/\/alirarealestate.com\/de\/privacy-policy\/#breadcrumb"},"inLanguage":"de","potentialAction":[{"@type":"ReadAction","target":["https:\/\/alirarealestate.com\/de\/privacy-policy\/"]}]},{"@type":"BreadcrumbList","@id":"https:\/\/alirarealestate.com\/de\/privacy-policy\/#breadcrumb","itemListElement":[{"@type":"ListItem","position":1,"name":"Home","item":"https:\/\/alirarealestate.com\/"},{"@type":"ListItem","position":2,"name":"Privacy Policy"}]},{"@type":"WebSite","@id":"https:\/\/alirarealestate.com\/de\/#website","url":"https:\/\/alirarealestate.com\/de\/","name":"Alira Real Estate - Real estate in the UAE","description":"","potentialAction":[{"@type":"SearchAction","target":{"@type":"EntryPoint","urlTemplate":"https:\/\/alirarealestate.com\/de\/?s={search_term_string}"},"query-input":{"@type":"PropertyValueSpecification","valueRequired":true,"valueName":"search_term_string"}}],"inLanguage":"de"}]}},"_links":{"self":[{"href":"https:\/\/alirarealestate.com\/de\/wp-json\/wp\/v2\/pages\/3"}],"collection":[{"href":"https:\/\/alirarealestate.com\/de\/wp-json\/wp\/v2\/pages"}],"about":[{"href":"https:\/\/alirarealestate.com\/de\/wp-json\/wp\/v2\/types\/page"}],"author":[{"embeddable":true,"href":"https:\/\/alirarealestate.com\/de\/wp-json\/wp\/v2\/users\/1"}],"replies":[{"embeddable":true,"href":"https:\/\/alirarealestate.com\/de\/wp-json\/wp\/v2\/comments?post=3"}],"version-history":[{"count":1,"href":"https:\/\/alirarealestate.com\/de\/wp-json\/wp\/v2\/pages\/3\/revisions"}],"predecessor-version":[{"id":3887,"href":"https:\/\/alirarealestate.com\/de\/wp-json\/wp\/v2\/pages\/3\/revisions\/3887"}],"wp:attachment":[{"href":"https:\/\/alirarealestate.com\/de\/wp-json\/wp\/v2\/media?parent=3"}],"curies":[{"name":"wp","href":"https:\/\/api.w.org\/{rel}","templated":true}]}}