{"id":2970,"date":"2024-01-29T23:58:30","date_gmt":"2024-01-29T20:58:30","guid":{"rendered":"https:\/\/alirarealestate.com\/?page_id=2970"},"modified":"2024-03-27T16:36:15","modified_gmt":"2024-03-27T13:36:15","slug":"review","status":"publish","type":"page","link":"https:\/\/alirarealestate.com\/de\/review\/","title":{"rendered":"Referenzen"},"content":{"rendered":"<section class=\"wpb-content-wrapper\"><div class=\"vc_row wpb_row vc_row-fluid vc_row\"><div class=\"wpb_column vc_column_container vc_col-sm-12 vc_column\"><div class=\"vc_column-inner\"><div class=\"wpb_wrapper\">\n\t<div class=\"wpb_text_column wpb_content_element  vc_column_text\" >\n\t\t<div class=\"wpb_wrapper\">\n\t\t\t<div class=\"wpb_text_column wpb_content_element vc_column_text\">\n<div class=\"wpb_wrapper\">\n<p>Hinterlassen Sie Ihr Feedback zur Zusammenarbeit mit unserem Unternehmen. Nach der Moderation erscheint die Rezension in diesem Abschnitt.<\/p>\n<\/div>\n<\/div>\n\n\t\t<\/div>\n\t<\/div>\n<div class=\"vc_tta-container\" data-vc-action=\"collapseAll\"><div class=\"vc_general vc_tta vc_tta-accordion vc_tta-color-white vc_tta-style-flat vc_tta-shape-square vc_tta-o-shape-group vc_tta-controls-align-left vc_tta-o-no-fill vc_tta-o-all-clickable wpestate_accordion vc_tta_accordion\"><div class=\"vc_tta-panels-container\"><div class=\"vc_tta-panels\"><div class=\"vc_tta-panel\" id=\"1706620090865-af441b8e-9b3a\" data-vc-content=\".vc_tta-panel-body\"><div class=\"vc_tta-panel-heading\"><h4 class=\"vc_tta-panel-title\"><a href=\"#1706620090865-af441b8e-9b3a\" data-vc-accordion data-vc-container=\".vc_tta-container\"><span class=\"vc_tta-title-text\">Bewertung hinzuf\u00fcgen<\/span><\/a><\/h4><\/div><div class=\"vc_tta-panel-body\">\n\t<div class=\"wpb_text_column wpb_content_element  vc_column_text\" >\n\t\t<div class=\"wpb_wrapper\">\n\t\t\t<div class=\"glsr glsr-default\" id=\"glsr_db7add49\" data-from=\"shortcode\" data-shortcode=\"site_reviews_form\" data-hide=\"email\"><div class=\"glsr-form-wrap\">\n    <form class=\"glsr-review-form glsr-form\" method=\"post\" enctype=\"multipart\/form-data\" action=\"\">\n        <input type=\"hidden\" name=\"site-reviews[_action]\" value=\"submit-review\" \/>\n<input type=\"hidden\" name=\"site-reviews[_nonce]\" value=\"4437d52e1b\" \/>\n<input type=\"hidden\" name=\"site-reviews[_post_id]\" value=\"2970\" \/>\n<input type=\"hidden\" name=\"site-reviews[_referer]\" value=\"\" \/>\n<input type=\"hidden\" name=\"site-reviews[assigned_posts]\" value=\"\" \/>\n<input type=\"hidden\" name=\"site-reviews[assigned_terms]\" value=\"\" \/>\n<input type=\"hidden\" name=\"site-reviews[assigned_users]\" value=\"\" \/>\n<input type=\"hidden\" name=\"site-reviews[excluded]\" value=\"email\" \/>\n<input type=\"hidden\" name=\"site-reviews[form_id]\" value=\"glsr_db7add49\" \/>\n<input type=\"hidden\" name=\"site-reviews[terms_exist]\" value=\"1\" \/>\n<input type=\"hidden\" name=\"site-reviews[form_signature]\" value=\"cerg58a_Y5Y-zEgBaxa6CEsmZMQKNHNuyF5rbQnAphCln7BbXzNFYz83A_NaJkSXKrznH_2MEGvy47jS5kq8DoC2fB_66Bs8K3JnuFCknMBXkoDhEiNFg1lvRt_FJwwJsBeP3_gDZT4TiJnHFclc-IxEkFTb-yFj1AbUmvHuzpWoJcZ081Fstk8tGkC_ImQe-9YojPk7XqksJR1fr7NuNxx_R81ctzCORSZhvFYS5X5F8r6w16uDq7cVwyzdsRhU1nxO1U0FQfcRegUfaUAMUCSzePmGGkJP_cazvZCGs7ep8jhH5Q9ObJ4Fu5Iwv2kwy-ce5IhY68cK6Rw9uz5p4e2Uu2iiAZ8EJL_-LI2ZFYP6bVwt143lmJgvRGBSSjxVxT1A2n9f-tTMIe1stcf1arc1tYzgPOBSBQ\" \/>\n<div class=\"glsr-field\" style=\"display:none;\"><label for=\"site-reviews-b5bf9ad5-glsr_db7add49\">Deine Rezension<\/label><input type=\"text\" class=\"glsr-input glsr-input-text\" id=\"site-reviews-b5bf9ad5-glsr_db7add49\" name=\"site-reviews[b5bf9ad5]\" value=\"\" \/><\/div>\n<div class=\"glsr-field glsr-field-rating glsr-required\" data-field=\"rating\">\n    <label class=\"glsr-label\" for=\"glsr_db7add49-rating\">\n    <span>Deine Gesamtbewertung<\/span>\n<\/label>\n    <select class=\"browser-default disable-select no_wrap no-wrap glsr-select\" id=\"glsr_db7add49-rating\" name=\"site-reviews[rating]\" required><option value=\"\">Gib eine Bewertung<\/option><option value=\"5\">5 Sterne<\/option><option value=\"4\">4 Sterne<\/option><option value=\"3\">3 Sterne<\/option><option value=\"2\">2 Sterne<\/option><option value=\"1\">1 Stern<\/option><\/select>\n    <div class=\"glsr-field-error\"><\/div>\n<\/div>\n<div class=\"glsr-field glsr-field-text\" data-field=\"title\">\n    <label class=\"glsr-label\" for=\"glsr_db7add49-title\">\n    <span>Titel Deiner Bewertung<\/span>\n<\/label>\n    <input type=\"text\" class=\"glsr-input glsr-input-text\" id=\"glsr_db7add49-title\" name=\"site-reviews[title]\" placeholder=\"Fasse Deine Bewertung zusammen oder greife ein interessantes Detail heraus\" value=\"\" \/>\n    <div class=\"glsr-field-error\"><\/div>\n<\/div>\n<div class=\"glsr-field glsr-field-textarea glsr-required\" data-field=\"content\">\n    <label class=\"glsr-label\" for=\"glsr_db7add49-content\">\n    <span>Deine Rezension<\/span>\n<\/label>\n    <textarea class=\"glsr-textarea\" id=\"glsr_db7add49-content\" name=\"site-reviews[content]\" required placeholder=\"Ver\u00f6ffentlicht Deine Bewertung\" rows=\"5\"><\/textarea>\n    <div class=\"glsr-field-error\"><\/div>\n<\/div>\n<div class=\"glsr-field glsr-field-text glsr-required\" data-field=\"name\">\n    <label class=\"glsr-label\" for=\"glsr_db7add49-name\">\n    <span>Dein Name<\/span>\n<\/label>\n    <input type=\"text\" class=\"glsr-input glsr-input-text\" id=\"glsr_db7add49-name\" name=\"site-reviews[name]\" required placeholder=\"Nenne uns Deinen Namen\" value=\"\" \/>\n    <div class=\"glsr-field-error\"><\/div>\n<\/div>\n<div class=\"glsr-field glsr-field-choice\" data-field=\"terms\">\n    \n    <span class=\"glsr-field-toggle\">\n    <span class=\"glsr-toggle\">\n        <label for=\"glsr_db7add49-terms-1\">Diese Bewertung basiert auf meiner pers\u00f6nlichen Erfahrung und entspricht meiner eigenen Meinung.<\/label>\n        <span class=\"glsr-toggle-switch\">\n            <input type=\"checkbox\" class=\"glsr-input-toggle\" id=\"glsr_db7add49-terms-1\" name=\"site-reviews[terms]\" value=\"1\" \/> &#8203; <!-- zero-space character used for alignment -->\n            <span class=\"glsr-toggle-track\"><\/span>\n        <\/span>\n    <\/span>\n<\/span>\n    <div class=\"glsr-field-error\"><\/div>\n<\/div>\n        <div class=\"glsr-form-message\">\n    \n<\/div>\n        <div data-field=\"submit-button\">\n    <div class=\"wp-block-buttons is-layout-flex\">\n        <div class=\"wp-block-button\">\n            <button type=\"submit\" class=\"glsr-button wp-block-button__link wp-element-button\" aria-busy=\"false\" data-loading=\"Submitting, please wait...\">Bewertung abschicken<\/button>\n        <\/div>\n    <\/div>\n<\/div>\n    <input type=\"hidden\" name=\"trp-form-language\" value=\"de\"\/><\/form>\n<\/div><\/div>\n\n\t\t<\/div>\n\t<\/div>\n<\/div><\/div><\/div><\/div><\/div><\/div><div class=\"vc_row wpb_row vc_inner vc_row-fluid vc_row_inner\"><div class=\"wpb_column vc_column_container vc_col-sm-12 vc_column_inner\"><div class=\"vc_column-inner\"><div class=\"wpb_wrapper\">\n\t<div class=\"wpb_text_column wpb_content_element  vc_column_text\" >\n\t\t<div class=\"wpb_wrapper\">\n\t\t\t<div class=\"glsr glsr-default\" id=\"glsr_794424f1\" data-from=\"shortcode\" data-shortcode=\"site_reviews\" data-display=\"10\" data-pagination=\"ajax\"><div class=\"glsr-reviews-wrap\">\n    <div class=\"glsr-reviews\">\n        <div class=\"glsr-review\" data-type=\"local\" id=\"review-7789\" data-assigned='[]'>\n    <div class=\"glsr-review-title\"><h4 class=\"glsr-tag-value\">\u041f\u043e\u043a\u0443\u043f\u043a\u0430<\/h4><\/div>\n    <div class=\"glsr-review-rating\"><div class=\"glsr-star-rating glsr-stars\" role=\"img\" aria-label=\"Bewertet mit 5 von 5 Sternen\" data-rating=\"5\" data-reviews=\"0\"><span class=\"glsr-star glsr-star-full\" aria-hidden=\"true\"><\/span><span class=\"glsr-star glsr-star-full\" aria-hidden=\"true\"><\/span><span class=\"glsr-star glsr-star-full\" aria-hidden=\"true\"><\/span><span class=\"glsr-star glsr-star-full\" aria-hidden=\"true\"><\/span><span class=\"glsr-star glsr-star-full\" aria-hidden=\"true\"><\/span><\/div><\/div> <div class=\"glsr-review-date\"><span class=\"glsr-tag-value\">11 August 2025 \u0433.<\/span><\/div>\n    \n    <div class=\"glsr-review-content\"><div class=\"glsr-tag-value\" data-expanded=\"false\"><p>Die Wohnung wurde neu gekauft \u2013 und das war schon so!<\/p>\n<p>Es dauerte lange, bis die Leute in Dubai eintrafen und es sich nicht mehr leisten konnten, was die meisten Leute sagten. Der Agent Arjun von Alira Real Estate hat den Prozess maximal erfolgreich durchgef\u00fchrt.<\/p>\n<p>Ich habe mir keine Videoclips aus dem Apartment angesehen, alle Dokumente f\u00fcr Tests hinzugef\u00fcgt und sie im Internet ver\u00f6ffentlicht.<\/p>\n<p>Die Wohnung wurde vor etwa 2 Monaten in der Woche und vor mehr als 30 Jahren vermietet. Kleinere und professionelle Agenten. Wenn Sie planen, einen Kauf zu t\u00e4tigen, m\u00fcssen Sie nichts anderes tun.<\/p>\n<\/div><\/div>\n     <div class=\"glsr-review-author\"><span class=\"glsr-tag-value\">Anton<\/span><\/div> \n    \n<\/div>\n<div class=\"glsr-review\" data-type=\"local\" id=\"review-7787\" data-assigned='[]'>\n    <div class=\"glsr-review-title\"><h4 class=\"glsr-tag-value\">\u041f\u043e\u043a\u0443\u043f\u043a\u0430<\/h4><\/div>\n    <div class=\"glsr-review-rating\"><div class=\"glsr-star-rating glsr-stars\" role=\"img\" aria-label=\"Bewertet mit 5 von 5 Sternen\" data-rating=\"5\" data-reviews=\"0\"><span class=\"glsr-star glsr-star-full\" aria-hidden=\"true\"><\/span><span class=\"glsr-star glsr-star-full\" aria-hidden=\"true\"><\/span><span class=\"glsr-star glsr-star-full\" aria-hidden=\"true\"><\/span><span class=\"glsr-star glsr-star-full\" aria-hidden=\"true\"><\/span><span class=\"glsr-star glsr-star-full\" aria-hidden=\"true\"><\/span><\/div><\/div> <div class=\"glsr-review-date\"><span class=\"glsr-tag-value\">11 August 2025 \u0433.<\/span><\/div>\n    \n    <div class=\"glsr-review-content\"><div class=\"glsr-tag-value\" data-expanded=\"false\"><p>Sparen Sie Geld und Geld!<\/p>\n<p>Ich habe bereits einen Agenten ausgew\u00e4hlt, der dies tun kann, und Alira Real Estate hat einen erfolgreichen Antrag gestellt. Der Agent hat mir nicht die M\u00f6glichkeit gegeben, meine neue Variante auszuprobieren, da er mir nur die Vorteile und einige wenige Vorteile beschert hat.<\/p>\n<p>Nachdem ich das Studium abgeschlossen hatte, wurde ich mit der Installation konfrontiert und kontrollierte alle Phasen des Prozesses. Nach dem Kauf wurden alle meine Anfragen von der Gemeinde abgelehnt und ich habe eine Wohnung erstellt, die nicht mehr ben\u00f6tigt wird! Meine Empfehlung lautet: Es handelt sich um einen Jungen, der in Dubai lebt.<\/p>\n<\/div><\/div>\n     <div class=\"glsr-review-author\"><span class=\"glsr-tag-value\">\u0410\u043b\u0438\u043d\u0430<\/span><\/div> \n    \n<\/div>\n<div class=\"glsr-review\" data-type=\"local\" id=\"review-7785\" data-assigned='[]'>\n    <div class=\"glsr-review-title\"><h4 class=\"glsr-tag-value\">Wohnungskauf<\/h4><\/div>\n    <div class=\"glsr-review-rating\"><div class=\"glsr-star-rating glsr-stars\" role=\"img\" aria-label=\"Bewertet mit 5 von 5 Sternen\" data-rating=\"5\" data-reviews=\"0\"><span class=\"glsr-star glsr-star-full\" aria-hidden=\"true\"><\/span><span class=\"glsr-star glsr-star-full\" aria-hidden=\"true\"><\/span><span class=\"glsr-star glsr-star-full\" aria-hidden=\"true\"><\/span><span class=\"glsr-star glsr-star-full\" aria-hidden=\"true\"><\/span><span class=\"glsr-star glsr-star-full\" aria-hidden=\"true\"><\/span><\/div><\/div> <div class=\"glsr-review-date\"><span class=\"glsr-tag-value\">11 August 2025 \u0433.<\/span><\/div>\n    \n    <div class=\"glsr-review-content\"><div class=\"glsr-tag-value\" data-expanded=\"false\"><p>Schnell, professionell und ohne unn\u00f6tigen Stress<\/p>\n<p>Ich habe mich auf Empfehlung eines Freundes an Alira Real Estate gewandt und es nie bereut! Ich wurde von Maklerin Lilia beraten \u2013 der Kontakt war sehr angenehm. Vom ersten Tag an erkl\u00e4rte sie mir alle Schritte der Transaktion ausf\u00fchrlich, w\u00e4hlte verschiedene Optionen f\u00fcr mein Budget aus und half mir beim Papierkram.<\/p>\n<p>Das Coolste ist, dass Lilia auch nach dem Kauf nicht verschwunden ist: Sie half bei der Auswahl der Mieter und der Vertragsabwicklung. Jetzt bringt meine Wohnung ein regelm\u00e4\u00dfiges Einkommen. Wenn Sie einen zuverl\u00e4ssigen Makler in Dubai suchen, kommen Sie einfach hierher!<\/p>\n<\/div><\/div>\n     <div class=\"glsr-review-author\"><span class=\"glsr-tag-value\">Valerija<\/span><\/div> \n    \n<\/div>\n<div class=\"glsr-review\" data-type=\"local\" id=\"review-5802\" data-assigned='[]'>\n    <div class=\"glsr-review-title\"><h4 class=\"glsr-tag-value\">Arend<\/h4><\/div>\n    <div class=\"glsr-review-rating\"><div class=\"glsr-star-rating glsr-stars\" role=\"img\" aria-label=\"Bewertet mit 5 von 5 Sternen\" data-rating=\"5\" data-reviews=\"0\"><span class=\"glsr-star glsr-star-full\" aria-hidden=\"true\"><\/span><span class=\"glsr-star glsr-star-full\" aria-hidden=\"true\"><\/span><span class=\"glsr-star glsr-star-full\" aria-hidden=\"true\"><\/span><span class=\"glsr-star glsr-star-full\" aria-hidden=\"true\"><\/span><span class=\"glsr-star glsr-star-full\" aria-hidden=\"true\"><\/span><\/div><\/div> <div class=\"glsr-review-date\"><span class=\"glsr-tag-value\">10. Oktober 2024<\/span><\/div>\n    \n    <div class=\"glsr-review-content\"><div class=\"glsr-tag-value\" data-expanded=\"false\"><p>Dolgo hat eine Wohnung in Dubai in der T\u00fcrkei gebucht, sie hat sich sehr wohl gef\u00fchlt. Ich habe Ihnen noch nicht gesagt, dass Sie Apartments ausgew\u00e4hlt haben, die ideal f\u00fcr meine Zwecke geeignet sind<\/p>\n<p>Vielen Dank, Nail.<\/p>\n<\/div><\/div>\n     <div class=\"glsr-review-author\"><span class=\"glsr-tag-value\">Anastasie<\/span><\/div> \n    \n<\/div>\n<div class=\"glsr-review\" data-type=\"local\" id=\"review-3834\" data-assigned='[]'>\n    <div class=\"glsr-review-title\"><h4 class=\"glsr-tag-value\">Mieten<\/h4><\/div>\n    <div class=\"glsr-review-rating\"><div class=\"glsr-star-rating glsr-stars\" role=\"img\" aria-label=\"Bewertet mit 5 von 5 Sternen\" data-rating=\"5\" data-reviews=\"0\"><span class=\"glsr-star glsr-star-full\" aria-hidden=\"true\"><\/span><span class=\"glsr-star glsr-star-full\" aria-hidden=\"true\"><\/span><span class=\"glsr-star glsr-star-full\" aria-hidden=\"true\"><\/span><span class=\"glsr-star glsr-star-full\" aria-hidden=\"true\"><\/span><span class=\"glsr-star glsr-star-full\" aria-hidden=\"true\"><\/span><\/div><\/div> <div class=\"glsr-review-date\"><span class=\"glsr-tag-value\">13. Februar 2024 \u0433.<\/span><\/div>\n    \n    <div class=\"glsr-review-content\"><div class=\"glsr-tag-value\" data-expanded=\"false\"><p>Die Spezialisten von Alira Real Estate haben f\u00fcr uns schnell eine hervorragende Option f\u00fcr eine einj\u00e4hrige Miete in der Innenstadt gefunden. Ich m\u00f6chte die Arbeit dieses Unternehmens hinsichtlich des Preis-Leistungs-Verh\u00e4ltnisses und der Ber\u00fccksichtigung der W\u00fcnsche des Kunden positiv hervorheben.<\/p>\n<\/div><\/div>\n     <div class=\"glsr-review-author\"><span class=\"glsr-tag-value\">Joel<\/span><\/div> \n    \n<\/div>\n<div class=\"glsr-review\" data-type=\"local\" id=\"review-3690\" data-assigned='[]'>\n    <div class=\"glsr-review-title\"><h4 class=\"glsr-tag-value\">Wohnungskauf<\/h4><\/div>\n    <div class=\"glsr-review-rating\"><div class=\"glsr-star-rating glsr-stars\" role=\"img\" aria-label=\"Bewertet mit 5 von 5 Sternen\" data-rating=\"5\" data-reviews=\"0\"><span class=\"glsr-star glsr-star-full\" aria-hidden=\"true\"><\/span><span class=\"glsr-star glsr-star-full\" aria-hidden=\"true\"><\/span><span class=\"glsr-star glsr-star-full\" aria-hidden=\"true\"><\/span><span class=\"glsr-star glsr-star-full\" aria-hidden=\"true\"><\/span><span class=\"glsr-star glsr-star-full\" aria-hidden=\"true\"><\/span><\/div><\/div> <div class=\"glsr-review-date\"><span class=\"glsr-tag-value\">07. Februar 2024 \u0433.<\/span><\/div>\n    \n    <div class=\"glsr-review-content\"><div class=\"glsr-tag-value\" data-expanded=\"false\"><p>Wir haben in der Off-Plan-Phase eine Wohnung mit 2 Schlafzimmern in JVC Binghatti Crest gekauft. Die Spezialisten von Alira Real Estate leisteten umfassende Unterst\u00fctzung beim Kauf, von der Auswahl der Gegend, des Geb\u00e4udes, der konkreten Wohnung, der Zahlungsmethoden bis hin zur \u00dcbernahme der Wohnung und der anschlie\u00dfenden Schl\u00fcssel\u00fcbergabe.<\/p>\n<p>Die Eindr\u00fccke sind nur positiv, ich empfehle es jedem!<\/p>\n<\/div><\/div>\n     <div class=\"glsr-review-author\"><span class=\"glsr-tag-value\">Alex<\/span><\/div> \n    \n<\/div>\n    <\/div>\n    \n<\/div><\/div>\n\n\t\t<\/div>\n\t<\/div>\n<\/div><\/div><\/div><\/div><\/div><\/div><\/div><\/div>\n<\/section>","protected":false},"excerpt":{"rendered":"Leave your feedback about working with our company. After moderation, the review will appear in this section. Add a review Deine Rezension Deine Gesamtbewertung Gib eine Punktzahl5 Sterne4 Sterne3 Sterne2 Sterne1 Stern Titel Deiner Bewertung Deine Rezension Dein Name Diese Bewertung basiert auf meiner pers\u00f6nlichen Erfahrung und entspricht meiner eigenen Meinung. &#8203; Submit Review \u041f\u043e\u043a\u0443\u043f\u043a\u0430 11 August 2025 \u0433. \u041a\u0443\u043f\u0438\u043b \u043a\u0432\u0430\u0440\u0442\u0438\u0440\u0443 \u0443\u0434\u0430\u043b\u0435\u043d\u043d\u043e \u2014 \u0438 ...","protected":false},"author":1,"featured_media":0,"parent":0,"menu_order":0,"comment_status":"closed","ping_status":"closed","template":"","meta":{"inline_featured_image":false,"_glsr_average":0,"_glsr_ranking":0,"_glsr_reviews":0,"footnotes":""},"class_list":["post-2970","page","type-page","status-publish","hentry"],"yoast_head":"<!-- This site is optimized with the Yoast SEO Premium plugin v25.1 (Yoast SEO v25.6) - https:\/\/yoast.com\/wordpress\/plugins\/seo\/ -->\n<title>Reviews about Alira Real Estate Agency<\/title>\n<meta name=\"description\" content=\"Reviews about the work of Alira Real Estate Agency. \u27a4 Read and leave reviews on the website\" \/>\n<meta name=\"robots\" content=\"index, follow, max-snippet:-1, max-image-preview:large, max-video-preview:-1\" \/>\n<link rel=\"canonical\" href=\"https:\/\/alirarealestate.com\/de\/review\/\" \/>\n<meta property=\"og:locale\" content=\"de_DE\" \/>\n<meta property=\"og:type\" content=\"article\" \/>\n<meta property=\"og:title\" content=\"Testimonials\" \/>\n<meta property=\"og:description\" content=\"Reviews about the work of Alira Real Estate Agency. \u27a4 Read and leave reviews on the website\" \/>\n<meta property=\"og:url\" content=\"https:\/\/alirarealestate.com\/de\/review\/\" \/>\n<meta property=\"og:site_name\" content=\"Alira Real Estate - Real estate in the UAE\" \/>\n<meta property=\"article:modified_time\" content=\"2024-03-27T13:36:15+00:00\" \/>\n<meta name=\"twitter:card\" content=\"summary_large_image\" \/>\n<meta name=\"twitter:label1\" content=\"Gesch\u00e4tzte Lesezeit\" \/>\n\t<meta name=\"twitter:data1\" content=\"1\u00a0Minute\" \/>\n<script type=\"application\/ld+json\" class=\"yoast-schema-graph\">{\"@context\":\"https:\/\/schema.org\",\"@graph\":[{\"@type\":\"WebPage\",\"@id\":\"https:\/\/alirarealestate.com\/de\/review\/\",\"url\":\"https:\/\/alirarealestate.com\/de\/review\/\",\"name\":\"Reviews about Alira Real Estate Agency\",\"isPartOf\":{\"@id\":\"https:\/\/alirarealestate.com\/de\/#website\"},\"datePublished\":\"2024-01-29T20:58:30+00:00\",\"dateModified\":\"2024-03-27T13:36:15+00:00\",\"description\":\"Reviews about the work of Alira Real Estate Agency. \u27a4 Read and leave reviews on the website\",\"breadcrumb\":{\"@id\":\"https:\/\/alirarealestate.com\/de\/review\/#breadcrumb\"},\"inLanguage\":\"de\",\"potentialAction\":[{\"@type\":\"ReadAction\",\"target\":[\"https:\/\/alirarealestate.com\/de\/review\/\"]}]},{\"@type\":\"BreadcrumbList\",\"@id\":\"https:\/\/alirarealestate.com\/de\/review\/#breadcrumb\",\"itemListElement\":[{\"@type\":\"ListItem\",\"position\":1,\"name\":\"Home\",\"item\":\"https:\/\/alirarealestate.com\/\"},{\"@type\":\"ListItem\",\"position\":2,\"name\":\"Testimonials\"}]},{\"@type\":\"WebSite\",\"@id\":\"https:\/\/alirarealestate.com\/de\/#website\",\"url\":\"https:\/\/alirarealestate.com\/de\/\",\"name\":\"Alira Real Estate - Real estate in the UAE\",\"description\":\"\",\"potentialAction\":[{\"@type\":\"SearchAction\",\"target\":{\"@type\":\"EntryPoint\",\"urlTemplate\":\"https:\/\/alirarealestate.com\/de\/?s={search_term_string}\"},\"query-input\":{\"@type\":\"PropertyValueSpecification\",\"valueRequired\":true,\"valueName\":\"search_term_string\"}}],\"inLanguage\":\"de\"}]}<\/script>\n<!-- \/ Yoast SEO Premium plugin. -->","yoast_head_json":{"title":"Reviews about Alira Real Estate Agency","description":"Reviews about the work of Alira Real Estate Agency. \u27a4 Read and leave reviews on the website","robots":{"index":"index","follow":"follow","max-snippet":"max-snippet:-1","max-image-preview":"max-image-preview:large","max-video-preview":"max-video-preview:-1"},"canonical":"https:\/\/alirarealestate.com\/de\/review\/","og_locale":"de_DE","og_type":"article","og_title":"Testimonials","og_description":"Reviews about the work of Alira Real Estate Agency. \u27a4 Read and leave reviews on the website","og_url":"https:\/\/alirarealestate.com\/de\/review\/","og_site_name":"Alira Real Estate - Real estate in the UAE","article_modified_time":"2024-03-27T13:36:15+00:00","twitter_card":"summary_large_image","twitter_misc":{"Gesch\u00e4tzte Lesezeit":"1\u00a0Minute"},"schema":{"@context":"https:\/\/schema.org","@graph":[{"@type":"WebPage","@id":"https:\/\/alirarealestate.com\/de\/review\/","url":"https:\/\/alirarealestate.com\/de\/review\/","name":"Reviews about Alira Real Estate Agency","isPartOf":{"@id":"https:\/\/alirarealestate.com\/de\/#website"},"datePublished":"2024-01-29T20:58:30+00:00","dateModified":"2024-03-27T13:36:15+00:00","description":"Reviews about the work of Alira Real Estate Agency. \u27a4 Read and leave reviews on the website","breadcrumb":{"@id":"https:\/\/alirarealestate.com\/de\/review\/#breadcrumb"},"inLanguage":"de","potentialAction":[{"@type":"ReadAction","target":["https:\/\/alirarealestate.com\/de\/review\/"]}]},{"@type":"BreadcrumbList","@id":"https:\/\/alirarealestate.com\/de\/review\/#breadcrumb","itemListElement":[{"@type":"ListItem","position":1,"name":"Home","item":"https:\/\/alirarealestate.com\/"},{"@type":"ListItem","position":2,"name":"Testimonials"}]},{"@type":"WebSite","@id":"https:\/\/alirarealestate.com\/de\/#website","url":"https:\/\/alirarealestate.com\/de\/","name":"Alira Real Estate - Real estate in the UAE","description":"","potentialAction":[{"@type":"SearchAction","target":{"@type":"EntryPoint","urlTemplate":"https:\/\/alirarealestate.com\/de\/?s={search_term_string}"},"query-input":{"@type":"PropertyValueSpecification","valueRequired":true,"valueName":"search_term_string"}}],"inLanguage":"de"}]}},"_links":{"self":[{"href":"https:\/\/alirarealestate.com\/de\/wp-json\/wp\/v2\/pages\/2970"}],"collection":[{"href":"https:\/\/alirarealestate.com\/de\/wp-json\/wp\/v2\/pages"}],"about":[{"href":"https:\/\/alirarealestate.com\/de\/wp-json\/wp\/v2\/types\/page"}],"author":[{"embeddable":true,"href":"https:\/\/alirarealestate.com\/de\/wp-json\/wp\/v2\/users\/1"}],"replies":[{"embeddable":true,"href":"https:\/\/alirarealestate.com\/de\/wp-json\/wp\/v2\/comments?post=2970"}],"version-history":[{"count":1,"href":"https:\/\/alirarealestate.com\/de\/wp-json\/wp\/v2\/pages\/2970\/revisions"}],"predecessor-version":[{"id":4149,"href":"https:\/\/alirarealestate.com\/de\/wp-json\/wp\/v2\/pages\/2970\/revisions\/4149"}],"wp:attachment":[{"href":"https:\/\/alirarealestate.com\/de\/wp-json\/wp\/v2\/media?parent=2970"}],"curies":[{"name":"wp","href":"https:\/\/api.w.org\/{rel}","templated":true}]}}